{"id":99974,"date":"2024-11-23T13:33:36","date_gmt":"2024-11-23T18:33:36","guid":{"rendered":"https:\/\/www.lebouquet.com\/liatris\/"},"modified":"2025-08-13T06:17:43","modified_gmt":"2025-08-13T10:17:43","slug":"liatris","status":"publish","type":"product","link":"https:\/\/lebouquet.brstdev.com\/fr\/liatris\/","title":{"rendered":"Liatris &#8211; en vrac"},"content":{"rendered":"<p><strong><u>*Pour garantir la disponibilit\u00e9, veuillez passer vos commandes au moins 2-3 semaines \u00e0 l&rsquo;avance.<\/u><\/strong><\/p>\n<p>Ajoutez une \u00e9l\u00e9gance verticale et une couleur vibrante \u00e0 vos arrangements floraux avec le <strong>Liatris<\/strong>, une fleur remarquable connue pour ses longues tiges \u00e9pineuses et ses teintes violettes profondes. Id\u00e9al pour les projets DIY, le Liatris sublime les bouquets, centres de table et d\u00e9corations d&rsquo;\u00e9v\u00e9nements gr\u00e2ce \u00e0 sa forme et sa texture uniques. Sa polyvalence le rend parfait pour les designs modernes, rustiques ou saisonniers. Disponible en vrac en options de 10, 30, 60, 90 ou 120 tiges, le Liatris est un excellent choix pour cr\u00e9er des compositions audacieuses et saisissantes.<\/p>\n","protected":false},"excerpt":{"rendered":"<p>*Pour garantir la disponibilit\u00e9, veuillez passer vos commandes au moins 2-3 semaines \u00e0 l&rsquo;avance. Ajoutez une \u00e9l\u00e9gance verticale et une couleur vibrante \u00e0 vos arrangements floraux avec le Liatris, une fleur remarquable connue pour ses longues tiges \u00e9pineuses et ses teintes violettes profondes. Id\u00e9al pour les projets DIY, le Liatris sublime les bouquets, centres de [&hellip;]<\/p>\n","protected":false},"featured_media":99959,"comment_status":"open","ping_status":"closed","template":"","meta":{"_acf_changed":false},"recipe":[],"product_brand":[],"product_cat":[18049,7673,17168,17169,7674,18048],"product_tag":[],"class_list":{"0":"post-99974","1":"product","2":"type-product","3":"status-publish","4":"has-post-thumbnail","6":"product_cat-autres-fleurs-en-vrac","7":"product_cat-bulk-wholesale-flowers-montreal","8":"product_cat-bulk-flowers","9":"product_cat-fleurs-en-vrac","10":"product_cat-fleurs-en-vrac-gros-montreal","11":"product_cat-other-bulk-flowers","13":"first","14":"instock","15":"shipping-taxable","16":"purchasable","17":"product-type-simple"},"acf":[],"_links":{"self":[{"href":"https:\/\/lebouquet.brstdev.com\/fr\/wp-json\/wp\/v2\/product\/99974","targetHints":{"allow":["GET"]}}],"collection":[{"href":"https:\/\/lebouquet.brstdev.com\/fr\/wp-json\/wp\/v2\/product"}],"about":[{"href":"https:\/\/lebouquet.brstdev.com\/fr\/wp-json\/wp\/v2\/types\/product"}],"replies":[{"embeddable":true,"href":"https:\/\/lebouquet.brstdev.com\/fr\/wp-json\/wp\/v2\/comments?post=99974"}],"wp:featuredmedia":[{"embeddable":true,"href":"https:\/\/lebouquet.brstdev.com\/fr\/wp-json\/wp\/v2\/media\/99959"}],"wp:attachment":[{"href":"https:\/\/lebouquet.brstdev.com\/fr\/wp-json\/wp\/v2\/media?parent=99974"}],"wp:term":[{"taxonomy":"recipe","embeddable":true,"href":"https:\/\/lebouquet.brstdev.com\/fr\/wp-json\/wp\/v2\/recipe?post=99974"},{"taxonomy":"product_brand","embeddable":true,"href":"https:\/\/lebouquet.brstdev.com\/fr\/wp-json\/wp\/v2\/product_brand?post=99974"},{"taxonomy":"product_cat","embeddable":true,"href":"https:\/\/lebouquet.brstdev.com\/fr\/wp-json\/wp\/v2\/product_cat?post=99974"},{"taxonomy":"product_tag","embeddable":true,"href":"https:\/\/lebouquet.brstdev.com\/fr\/wp-json\/wp\/v2\/product_tag?post=99974"}],"curies":[{"name":"wp","href":"https:\/\/api.w.org\/{rel}","templated":true}]}}