{"id":99593,"date":"2024-11-18T12:18:30","date_gmt":"2024-11-18T17:18:30","guid":{"rendered":"https:\/\/www.lebouquet.com\/sunflowers-locally-grown\/"},"modified":"2025-08-13T06:02:11","modified_gmt":"2025-08-13T10:02:11","slug":"tournesols-local","status":"publish","type":"product","link":"https:\/\/lebouquet.brstdev.com\/fr\/tournesols-local\/","title":{"rendered":"Tournesols (local)"},"content":{"rendered":"<p>C\u00e9l\u00e9brez la beaut\u00e9 de l\u2019agriculture canadienne avec nos tournesols cultiv\u00e9s localement, disponibles en vrac. Ces fleurs \u00e9clatantes aux p\u00e9tales dor\u00e9s et centres sombres sont parfaites pour vos projets DIY, mariages et d\u00e9corations d\u2019\u00e9v\u00e9nements. Chaque tournesol est soigneusement cultiv\u00e9 par des agriculteurs locaux canadiens, garantissant fra\u00eecheur et qualit\u00e9 exceptionnelle. Id\u00e9al pour cr\u00e9er des bouquets joyeux, centres de table ou d\u00e9corations saisonni\u00e8res, notre offre en vrac vous permet d\u2019\u00e9conomiser tout en soutenant les producteurs locaux.<\/p>\n","protected":false},"excerpt":{"rendered":"<p>C\u00e9l\u00e9brez la beaut\u00e9 de l\u2019agriculture canadienne avec nos tournesols cultiv\u00e9s localement, disponibles en vrac. Ces fleurs \u00e9clatantes aux p\u00e9tales dor\u00e9s et centres sombres sont parfaites pour vos projets DIY, mariages et d\u00e9corations d\u2019\u00e9v\u00e9nements. Chaque tournesol est soigneusement cultiv\u00e9 par des agriculteurs locaux canadiens, garantissant fra\u00eecheur et qualit\u00e9 exceptionnelle. Id\u00e9al pour cr\u00e9er des bouquets joyeux, centres [&hellip;]<\/p>\n","protected":false},"featured_media":99587,"comment_status":"open","ping_status":"closed","template":"","meta":{"_acf_changed":false,"inline_featured_image":false},"recipe":[],"product_brand":[],"product_cat":[18049,7673,17168,7674,17169,18048],"product_tag":[],"class_list":{"0":"post-99593","1":"product","2":"type-product","3":"status-publish","4":"has-post-thumbnail","6":"product_cat-autres-fleurs-en-vrac","7":"product_cat-bulk","8":"product_cat-bulk-flowers","9":"product_cat-en-vrac","10":"product_cat-fleurs-en-vrac","11":"product_cat-other-bulk-flowers","13":"first","14":"instock","15":"shipping-taxable","16":"purchasable","17":"product-type-simple"},"acf":[],"_links":{"self":[{"href":"https:\/\/lebouquet.brstdev.com\/fr\/wp-json\/wp\/v2\/product\/99593","targetHints":{"allow":["GET"]}}],"collection":[{"href":"https:\/\/lebouquet.brstdev.com\/fr\/wp-json\/wp\/v2\/product"}],"about":[{"href":"https:\/\/lebouquet.brstdev.com\/fr\/wp-json\/wp\/v2\/types\/product"}],"replies":[{"embeddable":true,"href":"https:\/\/lebouquet.brstdev.com\/fr\/wp-json\/wp\/v2\/comments?post=99593"}],"wp:featuredmedia":[{"embeddable":true,"href":"https:\/\/lebouquet.brstdev.com\/fr\/wp-json\/wp\/v2\/media\/99587"}],"wp:attachment":[{"href":"https:\/\/lebouquet.brstdev.com\/fr\/wp-json\/wp\/v2\/media?parent=99593"}],"wp:term":[{"taxonomy":"recipe","embeddable":true,"href":"https:\/\/lebouquet.brstdev.com\/fr\/wp-json\/wp\/v2\/recipe?post=99593"},{"taxonomy":"product_brand","embeddable":true,"href":"https:\/\/lebouquet.brstdev.com\/fr\/wp-json\/wp\/v2\/product_brand?post=99593"},{"taxonomy":"product_cat","embeddable":true,"href":"https:\/\/lebouquet.brstdev.com\/fr\/wp-json\/wp\/v2\/product_cat?post=99593"},{"taxonomy":"product_tag","embeddable":true,"href":"https:\/\/lebouquet.brstdev.com\/fr\/wp-json\/wp\/v2\/product_tag?post=99593"}],"curies":[{"name":"wp","href":"https:\/\/api.w.org\/{rel}","templated":true}]}}