{"id":99547,"date":"2024-11-18T10:01:24","date_gmt":"2024-11-18T15:01:24","guid":{"rendered":"https:\/\/www.lebouquet.com\/preserved-oak-branches\/"},"modified":"2025-08-13T06:02:13","modified_gmt":"2025-08-13T10:02:13","slug":"branches-de-chene-preservees","status":"publish","type":"product","link":"https:\/\/lebouquet.brstdev.com\/fr\/branches-de-chene-preservees\/","title":{"rendered":"Branches de ch\u00eane pr\u00e9serv\u00e9es"},"content":{"rendered":"<p>Apportez la beaut\u00e9 de l&rsquo;automne \u00e0 vos arrangements avec nos branches de ch\u00eane pr\u00e9serv\u00e9es, mesurant 30 \u00e0 40 cm de long. Arborant des tons automnaux vibrants de dor\u00e9, d\u2019orange et de rouge, ces branches sont parfaites pour ajouter une touche rustique et saisonni\u00e8re \u00e0 vos projets DIY. Id\u00e9ales pour des couronnes, des centres de table ou des d\u00e9corations d\u2019\u00e9v\u00e9nements, les branches de ch\u00eane pr\u00e9serv\u00e9es offrent un charme durable. \u00c9conomisez davantage en commandant en vrac pour mariages, \u00e9v\u00e9nements ou cr\u00e9ations saisonni\u00e8res.<\/p>\n","protected":false},"excerpt":{"rendered":"<p>Apportez la beaut\u00e9 de l&rsquo;automne \u00e0 vos arrangements avec nos branches de ch\u00eane pr\u00e9serv\u00e9es, mesurant 30 \u00e0 40 cm de long. Arborant des tons automnaux vibrants de dor\u00e9, d\u2019orange et de rouge, ces branches sont parfaites pour ajouter une touche rustique et saisonni\u00e8re \u00e0 vos projets DIY. Id\u00e9ales pour des couronnes, des centres de table [&hellip;]<\/p>\n","protected":false},"featured_media":99536,"comment_status":"open","ping_status":"closed","template":"","meta":{"_acf_changed":false,"inline_featured_image":false},"recipe":[],"product_brand":[],"product_cat":[7673,17458,7674,17471],"product_tag":[],"class_list":{"0":"post-99547","1":"product","2":"type-product","3":"status-publish","4":"has-post-thumbnail","6":"product_cat-bulk","7":"product_cat-bulk-greens","8":"product_cat-en-vrac","9":"product_cat-verdures-en-vrac","11":"first","12":"instock","13":"shipping-taxable","14":"purchasable","15":"product-type-simple"},"acf":[],"_links":{"self":[{"href":"https:\/\/lebouquet.brstdev.com\/fr\/wp-json\/wp\/v2\/product\/99547","targetHints":{"allow":["GET"]}}],"collection":[{"href":"https:\/\/lebouquet.brstdev.com\/fr\/wp-json\/wp\/v2\/product"}],"about":[{"href":"https:\/\/lebouquet.brstdev.com\/fr\/wp-json\/wp\/v2\/types\/product"}],"replies":[{"embeddable":true,"href":"https:\/\/lebouquet.brstdev.com\/fr\/wp-json\/wp\/v2\/comments?post=99547"}],"wp:featuredmedia":[{"embeddable":true,"href":"https:\/\/lebouquet.brstdev.com\/fr\/wp-json\/wp\/v2\/media\/99536"}],"wp:attachment":[{"href":"https:\/\/lebouquet.brstdev.com\/fr\/wp-json\/wp\/v2\/media?parent=99547"}],"wp:term":[{"taxonomy":"recipe","embeddable":true,"href":"https:\/\/lebouquet.brstdev.com\/fr\/wp-json\/wp\/v2\/recipe?post=99547"},{"taxonomy":"product_brand","embeddable":true,"href":"https:\/\/lebouquet.brstdev.com\/fr\/wp-json\/wp\/v2\/product_brand?post=99547"},{"taxonomy":"product_cat","embeddable":true,"href":"https:\/\/lebouquet.brstdev.com\/fr\/wp-json\/wp\/v2\/product_cat?post=99547"},{"taxonomy":"product_tag","embeddable":true,"href":"https:\/\/lebouquet.brstdev.com\/fr\/wp-json\/wp\/v2\/product_tag?post=99547"}],"curies":[{"name":"wp","href":"https:\/\/api.w.org\/{rel}","templated":true}]}}