{"id":99532,"date":"2024-11-18T09:39:41","date_gmt":"2024-11-18T14:39:41","guid":{"rendered":"https:\/\/www.lebouquet.com\/magnolia-tips\/"},"modified":"2025-08-13T06:02:14","modified_gmt":"2025-08-13T10:02:14","slug":"pointes-de-magnolia","status":"publish","type":"product","link":"https:\/\/lebouquet.brstdev.com\/fr\/pointes-de-magnolia\/","title":{"rendered":"Pointes de Magnolia"},"content":{"rendered":"<p>Sublimez vos cr\u00e9ations florales avec nos pointes de magnolia en vrac de premi\u00e8re qualit\u00e9, mesurant 30 \u00e0 40 cm de long. Ces feuilles luxuriantes, bicolores, avec un recto vert riche et un verso bronze velout\u00e9, ajoutent \u00e9l\u00e9gance et texture \u00e0 vos arrangements. Id\u00e9ales pour des couronnes DIY, des centres de table et des d\u00e9corations festives, ces pointes de magnolia apportent une touche de beaut\u00e9 intemporelle \u00e0 tous vos projets. \u00c9conomisez davantage en commandant en vrac pour mariages, \u00e9v\u00e9nements ou cr\u00e9ations saisonni\u00e8res.<\/p>\n","protected":false},"excerpt":{"rendered":"<p>Sublimez vos cr\u00e9ations florales avec nos pointes de magnolia en vrac de premi\u00e8re qualit\u00e9, mesurant 30 \u00e0 40 cm de long. Ces feuilles luxuriantes, bicolores, avec un recto vert riche et un verso bronze velout\u00e9, ajoutent \u00e9l\u00e9gance et texture \u00e0 vos arrangements. Id\u00e9ales pour des couronnes DIY, des centres de table et des d\u00e9corations festives, [&hellip;]<\/p>\n","protected":false},"featured_media":99522,"comment_status":"open","ping_status":"closed","template":"","meta":{"_acf_changed":false,"inline_featured_image":false},"recipe":[],"product_brand":[],"product_cat":[7673,17458,7674,17471],"product_tag":[],"class_list":{"0":"post-99532","1":"product","2":"type-product","3":"status-publish","4":"has-post-thumbnail","6":"product_cat-bulk","7":"product_cat-bulk-greens","8":"product_cat-en-vrac","9":"product_cat-verdures-en-vrac","11":"first","12":"instock","13":"shipping-taxable","14":"purchasable","15":"product-type-simple"},"acf":[],"_links":{"self":[{"href":"https:\/\/lebouquet.brstdev.com\/fr\/wp-json\/wp\/v2\/product\/99532","targetHints":{"allow":["GET"]}}],"collection":[{"href":"https:\/\/lebouquet.brstdev.com\/fr\/wp-json\/wp\/v2\/product"}],"about":[{"href":"https:\/\/lebouquet.brstdev.com\/fr\/wp-json\/wp\/v2\/types\/product"}],"replies":[{"embeddable":true,"href":"https:\/\/lebouquet.brstdev.com\/fr\/wp-json\/wp\/v2\/comments?post=99532"}],"wp:featuredmedia":[{"embeddable":true,"href":"https:\/\/lebouquet.brstdev.com\/fr\/wp-json\/wp\/v2\/media\/99522"}],"wp:attachment":[{"href":"https:\/\/lebouquet.brstdev.com\/fr\/wp-json\/wp\/v2\/media?parent=99532"}],"wp:term":[{"taxonomy":"recipe","embeddable":true,"href":"https:\/\/lebouquet.brstdev.com\/fr\/wp-json\/wp\/v2\/recipe?post=99532"},{"taxonomy":"product_brand","embeddable":true,"href":"https:\/\/lebouquet.brstdev.com\/fr\/wp-json\/wp\/v2\/product_brand?post=99532"},{"taxonomy":"product_cat","embeddable":true,"href":"https:\/\/lebouquet.brstdev.com\/fr\/wp-json\/wp\/v2\/product_cat?post=99532"},{"taxonomy":"product_tag","embeddable":true,"href":"https:\/\/lebouquet.brstdev.com\/fr\/wp-json\/wp\/v2\/product_tag?post=99532"}],"curies":[{"name":"wp","href":"https:\/\/api.w.org\/{rel}","templated":true}]}}