{"id":98292,"date":"2024-10-03T13:06:05","date_gmt":"2024-10-03T17:06:05","guid":{"rendered":"https:\/\/www.lebouquet.com\/chrysanthemum-fuji-spider-white\/"},"modified":"2025-08-13T06:02:18","modified_gmt":"2025-08-13T10:02:18","slug":"chrysantheme-fuji-spider-blanc","status":"publish","type":"product","link":"https:\/\/lebouquet.brstdev.com\/fr\/chrysantheme-fuji-spider-blanc\/","title":{"rendered":"Chrysanth\u00e8me Fuji Spider Blanc"},"content":{"rendered":"<p><span style=\"background-color:white;color:black\"><span lang=\"FR-CA\" dir=\"ltr\"><strong><u>*Pour garantir la disponibilit\u00e9, veuillez passer vos commandes au moins 2-3 semaines \u00e0 l&rsquo;avance.<\/u><\/strong><\/span><\/span><\/p>\n<p>Apportez une \u00e9l\u00e9gance intemporelle et une puret\u00e9 \u00e0 vos cr\u00e9ations florales avec notre Chrysanth\u00e8me Fuji Spider Blanc. Ces magnifiques fleurs pr\u00e9sentent de longs p\u00e9tales effil\u00e9s dispos\u00e9s en une forme d\u00e9licate rappelant une araign\u00e9e, en faisant un choix classique pour les mariages, c\u00e9l\u00e9brations et autres arrangements floraux sophistiqu\u00e9s.<\/p>\n<p>Chaque tige est soigneusement cultiv\u00e9e par nos fermes partenaires et exp\u00e9di\u00e9e avec des filets de protection pour garantir la fra\u00eecheur pendant le transport. Pour prolonger leur long\u00e9vit\u00e9, nous recommandons de nettoyer les tiges, de bien les hydrater et de retirer les filets avant de les disposer.<\/p>\n<p><strong>\u00c9galement disponible en <\/strong><a href=\"https:\/\/www.lebouquet.com\/fr\/chrysantheme-fuji-spider-vert\/\"><strong>Vert<\/strong><\/a><strong>, <\/strong><a href=\"https:\/\/www.lebouquet.com\/fr\/chrysanthemum-fuji-spider-yellow\/\"><strong>Jaune<\/strong><\/a><strong>, et<\/strong><a href=\"https:\/\/www.lebouquet.com\/fr\/chrysantheme-fuji-spider-lavande\/\"><strong> Lavande<\/strong><\/a>, ces Chrysanth\u00e8mes Fuji Spider sont une option polyvalente, id\u00e9ale pour toutes les occasions, des r\u00e9unions intimes aux \u00e9v\u00e9nements de grande envergure.<\/p>\n<p><strong>Caract\u00e9ristiques cl\u00e9s :<\/strong><\/p>\n<ul>\n<li><strong>Entretien<\/strong> : Livr\u00e9 avec un filet de protection ; n\u00e9cessite nettoyage, hydratation et retrait des filets avant utilisation<\/li>\n<li><strong>Pr\u00e9avis de commande<\/strong> : Veuillez passer votre commande au moins <strong>2 semaines \u00e0 l&rsquo;avance<\/strong> pour garantir la disponibilit\u00e9<\/li>\n<\/ul>\n<p>Le Chrysanth\u00e8me Fuji Spider Blanc ajoute une touche de sophistication et de gr\u00e2ce \u00e0 tout arrangement, en faisant un choix essentiel pour les fleuristes et les planificateurs d&rsquo;\u00e9v\u00e9nements.<\/p>\n","protected":false},"excerpt":{"rendered":"<p>*Pour garantir la disponibilit\u00e9, veuillez passer vos commandes au moins 2-3 semaines \u00e0 l&rsquo;avance. Apportez une \u00e9l\u00e9gance intemporelle et une puret\u00e9 \u00e0 vos cr\u00e9ations florales avec notre Chrysanth\u00e8me Fuji Spider Blanc. Ces magnifiques fleurs pr\u00e9sentent de longs p\u00e9tales effil\u00e9s dispos\u00e9s en une forme d\u00e9licate rappelant une araign\u00e9e, en faisant un choix classique pour les mariages, [&hellip;]<\/p>\n","protected":false},"featured_media":98320,"comment_status":"open","ping_status":"closed","template":"","meta":{"_acf_changed":false,"inline_featured_image":false},"recipe":[],"product_brand":[],"product_cat":[17412,7673,17168,7674,17169,17453],"product_tag":[],"class_list":{"0":"post-98292","1":"product","2":"type-product","3":"status-publish","4":"has-post-thumbnail","6":"product_cat-bulk-daisies-chrysanthemums","7":"product_cat-bulk","8":"product_cat-bulk-flowers","9":"product_cat-en-vrac","10":"product_cat-fleurs-en-vrac","11":"product_cat-marguerites-et-chrysanthemes","13":"first","14":"instock","15":"shipping-taxable","16":"purchasable","17":"product-type-simple"},"acf":[],"_links":{"self":[{"href":"https:\/\/lebouquet.brstdev.com\/fr\/wp-json\/wp\/v2\/product\/98292","targetHints":{"allow":["GET"]}}],"collection":[{"href":"https:\/\/lebouquet.brstdev.com\/fr\/wp-json\/wp\/v2\/product"}],"about":[{"href":"https:\/\/lebouquet.brstdev.com\/fr\/wp-json\/wp\/v2\/types\/product"}],"replies":[{"embeddable":true,"href":"https:\/\/lebouquet.brstdev.com\/fr\/wp-json\/wp\/v2\/comments?post=98292"}],"wp:featuredmedia":[{"embeddable":true,"href":"https:\/\/lebouquet.brstdev.com\/fr\/wp-json\/wp\/v2\/media\/98320"}],"wp:attachment":[{"href":"https:\/\/lebouquet.brstdev.com\/fr\/wp-json\/wp\/v2\/media?parent=98292"}],"wp:term":[{"taxonomy":"recipe","embeddable":true,"href":"https:\/\/lebouquet.brstdev.com\/fr\/wp-json\/wp\/v2\/recipe?post=98292"},{"taxonomy":"product_brand","embeddable":true,"href":"https:\/\/lebouquet.brstdev.com\/fr\/wp-json\/wp\/v2\/product_brand?post=98292"},{"taxonomy":"product_cat","embeddable":true,"href":"https:\/\/lebouquet.brstdev.com\/fr\/wp-json\/wp\/v2\/product_cat?post=98292"},{"taxonomy":"product_tag","embeddable":true,"href":"https:\/\/lebouquet.brstdev.com\/fr\/wp-json\/wp\/v2\/product_tag?post=98292"}],"curies":[{"name":"wp","href":"https:\/\/api.w.org\/{rel}","templated":true}]}}