{"id":97935,"date":"2024-09-21T10:50:20","date_gmt":"2024-09-21T14:50:20","guid":{"rendered":"https:\/\/www.lebouquet.com\/charming-delight-arrangement\/"},"modified":"2025-08-13T06:02:21","modified_gmt":"2025-08-13T10:02:21","slug":"elegance-enchantee","status":"publish","type":"product","link":"https:\/\/lebouquet.brstdev.com\/fr\/elegance-enchantee\/","title":{"rendered":"\u00c9l\u00e9gance Enchant\u00e9e"},"content":{"rendered":"<p>L&rsquo;arrangement \u00ab\u00a0\u00c9l\u00e9gance Enchant\u00e9e\u00a0\u00bb incarne la sophistication et le charme, en faisant le cadeau parfait pour toute occasion. Cette composition magnifique comprend des roses vibrantes roses et oranges, des orchid\u00e9es jaunes d\u00e9licates, des hortensias et des girofl\u00e9es douces, le tout agr\u00e9ment\u00e9 de verdure luxuriante et de branches en bois d\u00e9coratives. Que ce soit pour la f\u00eate des M\u00e8res, un \u00eatre cher ou une r\u00e9ception \u00e9l\u00e9gante, \u00ab\u00a0\u00c9l\u00e9gance Enchant\u00e9e\u00a0\u00bb ajoute une touche de beaut\u00e9 intemporelle et de gr\u00e2ce \u00e0 tout espace.<\/p>\n<ul>\n<li><strong>Inclut :<\/strong> Roses roses et oranges, orchid\u00e9es jaunes, hortensias, girofl\u00e9es, verdure luxuriante et branches en bois d\u00e9coratives.<\/li>\n<li><strong>Dimensions :<\/strong> 15&Prime; de long, 12&Prime; de haut et 9&Prime; de large.<\/li>\n<li><strong>Parfait pour :<\/strong> Cadeaux de f\u00eate des M\u00e8res, \u00eatre chers, ou comme pi\u00e8ce ma\u00eetresse pour des d\u00eeners \u00e9l\u00e9gants.<\/li>\n<\/ul>\n","protected":false},"excerpt":{"rendered":"<p>L&rsquo;arrangement \u00ab\u00a0\u00c9l\u00e9gance Enchant\u00e9e\u00a0\u00bb incarne la sophistication et le charme, en faisant le cadeau parfait pour toute occasion. Cette composition magnifique comprend des roses vibrantes roses et oranges, des orchid\u00e9es jaunes d\u00e9licates, des hortensias et des girofl\u00e9es douces, le tout agr\u00e9ment\u00e9 de verdure luxuriante et de branches en bois d\u00e9coratives. Que ce soit pour la f\u00eate [&hellip;]<\/p>\n","protected":false},"featured_media":97926,"comment_status":"open","ping_status":"closed","template":"","meta":{"_acf_changed":false,"inline_featured_image":false},"recipe":[],"product_brand":[],"product_cat":[7565,7566,7560,7559,7569,17153,7557,7558],"product_tag":[],"class_list":{"0":"post-97935","1":"product","2":"type-product","3":"status-publish","4":"has-post-thumbnail","6":"product_cat-arrangements","7":"product_cat-arrangements-2","8":"product_cat-fleurs-2-2","9":"product_cat-flowers","10":"product_cat-occasions","11":"product_cat-occasions-fr","12":"product_cat-passover","13":"product_cat-pessah","15":"first","16":"instock","17":"shipping-taxable","18":"purchasable","19":"product-type-simple"},"acf":[],"_links":{"self":[{"href":"https:\/\/lebouquet.brstdev.com\/fr\/wp-json\/wp\/v2\/product\/97935","targetHints":{"allow":["GET"]}}],"collection":[{"href":"https:\/\/lebouquet.brstdev.com\/fr\/wp-json\/wp\/v2\/product"}],"about":[{"href":"https:\/\/lebouquet.brstdev.com\/fr\/wp-json\/wp\/v2\/types\/product"}],"replies":[{"embeddable":true,"href":"https:\/\/lebouquet.brstdev.com\/fr\/wp-json\/wp\/v2\/comments?post=97935"}],"wp:featuredmedia":[{"embeddable":true,"href":"https:\/\/lebouquet.brstdev.com\/fr\/wp-json\/wp\/v2\/media\/97926"}],"wp:attachment":[{"href":"https:\/\/lebouquet.brstdev.com\/fr\/wp-json\/wp\/v2\/media?parent=97935"}],"wp:term":[{"taxonomy":"recipe","embeddable":true,"href":"https:\/\/lebouquet.brstdev.com\/fr\/wp-json\/wp\/v2\/recipe?post=97935"},{"taxonomy":"product_brand","embeddable":true,"href":"https:\/\/lebouquet.brstdev.com\/fr\/wp-json\/wp\/v2\/product_brand?post=97935"},{"taxonomy":"product_cat","embeddable":true,"href":"https:\/\/lebouquet.brstdev.com\/fr\/wp-json\/wp\/v2\/product_cat?post=97935"},{"taxonomy":"product_tag","embeddable":true,"href":"https:\/\/lebouquet.brstdev.com\/fr\/wp-json\/wp\/v2\/product_tag?post=97935"}],"curies":[{"name":"wp","href":"https:\/\/api.w.org\/{rel}","templated":true}]}}