{"id":97449,"date":"2024-09-02T09:00:56","date_gmt":"2024-09-02T13:00:56","guid":{"rendered":"https:\/\/www.lebouquet.com\/green-pittosporum-bulk-diy\/"},"modified":"2025-08-13T06:02:23","modified_gmt":"2025-08-13T10:02:23","slug":"pittosporum-vert-en-vrac","status":"publish","type":"product","link":"https:\/\/lebouquet.brstdev.com\/fr\/pittosporum-vert-en-vrac\/","title":{"rendered":"Pittosporum vert en vrac"},"content":{"rendered":"<p>Am\u00e9liorez vos arrangements floraux avec le <strong>Pittosporum Vert<\/strong>, polyvalent et vibrant. Connu pour son feuillage luxuriant et brillant ainsi que sa nature robuste, ce feuillage est un favori des fleuristes et des amateurs de DIY. Vendu en gros, il est parfait pour ajouter de la texture et une touche de nature \u00e0 vos bouquets, centres de table et d\u00e9corations.<\/p>\n<p>Si vous pr\u00e9f\u00e9rez un look plus vari\u00e9, nous proposons \u00e9galement du <a href=\"https:\/\/www.lebouquet.com\/fr\/pittosporum-panache-en-vrac\/\"><strong>Pittosporum Panach\u00e9<\/strong> <\/a>avec un m\u00e9lange d\u00e9licieux de teintes vertes et cr\u00e8me. <a href=\"https:\/\/www.lebouquet.com\/fr\/pittosporum-panache-en-vrac\/\">Cliquez ici <\/a>pour d\u00e9couvrir nos options de Pittosporum Panach\u00e9.<\/p>\n<p><strong>Caract\u00e9ristiques Cl\u00e9s :<\/strong><\/p>\n<ul>\n<li><strong>Feuillage Vert Brillant et Luxuriant :<\/strong> Les feuilles de Pittosporum Vert sont d&rsquo;un vert profond et vibrant, offrant un aspect frais et naturel \u00e0 tout arrangement.<\/li>\n<li><strong>Utilisation Polyvalente :<\/strong> Id\u00e9al pour les bouquets de mariage, les centres de table, les couronnes et plus encore, le Pittosporum compl\u00e8te une large gamme de fleurs et de styles.<\/li>\n<li><strong>Longue Dur\u00e9e de Vie :<\/strong> Robuste et durable, ce feuillage conserve sa fra\u00eecheur pendant de longues p\u00e9riodes, ce qui le rend id\u00e9al pour les \u00e9v\u00e9nements et les d\u00e9corations qui doivent rester belles pendant plusieurs jours.<\/li>\n<li><strong>Facile \u00e0 Utiliser en DIY :<\/strong> Parfait pour les projets floraux DIY, vous permettant de cr\u00e9er de magnifiques arrangements chez vous.<\/li>\n<\/ul>\n<p><strong>Instructions de Soin :<\/strong><\/p>\n<ul>\n<li><strong>Eau :<\/strong> Gardez les tiges dans de l&rsquo;eau fra\u00eeche et remplacez l&rsquo;eau quotidiennement pour une long\u00e9vit\u00e9 maximale.<\/li>\n<li><strong>Stockage :<\/strong> Stockez dans un endroit frais et ombrag\u00e9, \u00e0 l&rsquo;abri de la lumi\u00e8re directe du soleil et des sources de chaleur.<\/li>\n<li><strong>Pr\u00e9paration :<\/strong> Taillez les tiges en biais avant de les placer dans l&rsquo;eau pour assurer une hydratation optimale.<\/li>\n<\/ul>\n<p>Que vous soyez un fleuriste professionnel ou que vous planifiez un projet DIY, le Pittosporum Vert ajoute la touche parfaite de verdure pour sublimer vos cr\u00e9ations florales. Vendu en gros, c&rsquo;est le choix id\u00e9al pour les grands \u00e9v\u00e9nements, les mariages ou la cr\u00e9ation de plusieurs arrangements.<\/p>\n","protected":false},"excerpt":{"rendered":"<p>Am\u00e9liorez vos arrangements floraux avec le Pittosporum Vert, polyvalent et vibrant. Connu pour son feuillage luxuriant et brillant ainsi que sa nature robuste, ce feuillage est un favori des fleuristes et des amateurs de DIY. Vendu en gros, il est parfait pour ajouter de la texture et une touche de nature \u00e0 vos bouquets, centres [&hellip;]<\/p>\n","protected":false},"featured_media":97443,"comment_status":"open","ping_status":"closed","template":"","meta":{"_acf_changed":false,"inline_featured_image":false},"recipe":[],"product_brand":[],"product_cat":[7673,17458,7674,17471],"product_tag":[],"class_list":{"0":"post-97449","1":"product","2":"type-product","3":"status-publish","4":"has-post-thumbnail","6":"product_cat-bulk","7":"product_cat-bulk-greens","8":"product_cat-en-vrac","9":"product_cat-verdures-en-vrac","11":"first","12":"instock","13":"shipping-taxable","14":"purchasable","15":"product-type-simple"},"acf":[],"_links":{"self":[{"href":"https:\/\/lebouquet.brstdev.com\/fr\/wp-json\/wp\/v2\/product\/97449","targetHints":{"allow":["GET"]}}],"collection":[{"href":"https:\/\/lebouquet.brstdev.com\/fr\/wp-json\/wp\/v2\/product"}],"about":[{"href":"https:\/\/lebouquet.brstdev.com\/fr\/wp-json\/wp\/v2\/types\/product"}],"replies":[{"embeddable":true,"href":"https:\/\/lebouquet.brstdev.com\/fr\/wp-json\/wp\/v2\/comments?post=97449"}],"wp:featuredmedia":[{"embeddable":true,"href":"https:\/\/lebouquet.brstdev.com\/fr\/wp-json\/wp\/v2\/media\/97443"}],"wp:attachment":[{"href":"https:\/\/lebouquet.brstdev.com\/fr\/wp-json\/wp\/v2\/media?parent=97449"}],"wp:term":[{"taxonomy":"recipe","embeddable":true,"href":"https:\/\/lebouquet.brstdev.com\/fr\/wp-json\/wp\/v2\/recipe?post=97449"},{"taxonomy":"product_brand","embeddable":true,"href":"https:\/\/lebouquet.brstdev.com\/fr\/wp-json\/wp\/v2\/product_brand?post=97449"},{"taxonomy":"product_cat","embeddable":true,"href":"https:\/\/lebouquet.brstdev.com\/fr\/wp-json\/wp\/v2\/product_cat?post=97449"},{"taxonomy":"product_tag","embeddable":true,"href":"https:\/\/lebouquet.brstdev.com\/fr\/wp-json\/wp\/v2\/product_tag?post=97449"}],"curies":[{"name":"wp","href":"https:\/\/api.w.org\/{rel}","templated":true}]}}