{"id":97046,"date":"2024-08-24T10:36:31","date_gmt":"2024-08-24T14:36:31","guid":{"rendered":"https:\/\/www.lebouquet.com\/rose-cool-water-60cm-bulk-diy\/"},"modified":"2025-08-13T06:02:26","modified_gmt":"2025-08-13T10:02:26","slug":"rose-cool-water-60cm-en-vrac","status":"publish","type":"product","link":"https:\/\/lebouquet.brstdev.com\/fr\/rose-cool-water-60cm-en-vrac\/","title":{"rendered":"Rose Cool Water 60cm en vrac"},"content":{"rendered":"<p><strong><u>*Pour garantir la disponibilit\u00e9, veuillez passer vos commandes au moins 2-3 semaines \u00e0 l&rsquo;avance.<\/u><\/strong><\/p>\n<p><span style=\"font-size:16px\">Les roses Cool Water sont un choix \u00e9l\u00e9gant avec leur teinte lavande unique. Leur parfum envo\u00fbtant et leurs p\u00e9tales velout\u00e9s en font des fleurs id\u00e9ales pour les mariages, les compositions romantiques ou tout projet floral DIY. Ces roses de qualit\u00e9 sup\u00e9rieure sont disponibles en gros pour les passionn\u00e9s de fleurs, les planificateurs d&rsquo;\u00e9v\u00e9nements et les entreprises \u00e0 Montr\u00e9al.<\/span><\/p>\n","protected":false},"excerpt":{"rendered":"<p><strong>Caract\u00e9ristiques Cl\u00e9s :<\/strong><\/p>\n<ul>\n<li><strong>Longueur :<\/strong> 60 cm<\/li>\n<li><strong>Couleur :<\/strong> Mauve<\/li>\n<li><strong>Id\u00e9al pour :<\/strong> Arrangements floraux DIY, mariages, \u00e9v\u00e9nements, d\u00e9corations de maison<\/li>\n<\/ul>\n<p>&nbsp;<\/p>\n<p><strong>Instructions de Pr\u00e9paration &amp; d&rsquo;Entretien pour Les Rose Cool Water :<\/strong><\/p>\n<ol>\n<li>D\u00e9ballez les fleurs imm\u00e9diatement et retirez l&#8217;emballage protecteur.<\/li>\n<li>Coupez 1 \u00e0 2 pouces des tiges en biais \u00e0 un angle de 45 degr\u00e9s, en r\u00e9p\u00e9tant tous les 2-3 jours.<\/li>\n<li>Placez les tiges dans un vase propre avec de l&rsquo;eau fra\u00eeche et ajoutez un conservateur floral.<\/li>\n<li>Changez l&rsquo;eau et ajoutez un nouveau conservateur tous les 2-3 jours.<\/li>\n<li>Gardez les fleurs dans un endroit frais, \u00e0 l&rsquo;abri de la lumi\u00e8re directe du soleil, des courants d&rsquo;air et des \u00e9vents.<\/li>\n<li>\u00c9vitez de placer les fleurs pr\u00e8s de fruits ou l\u00e9gumes en maturation.<\/li>\n<li>Retirez les p\u00e9tales fan\u00e9s ou endommag\u00e9s.<\/li>\n<li>Utilisez un vase propre avec de l&rsquo;eau fra\u00eeche chaque fois que vous r\u00e9arrangez les fleurs.<\/li>\n<\/ol>\n<p><strong>Disponibilit\u00e9 &amp; D\u00e9tails :<\/strong><\/p>\n<ul>\n<li><strong>Disponibilit\u00e9 :<\/strong> Disponible toute l&rsquo;ann\u00e9e<\/li>\n<li><strong>Commande :<\/strong> Pour garantir la disponibilit\u00e9, veuillez passer vos grandes commandes au moins 2 semaines \u00e0 l&rsquo;avance.<\/li>\n<li><strong>Annulations :<\/strong> Pas d&rsquo;annulations deux semaines avant la livraison.<\/li>\n<li><strong>Livraison :<\/strong> Le produit est livr\u00e9 emball\u00e9 tel qu&rsquo;il arrive de la ferme, non taill\u00e9 et non nettoy\u00e9.<\/li>\n<li><strong>Couleurs :<\/strong> Les couleurs peuvent varier de ce que vous voyez \u00e0 l&rsquo;\u00e9cran.<\/li>\n<li><strong>Prix :<\/strong> Veuillez noter que les prix peuvent changer sans pr\u00e9avis en fonction de certaines f\u00eates.<\/li>\n<li><strong>Paiement :<\/strong> Le paiement est requis avant la livraison.<\/li>\n<\/ul>\n","protected":false},"featured_media":97028,"comment_status":"open","ping_status":"closed","template":"","meta":{"_acf_changed":false,"inline_featured_image":false},"recipe":[],"product_brand":[],"product_cat":[7673,17394,7674,17466,17396,17480],"product_tag":[],"class_list":{"0":"post-97046","1":"product","2":"type-product","3":"status-publish","4":"has-post-thumbnail","6":"product_cat-bulk","7":"product_cat-bulk-roses","8":"product_cat-en-vrac","9":"product_cat-rose-60cm","10":"product_cat-bulk-roses-fr","11":"product_cat-rose-60cm-fr","13":"first","14":"instock","15":"shipping-taxable","16":"purchasable","17":"product-type-simple"},"acf":[],"_links":{"self":[{"href":"https:\/\/lebouquet.brstdev.com\/fr\/wp-json\/wp\/v2\/product\/97046","targetHints":{"allow":["GET"]}}],"collection":[{"href":"https:\/\/lebouquet.brstdev.com\/fr\/wp-json\/wp\/v2\/product"}],"about":[{"href":"https:\/\/lebouquet.brstdev.com\/fr\/wp-json\/wp\/v2\/types\/product"}],"replies":[{"embeddable":true,"href":"https:\/\/lebouquet.brstdev.com\/fr\/wp-json\/wp\/v2\/comments?post=97046"}],"wp:featuredmedia":[{"embeddable":true,"href":"https:\/\/lebouquet.brstdev.com\/fr\/wp-json\/wp\/v2\/media\/97028"}],"wp:attachment":[{"href":"https:\/\/lebouquet.brstdev.com\/fr\/wp-json\/wp\/v2\/media?parent=97046"}],"wp:term":[{"taxonomy":"recipe","embeddable":true,"href":"https:\/\/lebouquet.brstdev.com\/fr\/wp-json\/wp\/v2\/recipe?post=97046"},{"taxonomy":"product_brand","embeddable":true,"href":"https:\/\/lebouquet.brstdev.com\/fr\/wp-json\/wp\/v2\/product_brand?post=97046"},{"taxonomy":"product_cat","embeddable":true,"href":"https:\/\/lebouquet.brstdev.com\/fr\/wp-json\/wp\/v2\/product_cat?post=97046"},{"taxonomy":"product_tag","embeddable":true,"href":"https:\/\/lebouquet.brstdev.com\/fr\/wp-json\/wp\/v2\/product_tag?post=97046"}],"curies":[{"name":"wp","href":"https:\/\/api.w.org\/{rel}","templated":true}]}}