{"id":95120,"date":"2024-07-19T08:41:11","date_gmt":"2024-07-19T12:41:11","guid":{"rendered":"https:\/\/www.lebouquet.com\/burgundy-carnations-bulk-diy\/"},"modified":"2025-08-13T06:03:02","modified_gmt":"2025-08-13T10:03:02","slug":"oeillets-rouge-bourgogne-builk-diy","status":"publish","type":"product","link":"https:\/\/lebouquet.brstdev.com\/fr\/oeillets-rouge-bourgogne-builk-diy\/","title":{"rendered":"Oeillets rouge bourgogne en vranc"},"content":{"rendered":"<p><span style=\"background-color:white;color:black;\"><span lang=\"FR-CA\" dir=\"ltr\"><strong><u>*Pour garantir la disponibilit\u00e9, veuillez passer vos commandes au moins 2-3 semaines \u00e0 l&rsquo;avance.<\/u><\/strong><\/span><\/span><\/p>\n<p>Ajoutez une touche de beaut\u00e9 avec nos \u0153illets rouges bourgognes, parfaits pour vos arrangements floraux DIY. Ces fleurs magnifiques, mesurant de 24 \u00e0 30 pouces de hauteur, sont id\u00e9ales pour cr\u00e9er vos propres bouquets, centres de table et d\u00e9corations florales. Recevez des \u0153illets frais et pr\u00eats \u00e0 l&#8217;emploi livr\u00e9s directement \u00e0 votre porte.<\/p>\n<p><strong>Caract\u00e9ristiques Cl\u00e9s :<\/strong><\/p>\n<ul>\n<li><strong>Longueur :<\/strong> 24-30 pouces<\/li>\n<li><strong>Couleur :<\/strong> Rouge Bourgogne<\/li>\n<li><strong>Id\u00e9al pour :<\/strong> Arrangements floraux DIY, mariages, \u00e9v\u00e9nements, d\u00e9corations de maison<\/li>\n<\/ul>\n","protected":false},"excerpt":{"rendered":"<p><strong>Instructions de Pr\u00e9paration &amp; d&rsquo;Entretien pour les \u0152illets :<\/strong><\/p>\n<ol>\n<li>D\u00e9ballez les fleurs imm\u00e9diatement et retirez l&#8217;emballage protecteur.<\/li>\n<li>Coupez 1 \u00e0 2 pouces des tiges en biais \u00e0 un angle de 45 degr\u00e9s, en r\u00e9p\u00e9tant tous les 2-3 jours.<\/li>\n<li>Placez les tiges dans un vase propre avec de l&rsquo;eau fra\u00eeche et ajoutez un conservateur floral.<\/li>\n<li>Changez l&rsquo;eau et ajoutez un nouveau conservateur tous les 2-3 jours.<\/li>\n<li>Gardez les fleurs dans un endroit frais, \u00e0 l&rsquo;abri de la lumi\u00e8re directe du soleil, des courants d&rsquo;air et des \u00e9vents.<\/li>\n<li>\u00c9vitez de placer les fleurs pr\u00e8s de fruits ou l\u00e9gumes en maturation.<\/li>\n<li>Retirez les p\u00e9tales fan\u00e9s ou endommag\u00e9s.<\/li>\n<li>Utilisez un vase propre avec de l&rsquo;eau fra\u00eeche chaque fois que vous r\u00e9arrangez les fleurs.<\/li>\n<\/ol>\n<p><strong>Disponibilit\u00e9 &amp; D\u00e9tails :<\/strong><\/p>\n<ul>\n<li>Disponible toute l&rsquo;ann\u00e9e<\/li>\n<li>Pour garantir la disponibilit\u00e9, veuillez passer vos commandes au minimum 2-3 semaines \u00e0 l&rsquo;avance.<\/li>\n<li>Pas d&rsquo;annulations deux semaines avant la livraison.<\/li>\n<li>Le produit est livr\u00e9 emball\u00e9 tel qu&rsquo;il arrive de la ferme, non taill\u00e9 et non nettoy\u00e9.<\/li>\n<li>Les couleurs peuvent varier de ce que vous voyez \u00e0 l&rsquo;\u00e9cran.<\/li>\n<li>Veuillez noter que les prix peuvent changer sans pr\u00e9avis en fonction de certaines f\u00eates.<\/li>\n<li>Le paiement est requis avant la livraison.<\/li>\n<\/ul>\n","protected":false},"featured_media":95114,"comment_status":"open","ping_status":"closed","template":"","meta":{"_acf_changed":false,"inline_featured_image":false},"recipe":[],"product_brand":[],"product_cat":[17414,7673,17168,7674,17169,17445],"product_tag":[],"class_list":{"0":"post-95120","1":"product","2":"type-product","3":"status-publish","4":"has-post-thumbnail","6":"product_cat-bulk-carnations","7":"product_cat-bulk","8":"product_cat-bulk-flowers","9":"product_cat-en-vrac","10":"product_cat-fleurs-en-vrac","11":"product_cat-oeillets-en-vrac","13":"first","14":"instock","15":"shipping-taxable","16":"purchasable","17":"product-type-simple"},"acf":[],"_links":{"self":[{"href":"https:\/\/lebouquet.brstdev.com\/fr\/wp-json\/wp\/v2\/product\/95120","targetHints":{"allow":["GET"]}}],"collection":[{"href":"https:\/\/lebouquet.brstdev.com\/fr\/wp-json\/wp\/v2\/product"}],"about":[{"href":"https:\/\/lebouquet.brstdev.com\/fr\/wp-json\/wp\/v2\/types\/product"}],"replies":[{"embeddable":true,"href":"https:\/\/lebouquet.brstdev.com\/fr\/wp-json\/wp\/v2\/comments?post=95120"}],"wp:featuredmedia":[{"embeddable":true,"href":"https:\/\/lebouquet.brstdev.com\/fr\/wp-json\/wp\/v2\/media\/95114"}],"wp:attachment":[{"href":"https:\/\/lebouquet.brstdev.com\/fr\/wp-json\/wp\/v2\/media?parent=95120"}],"wp:term":[{"taxonomy":"recipe","embeddable":true,"href":"https:\/\/lebouquet.brstdev.com\/fr\/wp-json\/wp\/v2\/recipe?post=95120"},{"taxonomy":"product_brand","embeddable":true,"href":"https:\/\/lebouquet.brstdev.com\/fr\/wp-json\/wp\/v2\/product_brand?post=95120"},{"taxonomy":"product_cat","embeddable":true,"href":"https:\/\/lebouquet.brstdev.com\/fr\/wp-json\/wp\/v2\/product_cat?post=95120"},{"taxonomy":"product_tag","embeddable":true,"href":"https:\/\/lebouquet.brstdev.com\/fr\/wp-json\/wp\/v2\/product_tag?post=95120"}],"curies":[{"name":"wp","href":"https:\/\/api.w.org\/{rel}","templated":true}]}}