{"id":94260,"date":"2024-07-12T11:48:37","date_gmt":"2024-07-12T15:48:37","guid":{"rendered":"https:\/\/www.lebouquet.com\/instant-oasis-block\/"},"modified":"2025-08-13T06:03:20","modified_gmt":"2025-08-13T10:03:20","slug":"brique-en-mousse-florale","status":"publish","type":"product","link":"https:\/\/lebouquet.brstdev.com\/fr\/brique-en-mousse-florale\/","title":{"rendered":"Brique en mousse florale"},"content":{"rendered":"<p><span style=\"font-size:18px;\"><strong>Briques en mousse florale instantan\u00e9e de luxe pour arrangement floral (Vert)<\/strong><\/span><\/p>\n<ul>\n<li><span style=\"color:rgb(15,17,17);\">Les briques en mousse florale OASIS Deluxe sont une brique haute densit\u00e9 pour supporter des tiges plus \u00e9paisses et plus lourdes, id\u00e9ales pour les conceptions quotidiennes utilisant Protea, oiseaux de paradis, gingembre, h\u00e9lico\u00efne, et plus encore.<\/span><\/li>\n<li><span style=\"color:rgb(15,17,17);\">Les mousses florales Smithers Oasis sont pr\u00e9f\u00e9r\u00e9es par plus de fleuristes que toute autre marque<\/span><\/li>\n<li><span style=\"color:rgb(15,17,17);\">Mousse florale OASIS authentique avec technologie brevet\u00e9e Maxlife, aide les fleurs \u00e0 rester fra\u00eeches jusqu&rsquo;\u00e0 50 % plus longtemps<\/span><\/li>\n<li><span style=\"color:rgb(15,17,17);\">Pour une utilisation avec des fleurs fra\u00eeches. <strong>Faire tremper dans l&rsquo;eau jusqu&rsquo;\u00e0 absorption compl\u00e8te avant d&rsquo;ins\u00e9rer les fleurs.<\/strong><\/span><\/li>\n<li><span style=\"color:rgb(15,17,17);\">Les briques en mousse Oasis Instant Deluxe Floral mesurent 22,9 x 10,2 x 7,6 cm<\/span><\/li>\n<\/ul>\n","protected":false},"excerpt":{"rendered":"<p>Briques en mousse florale instantan\u00e9e de luxe pour arrangement floral (Vert) Les briques en mousse florale OASIS Deluxe sont une brique haute densit\u00e9 pour supporter des tiges plus \u00e9paisses et plus lourdes, id\u00e9ales pour les conceptions quotidiennes utilisant Protea, oiseaux de paradis, gingembre, h\u00e9lico\u00efne, et plus encore. Les mousses florales Smithers Oasis sont pr\u00e9f\u00e9r\u00e9es par [&hellip;]<\/p>\n","protected":false},"featured_media":94257,"comment_status":"open","ping_status":"closed","template":"","meta":{"_acf_changed":false,"inline_featured_image":false},"recipe":[],"product_brand":[],"product_cat":[17608,7673,17606,7674],"product_tag":[],"class_list":{"0":"post-94260","1":"product","2":"type-product","3":"status-publish","4":"has-post-thumbnail","6":"product_cat-diy-accessories-fr","7":"product_cat-bulk","8":"product_cat-diy-accessories","9":"product_cat-en-vrac","11":"first","12":"instock","13":"shipping-taxable","14":"purchasable","15":"product-type-simple"},"acf":[],"_links":{"self":[{"href":"https:\/\/lebouquet.brstdev.com\/fr\/wp-json\/wp\/v2\/product\/94260","targetHints":{"allow":["GET"]}}],"collection":[{"href":"https:\/\/lebouquet.brstdev.com\/fr\/wp-json\/wp\/v2\/product"}],"about":[{"href":"https:\/\/lebouquet.brstdev.com\/fr\/wp-json\/wp\/v2\/types\/product"}],"replies":[{"embeddable":true,"href":"https:\/\/lebouquet.brstdev.com\/fr\/wp-json\/wp\/v2\/comments?post=94260"}],"wp:featuredmedia":[{"embeddable":true,"href":"https:\/\/lebouquet.brstdev.com\/fr\/wp-json\/wp\/v2\/media\/94257"}],"wp:attachment":[{"href":"https:\/\/lebouquet.brstdev.com\/fr\/wp-json\/wp\/v2\/media?parent=94260"}],"wp:term":[{"taxonomy":"recipe","embeddable":true,"href":"https:\/\/lebouquet.brstdev.com\/fr\/wp-json\/wp\/v2\/recipe?post=94260"},{"taxonomy":"product_brand","embeddable":true,"href":"https:\/\/lebouquet.brstdev.com\/fr\/wp-json\/wp\/v2\/product_brand?post=94260"},{"taxonomy":"product_cat","embeddable":true,"href":"https:\/\/lebouquet.brstdev.com\/fr\/wp-json\/wp\/v2\/product_cat?post=94260"},{"taxonomy":"product_tag","embeddable":true,"href":"https:\/\/lebouquet.brstdev.com\/fr\/wp-json\/wp\/v2\/product_tag?post=94260"}],"curies":[{"name":"wp","href":"https:\/\/api.w.org\/{rel}","templated":true}]}}