{"id":94238,"date":"2024-07-12T11:32:56","date_gmt":"2024-07-12T15:32:56","guid":{"rendered":"https:\/\/www.lebouquet.com\/flora-life-pack-10\/"},"modified":"2026-04-20T06:31:32","modified_gmt":"2026-04-20T10:31:32","slug":"nourriture-pour-fleurs","status":"publish","type":"product","link":"https:\/\/lebouquet.brstdev.com\/fr\/nourriture-pour-fleurs\/","title":{"rendered":"Nourriture pour fleurs"},"content":{"rendered":"<p><span style=\"font-size:18px;\"><strong>Nourriture pour fleurs FloraLife&nbsp;<\/strong><\/span><\/p>\n<p>Fournit la nutrition dont les fleurs ont besoin pour un maximum de plaisir pour le consommateur. Ce produit est efficace dans toutes les qualit\u00e9s d&rsquo;eau et avec toutes les vari\u00e9t\u00e9s de fleurs fra\u00eeches.<\/p>\n<ul>\n<li>Volume liquide : 1 pinte&nbsp;<\/li>\n<li>Ratio de m\u00e9lange : 1:0&nbsp;<\/li>\n<li>10 par commande<\/li>\n<\/ul>\n","protected":false},"excerpt":{"rendered":"<p>Nourriture pour fleurs FloraLife&nbsp; Fournit la nutrition dont les fleurs ont besoin pour un maximum de plaisir pour le consommateur. Ce produit est efficace dans toutes les qualit\u00e9s d&rsquo;eau et avec toutes les vari\u00e9t\u00e9s de fleurs fra\u00eeches. Volume liquide : 1 pinte&nbsp; Ratio de m\u00e9lange : 1:0&nbsp; 10 par commande<\/p>\n","protected":false},"featured_media":94234,"comment_status":"open","ping_status":"closed","template":"","meta":{"_acf_changed":false},"recipe":[],"product_brand":[],"product_cat":[7658,7648],"product_tag":[],"class_list":{"0":"post-94238","1":"product","2":"type-product","3":"status-publish","4":"has-post-thumbnail","6":"product_cat-accessoires","7":"product_cat-cadeaux","9":"first","10":"instock","11":"shipping-taxable","12":"purchasable","13":"product-type-simple"},"acf":[],"_links":{"self":[{"href":"https:\/\/lebouquet.brstdev.com\/fr\/wp-json\/wp\/v2\/product\/94238","targetHints":{"allow":["GET"]}}],"collection":[{"href":"https:\/\/lebouquet.brstdev.com\/fr\/wp-json\/wp\/v2\/product"}],"about":[{"href":"https:\/\/lebouquet.brstdev.com\/fr\/wp-json\/wp\/v2\/types\/product"}],"replies":[{"embeddable":true,"href":"https:\/\/lebouquet.brstdev.com\/fr\/wp-json\/wp\/v2\/comments?post=94238"}],"wp:featuredmedia":[{"embeddable":true,"href":"https:\/\/lebouquet.brstdev.com\/fr\/wp-json\/wp\/v2\/media\/94234"}],"wp:attachment":[{"href":"https:\/\/lebouquet.brstdev.com\/fr\/wp-json\/wp\/v2\/media?parent=94238"}],"wp:term":[{"taxonomy":"recipe","embeddable":true,"href":"https:\/\/lebouquet.brstdev.com\/fr\/wp-json\/wp\/v2\/recipe?post=94238"},{"taxonomy":"product_brand","embeddable":true,"href":"https:\/\/lebouquet.brstdev.com\/fr\/wp-json\/wp\/v2\/product_brand?post=94238"},{"taxonomy":"product_cat","embeddable":true,"href":"https:\/\/lebouquet.brstdev.com\/fr\/wp-json\/wp\/v2\/product_cat?post=94238"},{"taxonomy":"product_tag","embeddable":true,"href":"https:\/\/lebouquet.brstdev.com\/fr\/wp-json\/wp\/v2\/product_tag?post=94238"}],"curies":[{"name":"wp","href":"https:\/\/api.w.org\/{rel}","templated":true}]}}