{"id":94209,"date":"2024-07-11T20:45:24","date_gmt":"2024-07-12T00:45:24","guid":{"rendered":"https:\/\/www.lebouquet.com\/rose-assorted-70cm\/"},"modified":"2025-08-13T06:03:24","modified_gmt":"2025-08-13T10:03:24","slug":"roses-couleurs-assorties-70cm-en-vrac","status":"publish","type":"product","link":"https:\/\/lebouquet.brstdev.com\/fr\/roses-couleurs-assorties-70cm-en-vrac\/","title":{"rendered":"Roses Couleurs Assorties 70cm (en vrac)"},"content":{"rendered":"<h3>Transformez vos \u00e9v\u00e9nements sp\u00e9ciaux et projets de brico avec nos roses de couleurs assorties !<\/h3>\n<p><strong><u>*Pour garantir la disponibilit\u00e9, veuillez passer vos commandes au moins 2-3 semaines \u00e0 l&rsquo;avance.<\/u><\/strong><\/p>\n<p>Pr\u00e9parez-vous pour un \u00e9v\u00e9nement sp\u00e9cial ou travaillez sur un projet fabuleux de bricolage? \u00c9conomisez gros lorsque vous achetez en gros !<\/p>\n<p>Nos roses Freedom symbolisent l&rsquo;\u00e9l\u00e9gance avec leur teinte rouge profonde et leurs grandes fleurs en forme de coupe aux p\u00e9tales velout\u00e9s. Elles ajoutent une touche \u00e9clatante aux bouquets et arrangements floraux.<\/p>\n<p><strong>Tarification sp\u00e9ciale :<\/strong> Plus vous achetez, plus vous \u00e9conomisez gr\u00e2ce \u00e0 nos r\u00e9ductions bas\u00e9es sur le volume.<\/p>\n<p><strong>Emballage :<\/strong> Les roses sont soigneusement emball\u00e9es par groupes de 25 et exp\u00e9di\u00e9es dans une bo\u00eete robuste. Chaque tige mesure entre 60 et 70 cm de longueur.<\/p>\n<p><strong>Couleurs: <\/strong>Pour les commandes de 25 \u00e0 75 roses, attendez-vous \u00e0 3 couleurs. Pour les commandes de 125 \u00e0 250 roses, attendez-vous \u00e0 un minimum de 4 couleurs. <strong>Les couleurs sont s\u00e9lectionn\u00e9es par la ferme.<\/strong><\/p>\n<p><strong>Fra\u00eecheur garantie :<\/strong> Nos fleurs en gros vous sont livr\u00e9es exactement comme elles arrivent de la ferme, n&rsquo;ayant pas \u00e9t\u00e9 manipul\u00e9es ou arrang\u00e9es.&nbsp;<\/p>\n<p><strong>Commandes: <\/strong>Pour garantir votre commande, nous vous recommandons id\u00e9alement de la passer 14 jours \u00e0 l&rsquo;avance. Cependant, n&rsquo;h\u00e9sitez pas \u00e0 nous contacter et nous ferons de notre mieux pour vous accommoder.<\/p>\n","protected":false},"excerpt":{"rendered":"<p><strong>Instructions sp\u00e9ciales de soin :<\/strong><\/p>\n<p>Pour optimiser leur floraison et la long\u00e9vit\u00e9 de vos fleurs, suivez ces directives :<\/p>\n<ol>\n<li>Remplissez un seau ou plusieurs vases d&rsquo;eau propre.<\/li>\n<li>Ajoutez les sachets de nourriture pour fleurs dans l&rsquo;eau (selon les instructions) et assurez-vous qu&rsquo;elle se dissolve compl\u00e8tement.&nbsp;<\/li>\n<li>Retirez les feuilles inf\u00e9rieures des tiges pour \u00e9viter la contamination de l&rsquo;eau par les bact\u00e9ries.<\/li>\n<li>Retirez les p\u00e9tales ext\u00e9rieures de la t\u00eate de la rose qui ont \u00e9t\u00e9 laiss\u00e9es pour la prot\u00e9ger. Ces p\u00e9tales ext\u00e9rieures peuvent sembler d\u00e9color\u00e9es; c&rsquo;est normal.<\/li>\n<li>Utilisez un couteau ou une lame non dentel\u00e9e (du genre exacto) pour couper les tiges d&rsquo;environ 2.5 cm \u00e0 un angle de 45 degr\u00e9s.<\/li>\n<li>Placez les tiges dans de l&rsquo;eau \u00e0 temp\u00e9rature ambiante.<\/li>\n<li>Recoupez les tiges et changez l&rsquo;eau tous les deux jours pour maintenir une fra\u00eecheur maximale.<\/li>\n<\/ol>\n<p>Gardez les roses \u00e0 l&rsquo;abri de la lumi\u00e8re directe du soleil, des temp\u00e9ratures froides et des fruits, car les gaz des fruits peuvent les faire faner.<\/p>\n<p><strong>Disponibilit\u00e9 &amp; D\u00e9tails :<\/strong><\/p>\n<ul>\n<li><strong>Disponibilit\u00e9 :<\/strong> Disponible toute l&rsquo;ann\u00e9e<\/li>\n<li><strong>Commande :<\/strong> Pour garantir la disponibilit\u00e9, veuillez passer vos grandes commandes au moins 2 semaines \u00e0 l&rsquo;avance.<\/li>\n<li><strong>Annulations :<\/strong> Pas d&rsquo;annulations deux semaines avant la livraison.<\/li>\n<li><strong>Livraison :<\/strong> Le produit est livr\u00e9 emball\u00e9 tel qu&rsquo;il arrive de la ferme, non taill\u00e9 et non nettoy\u00e9.<\/li>\n<li><strong>Couleurs :<\/strong> Les couleurs peuvent varier de ce que vous voyez \u00e0 l&rsquo;\u00e9cran.<\/li>\n<li><strong>Prix :<\/strong> Veuillez noter que les prix peuvent changer sans pr\u00e9avis en fonction de certaines f\u00eates.<\/li>\n<li><strong>Paiement :<\/strong> Le paiement est requis avant la livraison.<\/li>\n<\/ul>\n","protected":false},"featured_media":97060,"comment_status":"open","ping_status":"closed","template":"","meta":{"_acf_changed":false,"inline_featured_image":false},"recipe":[],"product_brand":[],"product_cat":[7673,17394,7674,17467,17396,17481],"product_tag":[],"class_list":{"0":"post-94209","1":"product","2":"type-product","3":"status-publish","4":"has-post-thumbnail","6":"product_cat-bulk","7":"product_cat-bulk-roses","8":"product_cat-en-vrac","9":"product_cat-rose-70cm","10":"product_cat-bulk-roses-fr","11":"product_cat-rose-70cm-fr","13":"first","14":"instock","15":"shipping-taxable","16":"purchasable","17":"product-type-simple"},"acf":[],"_links":{"self":[{"href":"https:\/\/lebouquet.brstdev.com\/fr\/wp-json\/wp\/v2\/product\/94209","targetHints":{"allow":["GET"]}}],"collection":[{"href":"https:\/\/lebouquet.brstdev.com\/fr\/wp-json\/wp\/v2\/product"}],"about":[{"href":"https:\/\/lebouquet.brstdev.com\/fr\/wp-json\/wp\/v2\/types\/product"}],"replies":[{"embeddable":true,"href":"https:\/\/lebouquet.brstdev.com\/fr\/wp-json\/wp\/v2\/comments?post=94209"}],"wp:featuredmedia":[{"embeddable":true,"href":"https:\/\/lebouquet.brstdev.com\/fr\/wp-json\/wp\/v2\/media\/97060"}],"wp:attachment":[{"href":"https:\/\/lebouquet.brstdev.com\/fr\/wp-json\/wp\/v2\/media?parent=94209"}],"wp:term":[{"taxonomy":"recipe","embeddable":true,"href":"https:\/\/lebouquet.brstdev.com\/fr\/wp-json\/wp\/v2\/recipe?post=94209"},{"taxonomy":"product_brand","embeddable":true,"href":"https:\/\/lebouquet.brstdev.com\/fr\/wp-json\/wp\/v2\/product_brand?post=94209"},{"taxonomy":"product_cat","embeddable":true,"href":"https:\/\/lebouquet.brstdev.com\/fr\/wp-json\/wp\/v2\/product_cat?post=94209"},{"taxonomy":"product_tag","embeddable":true,"href":"https:\/\/lebouquet.brstdev.com\/fr\/wp-json\/wp\/v2\/product_tag?post=94209"}],"curies":[{"name":"wp","href":"https:\/\/api.w.org\/{rel}","templated":true}]}}