{"id":94167,"date":"2024-07-11T15:13:06","date_gmt":"2024-07-11T19:13:06","guid":{"rendered":"https:\/\/www.lebouquet.com\/daisy-mauve\/"},"modified":"2025-08-13T06:03:29","modified_gmt":"2025-08-13T10:03:29","slug":"marguerite-mauve","status":"publish","type":"product","link":"https:\/\/lebouquet.brstdev.com\/fr\/marguerite-mauve\/","title":{"rendered":"Marguerite mauve"},"content":{"rendered":"<p><span style=\"background-color:white;color:black\"><span lang=\"FR-CA\" dir=\"ltr\"><strong><u>*Pour garantir la disponibilit\u00e9, veuillez passer vos commandes au moins 2-3 semaines \u00e0 l&rsquo;avance.<\/u><\/strong><\/span><\/span><\/p>\n<p>Les marguerites Mauve apportent une touche douce et charmante \u00e0 toute composition florale. Leur teinte violette d\u00e9licate cr\u00e9e un contraste subtil avec les fleurs vives ou pastel, ce qui en fait un choix polyvalent pour les arrangements DIY, les centres de table et les bouquets. Id\u00e9ales pour les mariages, les \u00e9v\u00e9nements ou la d\u00e9coration quotidienne, ces marguerites en vrac sont fra\u00eeches et durables.<\/p>\n","protected":false},"excerpt":{"rendered":"<p><strong>Caract\u00e9ristiques Cl\u00e9s :<\/strong><\/p>\n<ul>\n<li><strong>Longueur :<\/strong> 60 cm<\/li>\n<li><strong>Couleur :<\/strong> Mauve<\/li>\n<li><strong>Id\u00e9al pour :<\/strong> Arrangements floraux DIY, mariages, \u00e9v\u00e9nements, d\u00e9corations de maison<\/li>\n<\/ul>\n<p><strong>Pour garder vos marguerites Mauve fra\u00eeches et \u00e9clatantes, suivez ces conseils d\u2019entretien :<\/strong><\/p>\n<ol>\n<li><strong>Coupez les tiges<\/strong> \u2013 \u00c0 r\u00e9ception, coupez 1 \u00e0 2 cm des tiges en biais avec des ciseaux propres ou un couteau tranchant.<\/li>\n<li><strong>Utilisez de l\u2019eau propre<\/strong> \u2013 Remplissez un vase propre avec de l\u2019eau fra\u00eeche et changez-la tous les deux jours.<\/li>\n<li><strong>Ajoutez du nutriment floral<\/strong> \u2013 Si disponible, ajoutez du nutriment pour fleurs afin de prolonger leur dur\u00e9e de vie.<\/li>\n<li><strong>Retirez le feuillage<\/strong> \u2013 Supprimez les feuilles immerg\u00e9es pour \u00e9viter la prolif\u00e9ration des bact\u00e9ries.<\/li>\n<li><strong>\u00c9vitez le soleil direct &amp; la chaleur<\/strong> \u2013 Placez les fleurs dans un endroit frais, loin de la lumi\u00e8re directe, des radiateurs et des courants d\u2019air.<\/li>\n<li><strong>V\u00e9rifiez le niveau d\u2019eau<\/strong> \u2013 Les marguerites boivent beaucoup d\u2019eau, assurez-vous que le niveau reste suffisant et remplissez au besoin.<\/li>\n<li><strong>Recoupez les tiges<\/strong> \u2013 Tous les quelques jours, recoupez les tiges pour favoriser l\u2019absorption de l\u2019eau.<\/li>\n<\/ol>\n<p>Avec ces soins, vos marguerites Mauve peuvent durer jusqu\u2019\u00e0 <strong>7 \u00e0 10 jours<\/strong> en vase !<\/p>\n","protected":false},"featured_media":94157,"comment_status":"open","ping_status":"closed","template":"","meta":{"_acf_changed":false,"inline_featured_image":false},"recipe":[],"product_brand":[],"product_cat":[17412,7673,17168,7674,17169,17453],"product_tag":[],"class_list":{"0":"post-94167","1":"product","2":"type-product","3":"status-publish","4":"has-post-thumbnail","6":"product_cat-bulk-daisies-chrysanthemums","7":"product_cat-bulk","8":"product_cat-bulk-flowers","9":"product_cat-en-vrac","10":"product_cat-fleurs-en-vrac","11":"product_cat-marguerites-et-chrysanthemes","13":"first","14":"instock","15":"shipping-taxable","16":"purchasable","17":"product-type-simple"},"acf":[],"_links":{"self":[{"href":"https:\/\/lebouquet.brstdev.com\/fr\/wp-json\/wp\/v2\/product\/94167","targetHints":{"allow":["GET"]}}],"collection":[{"href":"https:\/\/lebouquet.brstdev.com\/fr\/wp-json\/wp\/v2\/product"}],"about":[{"href":"https:\/\/lebouquet.brstdev.com\/fr\/wp-json\/wp\/v2\/types\/product"}],"replies":[{"embeddable":true,"href":"https:\/\/lebouquet.brstdev.com\/fr\/wp-json\/wp\/v2\/comments?post=94167"}],"wp:featuredmedia":[{"embeddable":true,"href":"https:\/\/lebouquet.brstdev.com\/fr\/wp-json\/wp\/v2\/media\/94157"}],"wp:attachment":[{"href":"https:\/\/lebouquet.brstdev.com\/fr\/wp-json\/wp\/v2\/media?parent=94167"}],"wp:term":[{"taxonomy":"recipe","embeddable":true,"href":"https:\/\/lebouquet.brstdev.com\/fr\/wp-json\/wp\/v2\/recipe?post=94167"},{"taxonomy":"product_brand","embeddable":true,"href":"https:\/\/lebouquet.brstdev.com\/fr\/wp-json\/wp\/v2\/product_brand?post=94167"},{"taxonomy":"product_cat","embeddable":true,"href":"https:\/\/lebouquet.brstdev.com\/fr\/wp-json\/wp\/v2\/product_cat?post=94167"},{"taxonomy":"product_tag","embeddable":true,"href":"https:\/\/lebouquet.brstdev.com\/fr\/wp-json\/wp\/v2\/product_tag?post=94167"}],"curies":[{"name":"wp","href":"https:\/\/api.w.org\/{rel}","templated":true}]}}