{"id":94143,"date":"2024-07-11T14:58:54","date_gmt":"2024-07-11T18:58:54","guid":{"rendered":"https:\/\/www.lebouquet.com\/daisy-yellow\/"},"modified":"2025-08-13T06:03:30","modified_gmt":"2025-08-13T10:03:30","slug":"marguerite-jaune","status":"publish","type":"product","link":"https:\/\/lebouquet.brstdev.com\/fr\/marguerite-jaune\/","title":{"rendered":"Marguerite jaune"},"content":{"rendered":"<p><span style=\"background-color:white;color:black\"><span lang=\"FR-CA\" dir=\"ltr\"><strong><u>*Pour garantir la disponibilit\u00e9, veuillez passer vos commandes au moins 2-3 semaines \u00e0 l&rsquo;avance.<\/u><\/strong><\/span><\/span><\/p>\n<p>Apportez une touche de soleil \u00e0 vos arrangements floraux avec les <strong>Marguerites Jaunes<\/strong>, un choix intemporel et \u00e9clatant pour tous vos projets floraux DIY. Symbolisant la joie et l\u2019amiti\u00e9, elles sont id\u00e9ales pour les mariages, anniversaires ou toute autre c\u00e9l\u00e9bration. Leur long\u00e9vit\u00e9 et leur couleur vibrante ajoutent une touche lumineuse aux bouquets, centres de table et d\u00e9corations florales.<\/p>\n","protected":false},"excerpt":{"rendered":"<p><strong>Caract\u00e9ristiques Cl\u00e9s :<\/strong><\/p>\n<ul>\n<li><strong>Longueur :<\/strong> 60 cm<\/li>\n<li><strong>Couleur :<\/strong> Jaune<\/li>\n<li><strong>Id\u00e9al pour :<\/strong> Arrangements floraux DIY, mariages, \u00e9v\u00e9nements, d\u00e9corations de maison<\/li>\n<\/ul>\n<p>&nbsp;<\/p>\n<p>Gardez vos <strong>Marguerites Jaunes<\/strong> fra\u00eeches et \u00e9clatantes avec ces conseils simples :<\/p>\n<ol>\n<li><strong>Taillez les tiges<\/strong> \u2013 D\u00e8s r\u00e9ception, coupez environ <strong>1-2 cm<\/strong> des tiges en <strong>biseau (45\u00b0)<\/strong> pour favoriser l\u2019absorption de l\u2019eau.<\/li>\n<li><strong>Utilisez de l&rsquo;eau propre<\/strong> \u2013 Placez-les dans un <strong>vase propre<\/strong> rempli d\u2019<strong>eau fra\u00eeche \u00e0 temp\u00e9rature ambiante<\/strong>, et changez l\u2019eau tous les <strong>2 jours<\/strong>.<\/li>\n<li><strong>Ajoutez du nutriment<\/strong> \u2013 Si disponible, m\u00e9langez le sachet de nutriments pour prolonger leur dur\u00e9e de vie.<\/li>\n<li><strong>\u00c9liminez les feuilles immerg\u00e9es<\/strong> \u2013 Retirez les feuilles sous la ligne d\u2019eau pour \u00e9viter la prolif\u00e9ration des bact\u00e9ries.<\/li>\n<li><strong>Gardez-les dans un endroit frais<\/strong> \u2013 \u00c9vitez l\u2019exposition directe au soleil, aux sources de chaleur et aux courants d\u2019air.<\/li>\n<li><strong>Recoupez les tiges r\u00e9guli\u00e8rement<\/strong> \u2013 Tous les quelques jours, taillez l\u00e9g\u00e8rement les tiges pour optimiser l\u2019absorption de l\u2019eau.<\/li>\n<\/ol>\n<p>Avec ces soins, vos <strong>Marguerites Jaunes<\/strong> resteront fra\u00eeches et magnifiques pendant <strong>7 \u00e0 10 jours<\/strong> !<\/p>\n","protected":false},"featured_media":94624,"comment_status":"open","ping_status":"closed","template":"","meta":{"_acf_changed":false,"inline_featured_image":false},"recipe":[],"product_brand":[],"product_cat":[17412,7673,17168,7674,17169,17453],"product_tag":[],"class_list":{"0":"post-94143","1":"product","2":"type-product","3":"status-publish","4":"has-post-thumbnail","6":"product_cat-bulk-daisies-chrysanthemums","7":"product_cat-bulk","8":"product_cat-bulk-flowers","9":"product_cat-en-vrac","10":"product_cat-fleurs-en-vrac","11":"product_cat-marguerites-et-chrysanthemes","13":"first","14":"instock","15":"shipping-taxable","16":"purchasable","17":"product-type-simple"},"acf":[],"_links":{"self":[{"href":"https:\/\/lebouquet.brstdev.com\/fr\/wp-json\/wp\/v2\/product\/94143","targetHints":{"allow":["GET"]}}],"collection":[{"href":"https:\/\/lebouquet.brstdev.com\/fr\/wp-json\/wp\/v2\/product"}],"about":[{"href":"https:\/\/lebouquet.brstdev.com\/fr\/wp-json\/wp\/v2\/types\/product"}],"replies":[{"embeddable":true,"href":"https:\/\/lebouquet.brstdev.com\/fr\/wp-json\/wp\/v2\/comments?post=94143"}],"wp:featuredmedia":[{"embeddable":true,"href":"https:\/\/lebouquet.brstdev.com\/fr\/wp-json\/wp\/v2\/media\/94624"}],"wp:attachment":[{"href":"https:\/\/lebouquet.brstdev.com\/fr\/wp-json\/wp\/v2\/media?parent=94143"}],"wp:term":[{"taxonomy":"recipe","embeddable":true,"href":"https:\/\/lebouquet.brstdev.com\/fr\/wp-json\/wp\/v2\/recipe?post=94143"},{"taxonomy":"product_brand","embeddable":true,"href":"https:\/\/lebouquet.brstdev.com\/fr\/wp-json\/wp\/v2\/product_brand?post=94143"},{"taxonomy":"product_cat","embeddable":true,"href":"https:\/\/lebouquet.brstdev.com\/fr\/wp-json\/wp\/v2\/product_cat?post=94143"},{"taxonomy":"product_tag","embeddable":true,"href":"https:\/\/lebouquet.brstdev.com\/fr\/wp-json\/wp\/v2\/product_tag?post=94143"}],"curies":[{"name":"wp","href":"https:\/\/api.w.org\/{rel}","templated":true}]}}