{"id":93617,"date":"2024-07-04T10:12:40","date_gmt":"2024-07-04T14:12:40","guid":{"rendered":"https:\/\/www.lebouquet.com\/light-pink-carnations-by-the-bunch\/"},"modified":"2025-08-13T06:03:47","modified_gmt":"2025-08-13T10:03:47","slug":"oeillets-rose-en-vrac","status":"publish","type":"product","link":"https:\/\/lebouquet.brstdev.com\/fr\/oeillets-rose-en-vrac\/","title":{"rendered":"Oeillets Roses en vrac"},"content":{"rendered":"<p><span style=\"background-color:white;color:black;\"><span lang=\"FR-CA\" dir=\"ltr\"><strong><u>*Pour garantir la disponibilit\u00e9, veuillez passer vos commandes au moins 2-3 semaines \u00e0 l&rsquo;avance.<\/u><\/strong><\/span><\/span><\/p>\n<p><span style=\"font-size:12.0pt;\"><span lang=\"FR-CA\" dir=\"ltr\">Ajoutez une touche de beaut\u00e9 avec nos \u0153illets roses, parfaits pour vos arrangements floraux DIY. Ces fleurs magnifiques, mesurant de 24 \u00e0 30 pouces de hauteur, sont id\u00e9ales pour cr\u00e9er vos propres bouquets, centres de table et d\u00e9corations florales. Recevez des \u0153illets frais et pr\u00eats \u00e0 l&#8217;emploi livr\u00e9s directement \u00e0 votre porte.<\/span><\/span><\/p>\n<p><span style=\"font-size:12.0pt;\"><strong>Caract\u00e9ristiques Cl\u00e9s :<\/strong><\/span><\/p>\n<ul>\n<li><span style=\"font-size:12.0pt;\"><strong>Longueur :<\/strong> 24-30 pouces<\/span><\/li>\n<li><span style=\"font-size:12.0pt;\"><strong>Couleur :<\/strong> Rose<\/span><\/li>\n<li><span style=\"font-size:12.0pt;\"><span lang=\"FR-CA\" dir=\"ltr\"><strong>Id\u00e9al pour :<\/strong> Arrangements floraux DIY, mariages, \u00e9v\u00e9nements, d\u00e9corations de maison<\/span><\/span><\/li>\n<\/ul>\n","protected":false},"excerpt":{"rendered":"<p><span style=\"font-size:12.0pt;\"><span lang=\"FR-CA\" dir=\"ltr\"><strong>Instructions de Pr\u00e9paration &amp; d&rsquo;Entretien pour les \u0152illets :<\/strong><\/span><\/span><\/p>\n<ol>\n<li><span style=\"font-size:12.0pt;\"><span lang=\"FR-CA\" dir=\"ltr\">D\u00e9ballez les fleurs imm\u00e9diatement et retirez l&#8217;emballage protecteur.<\/span><\/span><\/li>\n<li><span style=\"font-size:12.0pt;\"><span lang=\"FR-CA\" dir=\"ltr\">Coupez 1 \u00e0 2 pouces des tiges en biais \u00e0 un angle de 45 degr\u00e9s, en r\u00e9p\u00e9tant tous les 2-3 jours.<\/span><\/span><\/li>\n<li><span style=\"font-size:12.0pt;\"><span lang=\"FR-CA\" dir=\"ltr\">Placez les tiges dans un vase propre avec de l&rsquo;eau fra\u00eeche et ajoutez un conservateur floral.<\/span><\/span><\/li>\n<li><span style=\"font-size:12.0pt;\"><span lang=\"FR-CA\" dir=\"ltr\">Changez l&rsquo;eau et ajoutez un nouveau conservateur tous les 2-3 jours.<\/span><\/span><\/li>\n<li><span style=\"font-size:12.0pt;\"><span lang=\"FR-CA\" dir=\"ltr\">Gardez les fleurs dans un endroit frais, \u00e0 l&rsquo;abri de la lumi\u00e8re directe du soleil, des courants d&rsquo;air et des \u00e9vents.<\/span><\/span><\/li>\n<li><span style=\"font-size:12.0pt;\"><span lang=\"FR-CA\" dir=\"ltr\">\u00c9vitez de placer les fleurs pr\u00e8s de fruits ou l\u00e9gumes en maturation.<\/span><\/span><\/li>\n<li><span style=\"font-size:12.0pt;\"><span lang=\"FR-CA\" dir=\"ltr\">Retirez les p\u00e9tales fan\u00e9s ou endommag\u00e9s.<\/span><\/span><\/li>\n<li><span style=\"font-size:12.0pt;\"><span lang=\"FR-CA\" dir=\"ltr\">Utilisez un vase propre avec de l&rsquo;eau fra\u00eeche chaque fois que vous r\u00e9arrangez les fleurs.<\/span><\/span><\/li>\n<\/ol>\n<p><span style=\"font-size:12.0pt;\"><strong>Disponibilit\u00e9 &amp; D\u00e9tails :<\/strong><\/span><\/p>\n<ul>\n<li><span style=\"font-size:12.0pt;\">Disponible toute l&rsquo;ann\u00e9e<\/span><\/li>\n<li><span style=\"font-size:12.0pt;\"><span lang=\"FR-CA\" dir=\"ltr\">Pour garantir la disponibilit\u00e9, veuillez passer vos commandes au minimum 2-3 semaines \u00e0 l&rsquo;avance.<\/span><\/span><\/li>\n<li><span style=\"font-size:12.0pt;\"><span lang=\"FR-CA\" dir=\"ltr\">Pas d&rsquo;annulations deux semaines avant la livraison.<\/span><\/span><\/li>\n<li><span style=\"font-size:12.0pt;\"><span lang=\"FR-CA\" dir=\"ltr\">Le produit est livr\u00e9 emball\u00e9 tel qu&rsquo;il arrive de la ferme, non taill\u00e9 et non nettoy\u00e9.<\/span><\/span><\/li>\n<li><span style=\"font-size:12.0pt;\"><span lang=\"FR-CA\" dir=\"ltr\">Les couleurs peuvent varier de ce que vous voyez \u00e0 l&rsquo;\u00e9cran.<\/span><\/span><\/li>\n<li><span style=\"font-size:12.0pt;\"><span lang=\"FR-CA\" dir=\"ltr\">Veuillez noter que les prix peuvent changer sans pr\u00e9avis en fonction de certaines f\u00eates.<\/span><\/span><\/li>\n<li><span style=\"font-size:12.0pt;\"><span lang=\"FR-CA\" dir=\"ltr\">Le paiement est requis avant la livraison.<\/span><\/span><\/li>\n<\/ul>\n","protected":false},"featured_media":95031,"comment_status":"open","ping_status":"closed","template":"","meta":{"_acf_changed":false,"inline_featured_image":false},"recipe":[],"product_brand":[],"product_cat":[17414,7673,17168,7674,17169,17445],"product_tag":[],"class_list":{"0":"post-93617","1":"product","2":"type-product","3":"status-publish","4":"has-post-thumbnail","6":"product_cat-bulk-carnations","7":"product_cat-bulk","8":"product_cat-bulk-flowers","9":"product_cat-en-vrac","10":"product_cat-fleurs-en-vrac","11":"product_cat-oeillets-en-vrac","13":"first","14":"instock","15":"shipping-taxable","16":"purchasable","17":"product-type-simple"},"acf":[],"_links":{"self":[{"href":"https:\/\/lebouquet.brstdev.com\/fr\/wp-json\/wp\/v2\/product\/93617","targetHints":{"allow":["GET"]}}],"collection":[{"href":"https:\/\/lebouquet.brstdev.com\/fr\/wp-json\/wp\/v2\/product"}],"about":[{"href":"https:\/\/lebouquet.brstdev.com\/fr\/wp-json\/wp\/v2\/types\/product"}],"replies":[{"embeddable":true,"href":"https:\/\/lebouquet.brstdev.com\/fr\/wp-json\/wp\/v2\/comments?post=93617"}],"wp:featuredmedia":[{"embeddable":true,"href":"https:\/\/lebouquet.brstdev.com\/fr\/wp-json\/wp\/v2\/media\/95031"}],"wp:attachment":[{"href":"https:\/\/lebouquet.brstdev.com\/fr\/wp-json\/wp\/v2\/media?parent=93617"}],"wp:term":[{"taxonomy":"recipe","embeddable":true,"href":"https:\/\/lebouquet.brstdev.com\/fr\/wp-json\/wp\/v2\/recipe?post=93617"},{"taxonomy":"product_brand","embeddable":true,"href":"https:\/\/lebouquet.brstdev.com\/fr\/wp-json\/wp\/v2\/product_brand?post=93617"},{"taxonomy":"product_cat","embeddable":true,"href":"https:\/\/lebouquet.brstdev.com\/fr\/wp-json\/wp\/v2\/product_cat?post=93617"},{"taxonomy":"product_tag","embeddable":true,"href":"https:\/\/lebouquet.brstdev.com\/fr\/wp-json\/wp\/v2\/product_tag?post=93617"}],"curies":[{"name":"wp","href":"https:\/\/api.w.org\/{rel}","templated":true}]}}