{"id":93533,"date":"2024-07-03T10:26:34","date_gmt":"2024-07-03T14:26:34","guid":{"rendered":"https:\/\/www.lebouquet.com\/white-lisianthus-by-the-bunch\/"},"modified":"2025-08-13T06:03:49","modified_gmt":"2025-08-13T10:03:49","slug":"lisianthus-blanc-en-vrac","status":"publish","type":"product","link":"https:\/\/lebouquet.brstdev.com\/fr\/lisianthus-blanc-en-vrac\/","title":{"rendered":"Lisianthus Blanc en vrac"},"content":{"rendered":"<p><i><strong><u>Les commandes en gros doivent \u00eatre pass\u00e9es 2 semaines \u00e0 l\u2019avance.<\/u><\/strong><\/i><\/p>\n<p>D\u00e9couvrez le Lisianthus en gros, le summum de la beaut\u00e9 d\u00e9licate dans la cr\u00e9ation florale. Avec ses fleurs \u00e9l\u00e9gantes, semblables \u00e0 des roses, et ses p\u00e9tales doux et ondul\u00e9s, le Lisianthus apporte une touche de romantisme et de sophistication \u00e0 toute composition. Qu\u2019il soit utilis\u00e9 comme \u00e9l\u00e9ment central ou pour accompagner d\u2019autres fleurs, sa nature polyvalente en fait un favori parmi les fleuristes et les passionn\u00e9s. Sublimez vos cr\u00e9ations gr\u00e2ce au charme intemporel du bouquet de Lisianthus et laissez sa pr\u00e9sence gracieuse transformer vos arrangements en v\u00e9ritables \u0153uvres d\u2019art.<\/p>\n<p>Disponible dans une vari\u00e9t\u00e9 de couleurs. Vendu en bottes de 10 tiges, dimensions variables (22-26 pouces).<\/p>\n","protected":false},"excerpt":{"rendered":"<p>Les commandes en gros doivent \u00eatre pass\u00e9es 2 semaines \u00e0 l\u2019avance. D\u00e9couvrez le Lisianthus en gros, le summum de la beaut\u00e9 d\u00e9licate dans la cr\u00e9ation florale. Avec ses fleurs \u00e9l\u00e9gantes, semblables \u00e0 des roses, et ses p\u00e9tales doux et ondul\u00e9s, le Lisianthus apporte une touche de romantisme et de sophistication \u00e0 toute composition. Qu\u2019il soit [&hellip;]<\/p>\n","protected":false},"featured_media":105721,"comment_status":"open","ping_status":"closed","template":"","meta":{"_acf_changed":false,"inline_featured_image":false},"recipe":[],"product_brand":[],"product_cat":[7673,17168,17408,7674,17169,17428,17768,17767],"product_tag":[],"class_list":{"0":"post-93533","1":"product","2":"type-product","3":"status-publish","4":"has-post-thumbnail","6":"product_cat-bulk","7":"product_cat-bulk-flowers","8":"product_cat-bulk-lisianthus","9":"product_cat-en-vrac","10":"product_cat-fleurs-en-vrac","11":"product_cat-lisianthus-en-vrac","12":"product_cat-offres-speciales","13":"product_cat-special-offers","15":"first","16":"instock","17":"shipping-taxable","18":"purchasable","19":"product-type-simple","20":"sale_product_fr"},"acf":[],"_links":{"self":[{"href":"https:\/\/lebouquet.brstdev.com\/fr\/wp-json\/wp\/v2\/product\/93533","targetHints":{"allow":["GET"]}}],"collection":[{"href":"https:\/\/lebouquet.brstdev.com\/fr\/wp-json\/wp\/v2\/product"}],"about":[{"href":"https:\/\/lebouquet.brstdev.com\/fr\/wp-json\/wp\/v2\/types\/product"}],"replies":[{"embeddable":true,"href":"https:\/\/lebouquet.brstdev.com\/fr\/wp-json\/wp\/v2\/comments?post=93533"}],"wp:featuredmedia":[{"embeddable":true,"href":"https:\/\/lebouquet.brstdev.com\/fr\/wp-json\/wp\/v2\/media\/105721"}],"wp:attachment":[{"href":"https:\/\/lebouquet.brstdev.com\/fr\/wp-json\/wp\/v2\/media?parent=93533"}],"wp:term":[{"taxonomy":"recipe","embeddable":true,"href":"https:\/\/lebouquet.brstdev.com\/fr\/wp-json\/wp\/v2\/recipe?post=93533"},{"taxonomy":"product_brand","embeddable":true,"href":"https:\/\/lebouquet.brstdev.com\/fr\/wp-json\/wp\/v2\/product_brand?post=93533"},{"taxonomy":"product_cat","embeddable":true,"href":"https:\/\/lebouquet.brstdev.com\/fr\/wp-json\/wp\/v2\/product_cat?post=93533"},{"taxonomy":"product_tag","embeddable":true,"href":"https:\/\/lebouquet.brstdev.com\/fr\/wp-json\/wp\/v2\/product_tag?post=93533"}],"curies":[{"name":"wp","href":"https:\/\/api.w.org\/{rel}","templated":true}]}}