{"id":90818,"date":"2024-04-26T14:04:52","date_gmt":"2024-04-26T18:04:52","guid":{"rendered":"https:\/\/www.lebouquet.com\/pink-serenade\/"},"modified":"2025-08-13T06:03:54","modified_gmt":"2025-08-13T10:03:54","slug":"serenade-rose","status":"publish","type":"product","link":"https:\/\/lebouquet.brstdev.com\/fr\/serenade-rose\/","title":{"rendered":"S\u00e9r\u00e9nade rose"},"content":{"rendered":"<p>En cette F\u00eate des M\u00e8res, honorez sa pr\u00e9sence avec le bouquet \u00ab\u00a0S\u00e9r\u00e9nade Rose\u00a0\u00bb, un m\u00e9lange harmonieux d&rsquo;\u00e9l\u00e9gance et d&rsquo;affection. De d\u00e9licates roses roses et des tulipes tendres se r\u00e9unissent dans cet arrangement exquis, symbolisant la gratitude et l&rsquo;admiration. Les roses, avec leur charme intemporel, s&rsquo;entrelacent avec les tulipes, incarnant la fra\u00eecheur et le renouveau que le printemps apporte.<\/p>\n<p>C\u00e9l\u00e9brez la femme la plus sp\u00e9ciale de votre vie avec cet arrangement qui murmure des m\u00e9lodies douces et \u00e9voque des souvenirs pr\u00e9cieux, la mani\u00e8re parfaite de dire \u00ab\u00a0Merci\u00a0\u00bb en cette F\u00eate des M\u00e8res.<\/p>\n","protected":false},"excerpt":{"rendered":"<p>En cette F\u00eate des M\u00e8res, honorez sa pr\u00e9sence avec le bouquet \u00ab\u00a0S\u00e9r\u00e9nade Rose\u00a0\u00bb, un m\u00e9lange harmonieux d&rsquo;\u00e9l\u00e9gance et d&rsquo;affection. De d\u00e9licates roses roses et des tulipes tendres se r\u00e9unissent dans cet arrangement exquis, symbolisant la gratitude et l&rsquo;admiration. Les roses, avec leur charme intemporel, s&rsquo;entrelacent avec les tulipes, incarnant la fra\u00eecheur et le renouveau que [&hellip;]<\/p>\n","protected":false},"featured_media":90812,"comment_status":"open","ping_status":"closed","template":"","meta":{"_acf_changed":false,"inline_featured_image":false},"recipe":[],"product_brand":[],"product_cat":[7560,7559,7561,7562],"product_tag":[],"class_list":{"0":"post-90818","1":"product","2":"type-product","3":"status-publish","4":"has-post-thumbnail","6":"product_cat-fleurs-2-2","7":"product_cat-flowers","8":"product_cat-roses","9":"product_cat-roses-fr","11":"first","12":"instock","13":"shipping-taxable","14":"purchasable","15":"product-type-simple"},"acf":[],"_links":{"self":[{"href":"https:\/\/lebouquet.brstdev.com\/fr\/wp-json\/wp\/v2\/product\/90818","targetHints":{"allow":["GET"]}}],"collection":[{"href":"https:\/\/lebouquet.brstdev.com\/fr\/wp-json\/wp\/v2\/product"}],"about":[{"href":"https:\/\/lebouquet.brstdev.com\/fr\/wp-json\/wp\/v2\/types\/product"}],"replies":[{"embeddable":true,"href":"https:\/\/lebouquet.brstdev.com\/fr\/wp-json\/wp\/v2\/comments?post=90818"}],"wp:featuredmedia":[{"embeddable":true,"href":"https:\/\/lebouquet.brstdev.com\/fr\/wp-json\/wp\/v2\/media\/90812"}],"wp:attachment":[{"href":"https:\/\/lebouquet.brstdev.com\/fr\/wp-json\/wp\/v2\/media?parent=90818"}],"wp:term":[{"taxonomy":"recipe","embeddable":true,"href":"https:\/\/lebouquet.brstdev.com\/fr\/wp-json\/wp\/v2\/recipe?post=90818"},{"taxonomy":"product_brand","embeddable":true,"href":"https:\/\/lebouquet.brstdev.com\/fr\/wp-json\/wp\/v2\/product_brand?post=90818"},{"taxonomy":"product_cat","embeddable":true,"href":"https:\/\/lebouquet.brstdev.com\/fr\/wp-json\/wp\/v2\/product_cat?post=90818"},{"taxonomy":"product_tag","embeddable":true,"href":"https:\/\/lebouquet.brstdev.com\/fr\/wp-json\/wp\/v2\/product_tag?post=90818"}],"curies":[{"name":"wp","href":"https:\/\/api.w.org\/{rel}","templated":true}]}}