{"id":90519,"date":"2024-04-16T20:17:41","date_gmt":"2024-04-17T00:17:41","guid":{"rendered":"https:\/\/www.lebouquet.com\/mixed-white-bouquet\/"},"modified":"2025-08-13T06:03:55","modified_gmt":"2025-08-13T10:03:55","slug":"bouquet-festif-edition","status":"publish","type":"product","link":"https:\/\/lebouquet.brstdev.com\/fr\/bouquet-festif-edition\/","title":{"rendered":"Bouquet festif &#8211; \u00e9dition \u00ab\u00a0Bal en blanc\u00a0\u00bb"},"content":{"rendered":"<p><span style=\"font-size:14.6667px\">Nous vous pr\u00e9sentons le \u00ab\u00a0Bouquet Festif &#8211; Bal en blanc\u00a0\u00bb, une c\u00e9l\u00e9bration de la beaut\u00e9 classique sous une touche monochrome. Cette exquise variante de notre appr\u00e9ci\u00e9 Bouquet Festif incarne l&rsquo;\u00e9l\u00e9gance intemporelle des fleurs blanches pures. Un luxueux assortiment de roses blanches, de lys et d&rsquo;autres fleurs de saison assorties s&rsquo;unissent pour cr\u00e9er une vision harmonieuse de tranquillit\u00e9 et de joie. Des touches de verdure luxuriante rehaussent les p\u00e9tales blancs nets, tandis que les feuilles d&rsquo;eucalyptus argent\u00e9es apportent une touche de sophistication raffin\u00e9e. Id\u00e9al pour les grandes c\u00e9l\u00e9brations ou comme symbole de sentiments sinc\u00e8res, ce bouquet a le pouvoir de v\u00e9hiculer l&rsquo;esprit festif \u00e0 travers sa simplicit\u00e9 \u00e9l\u00e9gante. Avec chaque fleur minutieusement choisie, l&rsquo;\u00e9dition \u00ab\u00a0Bal en blanc\u00a0\u00bb se pr\u00e9sente comme un hommage \u00e9clatant \u00e0 la beaut\u00e9 et \u00e0 l&rsquo;\u00e9l\u00e9gance qui r\u00e9sonnent avec toutes les occasions festives.<\/span><\/p>\n","protected":false},"excerpt":{"rendered":"<p>Nous vous pr\u00e9sentons le \u00ab\u00a0Bouquet Festif &#8211; Bal en blanc\u00a0\u00bb, une c\u00e9l\u00e9bration de la beaut\u00e9 classique sous une touche monochrome. Cette exquise variante de notre appr\u00e9ci\u00e9 Bouquet Festif incarne l&rsquo;\u00e9l\u00e9gance intemporelle des fleurs blanches pures. Un luxueux assortiment de roses blanches, de lys et d&rsquo;autres fleurs de saison assorties s&rsquo;unissent pour cr\u00e9er une vision harmonieuse [&hellip;]<\/p>\n","protected":false},"featured_media":90521,"comment_status":"open","ping_status":"closed","template":"","meta":{"_acf_changed":false,"inline_featured_image":false},"recipe":[],"product_brand":[],"product_cat":[7563,7564,7597,7560,7559,7569,17153,7598,7557,7558],"product_tag":[],"class_list":{"0":"post-90519","1":"product","2":"type-product","3":"status-publish","4":"has-post-thumbnail","6":"product_cat-bouquets","7":"product_cat-bouquets-2","8":"product_cat-easter","9":"product_cat-fleurs-2-2","10":"product_cat-flowers","11":"product_cat-occasions","12":"product_cat-occasions-fr","13":"product_cat-paques","14":"product_cat-passover","15":"product_cat-pessah","17":"first","18":"instock","19":"shipping-taxable","20":"purchasable","21":"product-type-simple"},"acf":[],"_links":{"self":[{"href":"https:\/\/lebouquet.brstdev.com\/fr\/wp-json\/wp\/v2\/product\/90519","targetHints":{"allow":["GET"]}}],"collection":[{"href":"https:\/\/lebouquet.brstdev.com\/fr\/wp-json\/wp\/v2\/product"}],"about":[{"href":"https:\/\/lebouquet.brstdev.com\/fr\/wp-json\/wp\/v2\/types\/product"}],"replies":[{"embeddable":true,"href":"https:\/\/lebouquet.brstdev.com\/fr\/wp-json\/wp\/v2\/comments?post=90519"}],"wp:featuredmedia":[{"embeddable":true,"href":"https:\/\/lebouquet.brstdev.com\/fr\/wp-json\/wp\/v2\/media\/90521"}],"wp:attachment":[{"href":"https:\/\/lebouquet.brstdev.com\/fr\/wp-json\/wp\/v2\/media?parent=90519"}],"wp:term":[{"taxonomy":"recipe","embeddable":true,"href":"https:\/\/lebouquet.brstdev.com\/fr\/wp-json\/wp\/v2\/recipe?post=90519"},{"taxonomy":"product_brand","embeddable":true,"href":"https:\/\/lebouquet.brstdev.com\/fr\/wp-json\/wp\/v2\/product_brand?post=90519"},{"taxonomy":"product_cat","embeddable":true,"href":"https:\/\/lebouquet.brstdev.com\/fr\/wp-json\/wp\/v2\/product_cat?post=90519"},{"taxonomy":"product_tag","embeddable":true,"href":"https:\/\/lebouquet.brstdev.com\/fr\/wp-json\/wp\/v2\/product_tag?post=90519"}],"curies":[{"name":"wp","href":"https:\/\/api.w.org\/{rel}","templated":true}]}}