{"id":90492,"date":"2024-04-13T15:37:28","date_gmt":"2024-04-13T19:37:28","guid":{"rendered":"https:\/\/www.lebouquet.com\/double-white-phalaenopsis-orchid-plant\/"},"modified":"2025-08-13T06:19:42","modified_gmt":"2025-08-13T10:19:42","slug":"plante-dorchidee-phalaenopsis-blanche-a-double-fleur","status":"publish","type":"product","link":"https:\/\/lebouquet.brstdev.com\/fr\/plante-dorchidee-phalaenopsis-blanche-a-double-fleur\/","title":{"rendered":"Plante d&rsquo;orchid\u00e9e Phalaenopsis blanche \u00e0 double fleur"},"content":{"rendered":"<p>Rehaussez votre espace avec notre orchid\u00e9e phalaenopsis blanche \u00e0 double tige\u00a0\u00bb. D\u00e9licatement con\u00e7u et \u00e9l\u00e9gamment pr\u00e9sent\u00e9, ce magnifique orchid\u00e9e arbore non pas une, mais deux tiges gracieuses orn\u00e9es de fleurs d&rsquo;un blanc immacul\u00e9. Avec sa beaut\u00e9 intemporelle et son charme sans effort, notre orchid\u00e9e Phalaenopsis \u00e0 double tige ajoute une touche de sophistication \u00e0 tout d\u00e9cor int\u00e9rieur. Que ce soit comme cadeau ou comme pi\u00e8ce ma\u00eetresse pour votre maison ou votre bureau, plongez dans l&rsquo;allure luxueuse de cette orchid\u00e9e magnifique. D\u00e9couvrez aujourd&rsquo;hui la parfaite harmonie entre la gr\u00e2ce de la nature et l&rsquo;\u00e9l\u00e9gance contemporaine.<\/p>\n","protected":false},"excerpt":{"rendered":"<p>La plante mesure en moyenne 25 pouces de hauteur, et la fleur d&rsquo;orchid\u00e9e elle-m\u00eame 4 pouces de largeur!<\/p>\n","protected":false},"featured_media":90484,"comment_status":"open","ping_status":"closed","template":"","meta":{"_acf_changed":false},"recipe":[],"product_brand":[],"product_cat":[7645,18053,7646,18052,7554,7553],"product_tag":[],"class_list":{"0":"post-90492","1":"product","2":"type-product","3":"status-publish","4":"has-post-thumbnail","6":"product_cat-flowering-and-green-plants","7":"product_cat-plantes","8":"product_cat-plantes-vertes-et-fleuries","9":"product_cat-plants","10":"product_cat-populaires","11":"product_cat-popular","13":"first","14":"instock","15":"shipping-taxable","16":"purchasable","17":"product-type-simple"},"acf":[],"_links":{"self":[{"href":"https:\/\/lebouquet.brstdev.com\/fr\/wp-json\/wp\/v2\/product\/90492","targetHints":{"allow":["GET"]}}],"collection":[{"href":"https:\/\/lebouquet.brstdev.com\/fr\/wp-json\/wp\/v2\/product"}],"about":[{"href":"https:\/\/lebouquet.brstdev.com\/fr\/wp-json\/wp\/v2\/types\/product"}],"replies":[{"embeddable":true,"href":"https:\/\/lebouquet.brstdev.com\/fr\/wp-json\/wp\/v2\/comments?post=90492"}],"wp:featuredmedia":[{"embeddable":true,"href":"https:\/\/lebouquet.brstdev.com\/fr\/wp-json\/wp\/v2\/media\/90484"}],"wp:attachment":[{"href":"https:\/\/lebouquet.brstdev.com\/fr\/wp-json\/wp\/v2\/media?parent=90492"}],"wp:term":[{"taxonomy":"recipe","embeddable":true,"href":"https:\/\/lebouquet.brstdev.com\/fr\/wp-json\/wp\/v2\/recipe?post=90492"},{"taxonomy":"product_brand","embeddable":true,"href":"https:\/\/lebouquet.brstdev.com\/fr\/wp-json\/wp\/v2\/product_brand?post=90492"},{"taxonomy":"product_cat","embeddable":true,"href":"https:\/\/lebouquet.brstdev.com\/fr\/wp-json\/wp\/v2\/product_cat?post=90492"},{"taxonomy":"product_tag","embeddable":true,"href":"https:\/\/lebouquet.brstdev.com\/fr\/wp-json\/wp\/v2\/product_tag?post=90492"}],"curies":[{"name":"wp","href":"https:\/\/api.w.org\/{rel}","templated":true}]}}