{"id":90447,"date":"2024-04-10T12:06:58","date_gmt":"2024-04-10T16:06:58","guid":{"rendered":"https:\/\/www.lebouquet.com\/pink-flamingo\/"},"modified":"2025-08-13T06:03:56","modified_gmt":"2025-08-13T10:03:56","slug":"flamant-rose","status":"publish","type":"product","link":"https:\/\/lebouquet.brstdev.com\/fr\/flamant-rose\/","title":{"rendered":"Flamant rose"},"content":{"rendered":"<p>D\u00e9couvrez le \u00ab\u00a0Pink Flamingo\u00a0\u00bb &#8211; un bouquet captivant compos\u00e9 de fleurs de qualit\u00e9 sup\u00e9rieure pour rehausser n&rsquo;importe quel espace. Ce superbe arrangement comprend un d\u00e9licieux m\u00e9lange de fleurs doubles, de roses, de roses en spray, de gerberas, d&rsquo;hortensias, de lisianthus et d&rsquo;eucalyptus en graine.<\/p>\n<p>Chaque fleur est s\u00e9lectionn\u00e9e et dispos\u00e9e de mani\u00e8re experte pour cr\u00e9er une composition visuellement attrayante et \u00e9l\u00e9gante. Que vous souhaitiez embellir votre int\u00e9rieur ou que vous cherchiez le cadeau id\u00e9al, le \u00ab\u00a0Pink Flamingo\u00a0\u00bb promet d&rsquo;apporter de la joie et de la sophistication.<\/p>\n<p>Illuminez votre environnement avec la beaut\u00e9 du \u00ab\u00a0Flamant rose\u00a0\u00bb &#8211; un charmant m\u00e9lange de teintes roses et de verdure luxuriante, id\u00e9al pour toutes les occasions. Commandez la v\u00f4tre d\u00e8s aujourd&rsquo;hui pour d\u00e9couvrir l&rsquo;enchantement de cette cr\u00e9ation florale exquise.<\/p>\n","protected":false},"excerpt":{"rendered":"<p>12&Prime; H x 10 L<\/p>\n","protected":false},"featured_media":90438,"comment_status":"open","ping_status":"closed","template":"","meta":{"_acf_changed":false,"inline_featured_image":false},"recipe":[],"product_brand":[],"product_cat":[7565,7566,7560,7559,7569,17153,7557,7558,7554,7553],"product_tag":[],"class_list":{"0":"post-90447","1":"product","2":"type-product","3":"status-publish","4":"has-post-thumbnail","6":"product_cat-arrangements","7":"product_cat-arrangements-2","8":"product_cat-fleurs-2-2","9":"product_cat-flowers","10":"product_cat-occasions","11":"product_cat-occasions-fr","12":"product_cat-passover","13":"product_cat-pessah","14":"product_cat-populaires","15":"product_cat-popular","17":"first","18":"instock","19":"shipping-taxable","20":"purchasable","21":"product-type-simple"},"acf":[],"_links":{"self":[{"href":"https:\/\/lebouquet.brstdev.com\/fr\/wp-json\/wp\/v2\/product\/90447","targetHints":{"allow":["GET"]}}],"collection":[{"href":"https:\/\/lebouquet.brstdev.com\/fr\/wp-json\/wp\/v2\/product"}],"about":[{"href":"https:\/\/lebouquet.brstdev.com\/fr\/wp-json\/wp\/v2\/types\/product"}],"replies":[{"embeddable":true,"href":"https:\/\/lebouquet.brstdev.com\/fr\/wp-json\/wp\/v2\/comments?post=90447"}],"wp:featuredmedia":[{"embeddable":true,"href":"https:\/\/lebouquet.brstdev.com\/fr\/wp-json\/wp\/v2\/media\/90438"}],"wp:attachment":[{"href":"https:\/\/lebouquet.brstdev.com\/fr\/wp-json\/wp\/v2\/media?parent=90447"}],"wp:term":[{"taxonomy":"recipe","embeddable":true,"href":"https:\/\/lebouquet.brstdev.com\/fr\/wp-json\/wp\/v2\/recipe?post=90447"},{"taxonomy":"product_brand","embeddable":true,"href":"https:\/\/lebouquet.brstdev.com\/fr\/wp-json\/wp\/v2\/product_brand?post=90447"},{"taxonomy":"product_cat","embeddable":true,"href":"https:\/\/lebouquet.brstdev.com\/fr\/wp-json\/wp\/v2\/product_cat?post=90447"},{"taxonomy":"product_tag","embeddable":true,"href":"https:\/\/lebouquet.brstdev.com\/fr\/wp-json\/wp\/v2\/product_tag?post=90447"}],"curies":[{"name":"wp","href":"https:\/\/api.w.org\/{rel}","templated":true}]}}