{"id":90427,"date":"2024-04-09T13:59:33","date_gmt":"2024-04-09T17:59:33","guid":{"rendered":"https:\/\/www.lebouquet.com\/blue-skies\/"},"modified":"2025-08-13T06:03:57","modified_gmt":"2025-08-13T10:03:57","slug":"ciel-bleu","status":"publish","type":"product","link":"https:\/\/lebouquet.brstdev.com\/fr\/ciel-bleu\/","title":{"rendered":"Ciel Bleu"},"content":{"rendered":"<p>D\u00e9couvrez notre superbe composition florale \u00ab\u00a0Blue Skies\u00a0\u00bb compos\u00e9e d&rsquo;hortensias bleus, de roses blanches et bleues et de delphiniums. Embrassez la s\u00e9r\u00e9nit\u00e9 d&rsquo;un ciel bleu clair avec cet ensemble floral exquis. Parfait pour la d\u00e9coration de la maison ou pour un cadeau attentionn\u00e9. Commandez d\u00e8s maintenant !<\/p>\n","protected":false},"excerpt":{"rendered":"<p>12 L x 20 H<\/p>\n","protected":false},"featured_media":90429,"comment_status":"open","ping_status":"closed","template":"","meta":{"_acf_changed":false,"inline_featured_image":false},"recipe":[],"product_brand":[],"product_cat":[7565,7566,7560,7559],"product_tag":[],"class_list":{"0":"post-90427","1":"product","2":"type-product","3":"status-publish","4":"has-post-thumbnail","6":"product_cat-arrangements","7":"product_cat-arrangements-2","8":"product_cat-fleurs-2-2","9":"product_cat-flowers","11":"first","12":"instock","13":"shipping-taxable","14":"purchasable","15":"product-type-simple"},"acf":[],"_links":{"self":[{"href":"https:\/\/lebouquet.brstdev.com\/fr\/wp-json\/wp\/v2\/product\/90427","targetHints":{"allow":["GET"]}}],"collection":[{"href":"https:\/\/lebouquet.brstdev.com\/fr\/wp-json\/wp\/v2\/product"}],"about":[{"href":"https:\/\/lebouquet.brstdev.com\/fr\/wp-json\/wp\/v2\/types\/product"}],"replies":[{"embeddable":true,"href":"https:\/\/lebouquet.brstdev.com\/fr\/wp-json\/wp\/v2\/comments?post=90427"}],"wp:featuredmedia":[{"embeddable":true,"href":"https:\/\/lebouquet.brstdev.com\/fr\/wp-json\/wp\/v2\/media\/90429"}],"wp:attachment":[{"href":"https:\/\/lebouquet.brstdev.com\/fr\/wp-json\/wp\/v2\/media?parent=90427"}],"wp:term":[{"taxonomy":"recipe","embeddable":true,"href":"https:\/\/lebouquet.brstdev.com\/fr\/wp-json\/wp\/v2\/recipe?post=90427"},{"taxonomy":"product_brand","embeddable":true,"href":"https:\/\/lebouquet.brstdev.com\/fr\/wp-json\/wp\/v2\/product_brand?post=90427"},{"taxonomy":"product_cat","embeddable":true,"href":"https:\/\/lebouquet.brstdev.com\/fr\/wp-json\/wp\/v2\/product_cat?post=90427"},{"taxonomy":"product_tag","embeddable":true,"href":"https:\/\/lebouquet.brstdev.com\/fr\/wp-json\/wp\/v2\/product_tag?post=90427"}],"curies":[{"name":"wp","href":"https:\/\/api.w.org\/{rel}","templated":true}]}}