{"id":90339,"date":"2024-04-09T10:25:51","date_gmt":"2024-04-09T14:25:51","guid":{"rendered":"https:\/\/www.lebouquet.com\/vases\/"},"modified":"2025-08-13T06:03:58","modified_gmt":"2025-08-13T10:03:58","slug":"vases","status":"publish","type":"product","link":"https:\/\/lebouquet.brstdev.com\/fr\/vases\/","title":{"rendered":"Vases"},"content":{"rendered":"<p>Cat\u00e9gorie d&rsquo;utilisation g\u00e9n\u00e9rale pour les vases.<\/p>\n","protected":false},"excerpt":{"rendered":"<p>Cat\u00e9gorie d&rsquo;utilisation g\u00e9n\u00e9rale pour les vases.<\/p>\n","protected":false},"featured_media":90385,"comment_status":"open","ping_status":"closed","template":"","meta":{"_acf_changed":false,"inline_featured_image":false},"recipe":[],"product_brand":[],"product_cat":[7658,7657,7648,7647],"product_tag":[],"class_list":{"0":"post-90339","1":"product","2":"type-product","3":"status-publish","4":"has-post-thumbnail","6":"product_cat-accessoires","7":"product_cat-accessories","8":"product_cat-cadeaux","9":"product_cat-gift-shop","11":"first","12":"instock","13":"shipping-taxable","14":"purchasable","15":"product-type-simple"},"acf":[],"_links":{"self":[{"href":"https:\/\/lebouquet.brstdev.com\/fr\/wp-json\/wp\/v2\/product\/90339","targetHints":{"allow":["GET"]}}],"collection":[{"href":"https:\/\/lebouquet.brstdev.com\/fr\/wp-json\/wp\/v2\/product"}],"about":[{"href":"https:\/\/lebouquet.brstdev.com\/fr\/wp-json\/wp\/v2\/types\/product"}],"replies":[{"embeddable":true,"href":"https:\/\/lebouquet.brstdev.com\/fr\/wp-json\/wp\/v2\/comments?post=90339"}],"wp:featuredmedia":[{"embeddable":true,"href":"https:\/\/lebouquet.brstdev.com\/fr\/wp-json\/wp\/v2\/media\/90385"}],"wp:attachment":[{"href":"https:\/\/lebouquet.brstdev.com\/fr\/wp-json\/wp\/v2\/media?parent=90339"}],"wp:term":[{"taxonomy":"recipe","embeddable":true,"href":"https:\/\/lebouquet.brstdev.com\/fr\/wp-json\/wp\/v2\/recipe?post=90339"},{"taxonomy":"product_brand","embeddable":true,"href":"https:\/\/lebouquet.brstdev.com\/fr\/wp-json\/wp\/v2\/product_brand?post=90339"},{"taxonomy":"product_cat","embeddable":true,"href":"https:\/\/lebouquet.brstdev.com\/fr\/wp-json\/wp\/v2\/product_cat?post=90339"},{"taxonomy":"product_tag","embeddable":true,"href":"https:\/\/lebouquet.brstdev.com\/fr\/wp-json\/wp\/v2\/product_tag?post=90339"}],"curies":[{"name":"wp","href":"https:\/\/api.w.org\/{rel}","templated":true}]}}