{"id":90324,"date":"2024-04-09T10:11:45","date_gmt":"2024-04-09T14:11:45","guid":{"rendered":"https:\/\/www.lebouquet.com\/cut-flowers\/"},"modified":"2025-08-13T06:04:00","modified_gmt":"2025-08-13T10:04:00","slug":"fleurs-coupees","status":"publish","type":"product","link":"https:\/\/lebouquet.brstdev.com\/fr\/fleurs-coupees\/","title":{"rendered":"Fleurs coup\u00e9es"},"content":{"rendered":"<p>Cat\u00e9gorie d&rsquo;utilisation g\u00e9n\u00e9rale pour les fleurs coup\u00e9es.<\/p>\n","protected":false},"excerpt":{"rendered":"<p>Cat\u00e9gorie d&rsquo;utilisation g\u00e9n\u00e9rale pour les fleurs coup\u00e9es.<\/p>\n","protected":false},"featured_media":90374,"comment_status":"open","ping_status":"closed","template":"","meta":{"_acf_changed":false,"inline_featured_image":false},"recipe":[],"product_brand":[],"product_cat":[7563,7564,7560,7559],"product_tag":[],"class_list":{"0":"post-90324","1":"product","2":"type-product","3":"status-publish","4":"has-post-thumbnail","6":"product_cat-bouquets","7":"product_cat-bouquets-2","8":"product_cat-fleurs-2-2","9":"product_cat-flowers","11":"first","12":"instock","13":"shipping-taxable","14":"purchasable","15":"product-type-simple"},"acf":[],"_links":{"self":[{"href":"https:\/\/lebouquet.brstdev.com\/fr\/wp-json\/wp\/v2\/product\/90324","targetHints":{"allow":["GET"]}}],"collection":[{"href":"https:\/\/lebouquet.brstdev.com\/fr\/wp-json\/wp\/v2\/product"}],"about":[{"href":"https:\/\/lebouquet.brstdev.com\/fr\/wp-json\/wp\/v2\/types\/product"}],"replies":[{"embeddable":true,"href":"https:\/\/lebouquet.brstdev.com\/fr\/wp-json\/wp\/v2\/comments?post=90324"}],"wp:featuredmedia":[{"embeddable":true,"href":"https:\/\/lebouquet.brstdev.com\/fr\/wp-json\/wp\/v2\/media\/90374"}],"wp:attachment":[{"href":"https:\/\/lebouquet.brstdev.com\/fr\/wp-json\/wp\/v2\/media?parent=90324"}],"wp:term":[{"taxonomy":"recipe","embeddable":true,"href":"https:\/\/lebouquet.brstdev.com\/fr\/wp-json\/wp\/v2\/recipe?post=90324"},{"taxonomy":"product_brand","embeddable":true,"href":"https:\/\/lebouquet.brstdev.com\/fr\/wp-json\/wp\/v2\/product_brand?post=90324"},{"taxonomy":"product_cat","embeddable":true,"href":"https:\/\/lebouquet.brstdev.com\/fr\/wp-json\/wp\/v2\/product_cat?post=90324"},{"taxonomy":"product_tag","embeddable":true,"href":"https:\/\/lebouquet.brstdev.com\/fr\/wp-json\/wp\/v2\/product_tag?post=90324"}],"curies":[{"name":"wp","href":"https:\/\/api.w.org\/{rel}","templated":true}]}}