{"id":90318,"date":"2024-04-09T10:02:05","date_gmt":"2024-04-09T14:02:05","guid":{"rendered":"https:\/\/www.lebouquet.com\/green-plants\/"},"modified":"2025-08-13T06:04:01","modified_gmt":"2025-08-13T10:04:01","slug":"plantes-vertes","status":"publish","type":"product","link":"https:\/\/lebouquet.brstdev.com\/fr\/plantes-vertes\/","title":{"rendered":"Plantes vertes"},"content":{"rendered":"<p>Cat\u00e9gorie d&rsquo;utilisation g\u00e9n\u00e9rale pour les plantes vertes.<\/p>\n","protected":false},"excerpt":{"rendered":"<p>Cat\u00e9gorie d&rsquo;utilisation g\u00e9n\u00e9rale pour les plantes vertes.<\/p>\n","protected":false},"featured_media":90389,"comment_status":"open","ping_status":"closed","template":"","meta":{"_acf_changed":false,"inline_featured_image":false},"recipe":[],"product_brand":[],"product_cat":[7645,18053,7646,18052],"product_tag":[],"class_list":{"0":"post-90318","1":"product","2":"type-product","3":"status-publish","4":"has-post-thumbnail","6":"product_cat-flowering-and-green-plants","7":"product_cat-plantes","8":"product_cat-plantes-vertes-et-fleuries","9":"product_cat-plants","11":"first","12":"instock","13":"shipping-taxable","14":"purchasable","15":"product-type-simple"},"acf":[],"_links":{"self":[{"href":"https:\/\/lebouquet.brstdev.com\/fr\/wp-json\/wp\/v2\/product\/90318","targetHints":{"allow":["GET"]}}],"collection":[{"href":"https:\/\/lebouquet.brstdev.com\/fr\/wp-json\/wp\/v2\/product"}],"about":[{"href":"https:\/\/lebouquet.brstdev.com\/fr\/wp-json\/wp\/v2\/types\/product"}],"replies":[{"embeddable":true,"href":"https:\/\/lebouquet.brstdev.com\/fr\/wp-json\/wp\/v2\/comments?post=90318"}],"wp:featuredmedia":[{"embeddable":true,"href":"https:\/\/lebouquet.brstdev.com\/fr\/wp-json\/wp\/v2\/media\/90389"}],"wp:attachment":[{"href":"https:\/\/lebouquet.brstdev.com\/fr\/wp-json\/wp\/v2\/media?parent=90318"}],"wp:term":[{"taxonomy":"recipe","embeddable":true,"href":"https:\/\/lebouquet.brstdev.com\/fr\/wp-json\/wp\/v2\/recipe?post=90318"},{"taxonomy":"product_brand","embeddable":true,"href":"https:\/\/lebouquet.brstdev.com\/fr\/wp-json\/wp\/v2\/product_brand?post=90318"},{"taxonomy":"product_cat","embeddable":true,"href":"https:\/\/lebouquet.brstdev.com\/fr\/wp-json\/wp\/v2\/product_cat?post=90318"},{"taxonomy":"product_tag","embeddable":true,"href":"https:\/\/lebouquet.brstdev.com\/fr\/wp-json\/wp\/v2\/product_tag?post=90318"}],"curies":[{"name":"wp","href":"https:\/\/api.w.org\/{rel}","templated":true}]}}