{"id":87119,"date":"2024-01-31T14:58:04","date_gmt":"2024-01-31T19:58:04","guid":{"rendered":"https:\/\/www.lebouquet.com\/leonidas-red-velvet-heart-shaped-chocolate-box\/"},"modified":"2025-08-13T06:04:07","modified_gmt":"2025-08-13T10:04:07","slug":"boite-de-chocolats-en-coeur-de-velour-leonidas","status":"publish","type":"product","link":"https:\/\/lebouquet.brstdev.com\/fr\/boite-de-chocolats-en-coeur-de-velour-leonidas\/","title":{"rendered":"Bo\u00eete de chocolats en coeur de velour Leonidas"},"content":{"rendered":"<p>Pr\u00e9sentation de notre bo\u00eete en velours en forme de c\u0153ur remplie de 9 chocolats assortis de chez Leonidas. Un cadeau d&rsquo;\u00e9l\u00e9gance et d&rsquo;indulgence pour la Saint-Valentin.<\/p>\n","protected":false},"excerpt":{"rendered":"<p>Approximately 7&Prime;<\/p>\n","protected":false},"featured_media":87117,"comment_status":"open","ping_status":"closed","template":"","meta":{"_acf_changed":false,"inline_featured_image":false},"recipe":[],"product_brand":[],"product_cat":[7648,7649,17155,7569,7647,17153,7572,7571],"product_tag":[],"class_list":{"0":"post-87119","1":"product","2":"type-product","3":"status-publish","4":"has-post-thumbnail","6":"product_cat-cadeaux","7":"product_cat-chocolates","8":"product_cat-chocolates-fr","9":"product_cat-occasions","10":"product_cat-gift-shop","11":"product_cat-occasions-fr","12":"product_cat-saint-valentin","13":"product_cat-valentines","15":"first","16":"instock","17":"shipping-taxable","18":"purchasable","19":"product-type-simple"},"acf":[],"_links":{"self":[{"href":"https:\/\/lebouquet.brstdev.com\/fr\/wp-json\/wp\/v2\/product\/87119","targetHints":{"allow":["GET"]}}],"collection":[{"href":"https:\/\/lebouquet.brstdev.com\/fr\/wp-json\/wp\/v2\/product"}],"about":[{"href":"https:\/\/lebouquet.brstdev.com\/fr\/wp-json\/wp\/v2\/types\/product"}],"replies":[{"embeddable":true,"href":"https:\/\/lebouquet.brstdev.com\/fr\/wp-json\/wp\/v2\/comments?post=87119"}],"wp:featuredmedia":[{"embeddable":true,"href":"https:\/\/lebouquet.brstdev.com\/fr\/wp-json\/wp\/v2\/media\/87117"}],"wp:attachment":[{"href":"https:\/\/lebouquet.brstdev.com\/fr\/wp-json\/wp\/v2\/media?parent=87119"}],"wp:term":[{"taxonomy":"recipe","embeddable":true,"href":"https:\/\/lebouquet.brstdev.com\/fr\/wp-json\/wp\/v2\/recipe?post=87119"},{"taxonomy":"product_brand","embeddable":true,"href":"https:\/\/lebouquet.brstdev.com\/fr\/wp-json\/wp\/v2\/product_brand?post=87119"},{"taxonomy":"product_cat","embeddable":true,"href":"https:\/\/lebouquet.brstdev.com\/fr\/wp-json\/wp\/v2\/product_cat?post=87119"},{"taxonomy":"product_tag","embeddable":true,"href":"https:\/\/lebouquet.brstdev.com\/fr\/wp-json\/wp\/v2\/product_tag?post=87119"}],"curies":[{"name":"wp","href":"https:\/\/api.w.org\/{rel}","templated":true}]}}