{"id":87114,"date":"2024-01-31T14:03:07","date_gmt":"2024-01-31T19:03:07","guid":{"rendered":"https:\/\/www.lebouquet.com\/valentines-giftset\/"},"modified":"2025-08-13T06:04:08","modified_gmt":"2025-08-13T10:04:08","slug":"lensemble-cadeau-saint-valentin","status":"publish","type":"product","link":"https:\/\/lebouquet.brstdev.com\/fr\/lensemble-cadeau-saint-valentin\/","title":{"rendered":"L&rsquo;ensemble cadeau Saint-Valentin"},"content":{"rendered":"<p>Pr\u00e9sentation de notre ensemble cadeau de la Saint-Valentin, une combinaison de charme et d&rsquo;indulgence. \u00c0 l&rsquo;int\u00e9rieur, d\u00e9couvrez un adorable peluche de paresseux blanc, neuf chocolats Leonidas et une mini-rose \u00e9ternelle rouge sous un d\u00f4me en verre, le tout nich\u00e9 dans un r\u00e9cipient en forme de c\u0153ur. C\u00e9l\u00e9brez l&rsquo;amour avec cet ensemble enchanteur.<\/p>\n","protected":false},"excerpt":{"rendered":"<p>Pr\u00e9sentation de notre ensemble cadeau de la Saint-Valentin, une combinaison de charme et d&rsquo;indulgence. \u00c0 l&rsquo;int\u00e9rieur, d\u00e9couvrez un adorable peluche de paresseux blanc, neuf chocolats Leonidas et une mini-rose \u00e9ternelle rouge sous un d\u00f4me en verre, le tout nich\u00e9 dans un r\u00e9cipient en forme de c\u0153ur. C\u00e9l\u00e9brez l&rsquo;amour avec cet ensemble enchanteur.<\/p>\n","protected":false},"featured_media":87237,"comment_status":"open","ping_status":"closed","template":"","meta":{"_acf_changed":false,"inline_featured_image":false},"recipe":[],"product_brand":[],"product_cat":[7648,7649,17155,7569,7647,17153,17768,7554,7553,17767],"product_tag":[],"class_list":{"0":"post-87114","1":"product","2":"type-product","3":"status-publish","4":"has-post-thumbnail","6":"product_cat-cadeaux","7":"product_cat-chocolates","8":"product_cat-chocolates-fr","9":"product_cat-occasions","10":"product_cat-gift-shop","11":"product_cat-occasions-fr","12":"product_cat-offres-speciales","13":"product_cat-populaires","14":"product_cat-popular","15":"product_cat-special-offers","17":"first","18":"instock","19":"shipping-taxable","20":"purchasable","21":"product-type-simple","22":"sale_product_fr"},"acf":[],"_links":{"self":[{"href":"https:\/\/lebouquet.brstdev.com\/fr\/wp-json\/wp\/v2\/product\/87114","targetHints":{"allow":["GET"]}}],"collection":[{"href":"https:\/\/lebouquet.brstdev.com\/fr\/wp-json\/wp\/v2\/product"}],"about":[{"href":"https:\/\/lebouquet.brstdev.com\/fr\/wp-json\/wp\/v2\/types\/product"}],"replies":[{"embeddable":true,"href":"https:\/\/lebouquet.brstdev.com\/fr\/wp-json\/wp\/v2\/comments?post=87114"}],"wp:featuredmedia":[{"embeddable":true,"href":"https:\/\/lebouquet.brstdev.com\/fr\/wp-json\/wp\/v2\/media\/87237"}],"wp:attachment":[{"href":"https:\/\/lebouquet.brstdev.com\/fr\/wp-json\/wp\/v2\/media?parent=87114"}],"wp:term":[{"taxonomy":"recipe","embeddable":true,"href":"https:\/\/lebouquet.brstdev.com\/fr\/wp-json\/wp\/v2\/recipe?post=87114"},{"taxonomy":"product_brand","embeddable":true,"href":"https:\/\/lebouquet.brstdev.com\/fr\/wp-json\/wp\/v2\/product_brand?post=87114"},{"taxonomy":"product_cat","embeddable":true,"href":"https:\/\/lebouquet.brstdev.com\/fr\/wp-json\/wp\/v2\/product_cat?post=87114"},{"taxonomy":"product_tag","embeddable":true,"href":"https:\/\/lebouquet.brstdev.com\/fr\/wp-json\/wp\/v2\/product_tag?post=87114"}],"curies":[{"name":"wp","href":"https:\/\/api.w.org\/{rel}","templated":true}]}}