{"id":86979,"date":"2024-01-30T15:59:44","date_gmt":"2024-01-30T20:59:44","guid":{"rendered":"https:\/\/www.lebouquet.com\/william-bear\/"},"modified":"2025-08-13T06:04:08","modified_gmt":"2025-08-13T10:04:08","slug":"william-lourson","status":"publish","type":"product","link":"https:\/\/lebouquet.brstdev.com\/fr\/william-lourson\/","title":{"rendered":"William l&rsquo;ourson"},"content":{"rendered":"<p>D\u00e9couvrez notre adorable ours en peluche blanc, un symbole moelleux de l&rsquo;amour ! Ce compagnon c\u00e2lin est accompagn\u00e9 d&rsquo;un c\u0153ur qui proclame fi\u00e8rement \u00ab\u00a0Je t&rsquo;aime\u00a0\u00bb. Avec sa fourrure douce et c\u00e2line et son message doux, c&rsquo;est le cadeau parfait pour exprimer son affection en toute occasion. Commandez maintenant pour partager l&rsquo;amour de mani\u00e8re charmante et d\u00e9licieuse !<\/p>\n","protected":false},"excerpt":{"rendered":"<p>8&Prime;<\/p>\n","protected":false},"featured_media":86970,"comment_status":"open","ping_status":"closed","template":"","meta":{"_acf_changed":false,"inline_featured_image":false},"recipe":[],"product_brand":[],"product_cat":[7648,7647,7652,7651],"product_tag":[],"class_list":{"0":"post-86979","1":"product","2":"type-product","3":"status-publish","4":"has-post-thumbnail","6":"product_cat-cadeaux","7":"product_cat-gift-shop","8":"product_cat-jouets-en-peluche","9":"product_cat-plush-toys","11":"first","12":"instock","13":"shipping-taxable","14":"purchasable","15":"product-type-simple"},"acf":[],"_links":{"self":[{"href":"https:\/\/lebouquet.brstdev.com\/fr\/wp-json\/wp\/v2\/product\/86979","targetHints":{"allow":["GET"]}}],"collection":[{"href":"https:\/\/lebouquet.brstdev.com\/fr\/wp-json\/wp\/v2\/product"}],"about":[{"href":"https:\/\/lebouquet.brstdev.com\/fr\/wp-json\/wp\/v2\/types\/product"}],"replies":[{"embeddable":true,"href":"https:\/\/lebouquet.brstdev.com\/fr\/wp-json\/wp\/v2\/comments?post=86979"}],"wp:featuredmedia":[{"embeddable":true,"href":"https:\/\/lebouquet.brstdev.com\/fr\/wp-json\/wp\/v2\/media\/86970"}],"wp:attachment":[{"href":"https:\/\/lebouquet.brstdev.com\/fr\/wp-json\/wp\/v2\/media?parent=86979"}],"wp:term":[{"taxonomy":"recipe","embeddable":true,"href":"https:\/\/lebouquet.brstdev.com\/fr\/wp-json\/wp\/v2\/recipe?post=86979"},{"taxonomy":"product_brand","embeddable":true,"href":"https:\/\/lebouquet.brstdev.com\/fr\/wp-json\/wp\/v2\/product_brand?post=86979"},{"taxonomy":"product_cat","embeddable":true,"href":"https:\/\/lebouquet.brstdev.com\/fr\/wp-json\/wp\/v2\/product_cat?post=86979"},{"taxonomy":"product_tag","embeddable":true,"href":"https:\/\/lebouquet.brstdev.com\/fr\/wp-json\/wp\/v2\/product_tag?post=86979"}],"curies":[{"name":"wp","href":"https:\/\/api.w.org\/{rel}","templated":true}]}}