{"id":68570,"date":"2024-01-19T10:26:49","date_gmt":"2024-01-19T15:26:49","guid":{"rendered":"https:\/\/lebouquetnew.brstdev.com\/harvest-pumpkin\/"},"modified":"2025-08-13T06:04:09","modified_gmt":"2025-08-13T10:04:09","slug":"citrouille-dautomne","status":"publish","type":"product","link":"https:\/\/lebouquet.brstdev.com\/fr\/citrouille-dautomne\/","title":{"rendered":"Citrouille d&rsquo;automne"},"content":{"rendered":"<p>C\u00e9l\u00e9brez l&rsquo;esprit de l&rsquo;automne avec notre charmant arrangement floral \u00ab\u00a0Citrouille d&rsquo;automne\u00a0\u00bb. Rempli de tournesols, de roses et de verdure de saison, ce bouquet vibrant apporte une touche festive \u00e0 n&rsquo;importe quelle pi\u00e8ce. L&rsquo;arrangement est pr\u00e9sent\u00e9 dans un vase en forme de citrouille, id\u00e9al comme centre de table pour les rassemblements de l&rsquo;Action de gr\u00e2ce ou pour la d\u00e9coration automnale. Les \u00e9pis de bl\u00e9 ajoutent une touche rustique, tandis que les teintes chaudes d&rsquo;orange et de jaune cr\u00e9ent une ambiance automnale chaleureuse.<\/p>\n","protected":false},"excerpt":{"rendered":"<p><strong>Dimensions:<\/strong> Hauteur : 12\u00a0\u00bb Largeur : 12\u00a0\u00bb<\/p>\n","protected":false},"featured_media":98666,"comment_status":"open","ping_status":"closed","template":"","meta":{"_acf_changed":false,"inline_featured_image":false},"recipe":[],"product_brand":[],"product_cat":[7556,7555,7560,7559,7569,17153,7554,7553],"product_tag":[],"class_list":{"0":"post-68570","1":"product","2":"type-product","3":"status-publish","4":"has-post-thumbnail","6":"product_cat-automne","7":"product_cat-fall","8":"product_cat-fleurs-2-2","9":"product_cat-flowers","10":"product_cat-occasions","11":"product_cat-occasions-fr","12":"product_cat-populaires","13":"product_cat-popular","15":"first","16":"instock","17":"shipping-taxable","18":"purchasable","19":"product-type-simple"},"acf":[],"_links":{"self":[{"href":"https:\/\/lebouquet.brstdev.com\/fr\/wp-json\/wp\/v2\/product\/68570","targetHints":{"allow":["GET"]}}],"collection":[{"href":"https:\/\/lebouquet.brstdev.com\/fr\/wp-json\/wp\/v2\/product"}],"about":[{"href":"https:\/\/lebouquet.brstdev.com\/fr\/wp-json\/wp\/v2\/types\/product"}],"replies":[{"embeddable":true,"href":"https:\/\/lebouquet.brstdev.com\/fr\/wp-json\/wp\/v2\/comments?post=68570"}],"wp:featuredmedia":[{"embeddable":true,"href":"https:\/\/lebouquet.brstdev.com\/fr\/wp-json\/wp\/v2\/media\/98666"}],"wp:attachment":[{"href":"https:\/\/lebouquet.brstdev.com\/fr\/wp-json\/wp\/v2\/media?parent=68570"}],"wp:term":[{"taxonomy":"recipe","embeddable":true,"href":"https:\/\/lebouquet.brstdev.com\/fr\/wp-json\/wp\/v2\/recipe?post=68570"},{"taxonomy":"product_brand","embeddable":true,"href":"https:\/\/lebouquet.brstdev.com\/fr\/wp-json\/wp\/v2\/product_brand?post=68570"},{"taxonomy":"product_cat","embeddable":true,"href":"https:\/\/lebouquet.brstdev.com\/fr\/wp-json\/wp\/v2\/product_cat?post=68570"},{"taxonomy":"product_tag","embeddable":true,"href":"https:\/\/lebouquet.brstdev.com\/fr\/wp-json\/wp\/v2\/product_tag?post=68570"}],"curies":[{"name":"wp","href":"https:\/\/api.w.org\/{rel}","templated":true}]}}