{"id":68385,"date":"2024-01-19T10:23:42","date_gmt":"2024-01-19T15:23:42","guid":{"rendered":"https:\/\/lebouquetnew.brstdev.com\/rainbow-roses\/"},"modified":"2025-08-13T06:04:15","modified_gmt":"2025-08-13T10:04:15","slug":"roses-arc-en-ciel","status":"publish","type":"product","link":"https:\/\/lebouquet.brstdev.com\/fr\/roses-arc-en-ciel\/","title":{"rendered":"Roses arc-en-ciel"},"content":{"rendered":"<p>Fa\u00e7onn\u00e9es \u00e0 travers un processus m\u00e9ticuleux, chaque rose d\u00e9bute sous la forme d&rsquo;un bourgeon blanc immacul\u00e9. Ensuite, gr\u00e2ce \u00e0 une technique sp\u00e9ciale, les fleuristes injectent des colorants dans la tige, permettant aux p\u00e9tales d&rsquo;absorber les couleurs progressivement. Alors que la rose absorbe l&rsquo;eau teint\u00e9e, les teintes commencent \u00e0 se r\u00e9pandre, cr\u00e9ant un effet de d\u00e9grad\u00e9 captivant qui imite les couleurs de l&rsquo;arc-en-ciel.<\/p>\n<p>Cette m\u00e9thode innovante transforme les roses ordinaires en \u0153uvres d&rsquo;art extraordinaires, chacune \u00e9tant une expression unique de beaut\u00e9 et d&rsquo;\u00e9merveillement. Des pastels doux aux couleurs primaires audacieuses, notre bouquet de Roses Arc-en-ciel met en valeur une gamme \u00e9blouissante de couleurs, garantissant que chaque fleur est unique.<\/p>\n<p>Parfait pour ajouter une touche de fantaisie \u00e0 n&rsquo;importe quelle occasion, ces roses radieuses sont s\u00fbres d&rsquo;illuminer les esprits et d&rsquo;apporter de la joie o\u00f9 qu&rsquo;elles soient expos\u00e9es. Que vous c\u00e9l\u00e9briez un anniversaire, un anniversaire de mariage, ou que vous souhaitiez simplement envoyer un message d&rsquo;amour et d&rsquo;appr\u00e9ciation, notre bouquet de Roses Arc-en-ciel est un choix d\u00e9licieux qui promet de laisser une impression durable.<\/p>\n<p>Disponibles en ensembles de 6, 12, 18 et 24 tiges. Vous avez la possibilit\u00e9 de choisir des arrangements avec ou sans d\u00e9licats accents floraux blancs, ajoutant une touche de contraste et de sophistication.<\/p>\n<p>&nbsp;<\/p>\n","protected":false},"excerpt":{"rendered":"<ul>\n<li><strong>Emball\u00e9<\/strong> : Un emballage classique et simple pour mettre en valeur la beaut\u00e9 naturelle des roses.<\/li>\n<li><strong>Vase<\/strong> : Une option pr\u00eate \u00e0 \u00eatre expos\u00e9e, parfaite pour une jouissance imm\u00e9diate.<\/li>\n<\/ul>\n","protected":false},"featured_media":101145,"comment_status":"open","ping_status":"closed","template":"","meta":{"_acf_changed":false,"inline_featured_image":false},"recipe":[],"product_brand":[],"product_cat":[7560,7559,7569,17153,7554,7553,7561,7562,7572,7571],"product_tag":[],"class_list":{"0":"post-68385","1":"product","2":"type-product","3":"status-publish","4":"has-post-thumbnail","6":"product_cat-fleurs-2-2","7":"product_cat-flowers","8":"product_cat-occasions","9":"product_cat-occasions-fr","10":"product_cat-populaires","11":"product_cat-popular","12":"product_cat-roses","13":"product_cat-roses-fr","14":"product_cat-saint-valentin","15":"product_cat-valentines","17":"first","18":"instock","19":"shipping-taxable","20":"purchasable","21":"product-type-simple"},"acf":[],"_links":{"self":[{"href":"https:\/\/lebouquet.brstdev.com\/fr\/wp-json\/wp\/v2\/product\/68385","targetHints":{"allow":["GET"]}}],"collection":[{"href":"https:\/\/lebouquet.brstdev.com\/fr\/wp-json\/wp\/v2\/product"}],"about":[{"href":"https:\/\/lebouquet.brstdev.com\/fr\/wp-json\/wp\/v2\/types\/product"}],"replies":[{"embeddable":true,"href":"https:\/\/lebouquet.brstdev.com\/fr\/wp-json\/wp\/v2\/comments?post=68385"}],"wp:featuredmedia":[{"embeddable":true,"href":"https:\/\/lebouquet.brstdev.com\/fr\/wp-json\/wp\/v2\/media\/101145"}],"wp:attachment":[{"href":"https:\/\/lebouquet.brstdev.com\/fr\/wp-json\/wp\/v2\/media?parent=68385"}],"wp:term":[{"taxonomy":"recipe","embeddable":true,"href":"https:\/\/lebouquet.brstdev.com\/fr\/wp-json\/wp\/v2\/recipe?post=68385"},{"taxonomy":"product_brand","embeddable":true,"href":"https:\/\/lebouquet.brstdev.com\/fr\/wp-json\/wp\/v2\/product_brand?post=68385"},{"taxonomy":"product_cat","embeddable":true,"href":"https:\/\/lebouquet.brstdev.com\/fr\/wp-json\/wp\/v2\/product_cat?post=68385"},{"taxonomy":"product_tag","embeddable":true,"href":"https:\/\/lebouquet.brstdev.com\/fr\/wp-json\/wp\/v2\/product_tag?post=68385"}],"curies":[{"name":"wp","href":"https:\/\/api.w.org\/{rel}","templated":true}]}}