{"id":68204,"date":"2024-01-19T10:22:45","date_gmt":"2024-01-19T15:22:45","guid":{"rendered":"https:\/\/lebouquetnew.brstdev.com\/dried-flowers\/"},"modified":"2025-08-13T06:04:19","modified_gmt":"2025-08-13T10:04:19","slug":"fleurs-sechees","status":"publish","type":"product","link":"https:\/\/lebouquet.brstdev.com\/fr\/fleurs-sechees\/","title":{"rendered":"Fleurs s\u00e9ch\u00e9es"},"content":{"rendered":"<p>Plongez dans l&rsquo;\u00e9l\u00e9gance intemporelle avec notre bouquet de fleurs s\u00e9ch\u00e9es, une symphonie d\u00e9licate de fleurs s\u00e9ch\u00e9es. Les nuances subtiles de rose, du p\u00e2le au profond, s&rsquo;entrelacent avec des touches de blanc cr\u00e9meux, cr\u00e9ant une composition florale douce et raffin\u00e9e. Chaque fleur s\u00e9ch\u00e9e, soigneusement s\u00e9lectionn\u00e9e, est m\u00e9ticuleusement assembl\u00e9e pour \u00e9voquer la beaut\u00e9 \u00e9ternelle de la nature. Offrez-vous ou \u00e0 un \u00eatre cher cette \u0153uvre florale unique qui&nbsp;conserve la splendeur des fleurs pour toujours.<\/p>\n<p>Quantit\u00e9s limit\u00e9es*&nbsp;<\/p>\n","protected":false},"excerpt":{"rendered":"<p>Plongez dans l&rsquo;\u00e9l\u00e9gance intemporelle avec notre bouquet de fleurs s\u00e9ch\u00e9es, une symphonie d\u00e9licate de fleurs s\u00e9ch\u00e9es. Les nuances subtiles de rose, du p\u00e2le au profond, s&rsquo;entrelacent avec des touches de blanc cr\u00e9meux, cr\u00e9ant une composition florale douce et raffin\u00e9e. Chaque fleur s\u00e9ch\u00e9e, soigneusement s\u00e9lectionn\u00e9e, est m\u00e9ticuleusement assembl\u00e9e pour \u00e9voquer la beaut\u00e9 \u00e9ternelle de la nature. [&hellip;]<\/p>\n","protected":false},"featured_media":68181,"comment_status":"open","ping_status":"closed","template":"","meta":{"_acf_changed":false,"inline_featured_image":false},"recipe":[],"product_brand":[],"product_cat":[7565,7566,7560,7559],"product_tag":[],"class_list":{"0":"post-68204","1":"product","2":"type-product","3":"status-publish","4":"has-post-thumbnail","6":"product_cat-arrangements","7":"product_cat-arrangements-2","8":"product_cat-fleurs-2-2","9":"product_cat-flowers","11":"first","12":"instock","13":"shipping-taxable","14":"purchasable","15":"product-type-simple"},"acf":[],"_links":{"self":[{"href":"https:\/\/lebouquet.brstdev.com\/fr\/wp-json\/wp\/v2\/product\/68204","targetHints":{"allow":["GET"]}}],"collection":[{"href":"https:\/\/lebouquet.brstdev.com\/fr\/wp-json\/wp\/v2\/product"}],"about":[{"href":"https:\/\/lebouquet.brstdev.com\/fr\/wp-json\/wp\/v2\/types\/product"}],"replies":[{"embeddable":true,"href":"https:\/\/lebouquet.brstdev.com\/fr\/wp-json\/wp\/v2\/comments?post=68204"}],"wp:featuredmedia":[{"embeddable":true,"href":"https:\/\/lebouquet.brstdev.com\/fr\/wp-json\/wp\/v2\/media\/68181"}],"wp:attachment":[{"href":"https:\/\/lebouquet.brstdev.com\/fr\/wp-json\/wp\/v2\/media?parent=68204"}],"wp:term":[{"taxonomy":"recipe","embeddable":true,"href":"https:\/\/lebouquet.brstdev.com\/fr\/wp-json\/wp\/v2\/recipe?post=68204"},{"taxonomy":"product_brand","embeddable":true,"href":"https:\/\/lebouquet.brstdev.com\/fr\/wp-json\/wp\/v2\/product_brand?post=68204"},{"taxonomy":"product_cat","embeddable":true,"href":"https:\/\/lebouquet.brstdev.com\/fr\/wp-json\/wp\/v2\/product_cat?post=68204"},{"taxonomy":"product_tag","embeddable":true,"href":"https:\/\/lebouquet.brstdev.com\/fr\/wp-json\/wp\/v2\/product_tag?post=68204"}],"curies":[{"name":"wp","href":"https:\/\/api.w.org\/{rel}","templated":true}]}}