{"id":68177,"date":"2024-01-19T10:22:36","date_gmt":"2024-01-19T15:22:36","guid":{"rendered":"https:\/\/lebouquetnew.brstdev.com\/blue-moon\/"},"modified":"2025-08-13T06:04:20","modified_gmt":"2025-08-13T10:04:20","slug":"lune-bleue","status":"publish","type":"product","link":"https:\/\/lebouquet.brstdev.com\/fr\/lune-bleue\/","title":{"rendered":"Lune bleue"},"content":{"rendered":"<p>Quelque chose de nouveau&#8230; Quelque chose de bleu.<\/p>\n<p>Voici Blue Moon, un charmant m\u00e9lange de fleurs bleues, violettes et roses dispos\u00e9es avec art dans un vase. Les hygrengeas bleus apaisants, les dragons mauves \u00e9l\u00e9gants et les roses douces s&rsquo;unissent pour cr\u00e9er une composition \u00e9quilibr\u00e9e et d\u00e9licieuse.<\/p>\n<p>Parfait pour \u00e9gayer n&rsquo;importe quel espace ou comme cadeau attentionn\u00e9 pour quelqu&rsquo;un de sp\u00e9cial.<\/p>\n","protected":false},"excerpt":{"rendered":"<p>16&Prime; L x 11&Prime; L x 12&Prime; H<\/p>\n","protected":false},"featured_media":90238,"comment_status":"open","ping_status":"closed","template":"","meta":{"_acf_changed":false,"inline_featured_image":false},"recipe":[],"product_brand":[],"product_cat":[7560,7559,7569,17153,7554,7553],"product_tag":[],"class_list":{"0":"post-68177","1":"product","2":"type-product","3":"status-publish","4":"has-post-thumbnail","6":"product_cat-fleurs-2-2","7":"product_cat-flowers","8":"product_cat-occasions","9":"product_cat-occasions-fr","10":"product_cat-populaires","11":"product_cat-popular","13":"first","14":"instock","15":"shipping-taxable","16":"purchasable","17":"product-type-simple"},"acf":[],"_links":{"self":[{"href":"https:\/\/lebouquet.brstdev.com\/fr\/wp-json\/wp\/v2\/product\/68177","targetHints":{"allow":["GET"]}}],"collection":[{"href":"https:\/\/lebouquet.brstdev.com\/fr\/wp-json\/wp\/v2\/product"}],"about":[{"href":"https:\/\/lebouquet.brstdev.com\/fr\/wp-json\/wp\/v2\/types\/product"}],"replies":[{"embeddable":true,"href":"https:\/\/lebouquet.brstdev.com\/fr\/wp-json\/wp\/v2\/comments?post=68177"}],"wp:featuredmedia":[{"embeddable":true,"href":"https:\/\/lebouquet.brstdev.com\/fr\/wp-json\/wp\/v2\/media\/90238"}],"wp:attachment":[{"href":"https:\/\/lebouquet.brstdev.com\/fr\/wp-json\/wp\/v2\/media?parent=68177"}],"wp:term":[{"taxonomy":"recipe","embeddable":true,"href":"https:\/\/lebouquet.brstdev.com\/fr\/wp-json\/wp\/v2\/recipe?post=68177"},{"taxonomy":"product_brand","embeddable":true,"href":"https:\/\/lebouquet.brstdev.com\/fr\/wp-json\/wp\/v2\/product_brand?post=68177"},{"taxonomy":"product_cat","embeddable":true,"href":"https:\/\/lebouquet.brstdev.com\/fr\/wp-json\/wp\/v2\/product_cat?post=68177"},{"taxonomy":"product_tag","embeddable":true,"href":"https:\/\/lebouquet.brstdev.com\/fr\/wp-json\/wp\/v2\/product_tag?post=68177"}],"curies":[{"name":"wp","href":"https:\/\/api.w.org\/{rel}","templated":true}]}}