{"id":68135,"date":"2024-01-19T10:22:18","date_gmt":"2024-01-19T15:22:18","guid":{"rendered":"https:\/\/lebouquetnew.brstdev.com\/barbie\/"},"modified":"2025-08-13T06:04:22","modified_gmt":"2025-08-13T10:04:22","slug":"barbie","status":"publish","type":"product","link":"https:\/\/lebouquet.brstdev.com\/fr\/barbie\/","title":{"rendered":"Barbie"},"content":{"rendered":"<p>D\u00e9couvrez le bouquet Barbie \u00e0 dur\u00e9e limit\u00e9e, un r\u00eave de Barbie en fleurs!<\/p>\n<p>Embrassez la magie des p\u00e9tales roses et blancs, d&rsquo;une cueillette Barbie et d&rsquo;un emballage rose chic. L&rsquo;ultime g\u00e2terie pour la Barbie qui sommeille en vous!<\/p>\n","protected":false},"excerpt":{"rendered":"<p><i>Ce produit n&rsquo;est pas affili\u00e9 ou endoss\u00e9 par Mattel, Inc.<\/i><\/p>\n","protected":false},"featured_media":68111,"comment_status":"open","ping_status":"closed","template":"","meta":{"_acf_changed":false,"inline_featured_image":false},"recipe":[],"product_brand":[],"product_cat":[7565,7566,7560,7559],"product_tag":[],"class_list":{"0":"post-68135","1":"product","2":"type-product","3":"status-publish","4":"has-post-thumbnail","6":"product_cat-arrangements","7":"product_cat-arrangements-2","8":"product_cat-fleurs-2-2","9":"product_cat-flowers","11":"first","12":"instock","13":"shipping-taxable","14":"purchasable","15":"product-type-simple"},"acf":[],"_links":{"self":[{"href":"https:\/\/lebouquet.brstdev.com\/fr\/wp-json\/wp\/v2\/product\/68135","targetHints":{"allow":["GET"]}}],"collection":[{"href":"https:\/\/lebouquet.brstdev.com\/fr\/wp-json\/wp\/v2\/product"}],"about":[{"href":"https:\/\/lebouquet.brstdev.com\/fr\/wp-json\/wp\/v2\/types\/product"}],"replies":[{"embeddable":true,"href":"https:\/\/lebouquet.brstdev.com\/fr\/wp-json\/wp\/v2\/comments?post=68135"}],"wp:featuredmedia":[{"embeddable":true,"href":"https:\/\/lebouquet.brstdev.com\/fr\/wp-json\/wp\/v2\/media\/68111"}],"wp:attachment":[{"href":"https:\/\/lebouquet.brstdev.com\/fr\/wp-json\/wp\/v2\/media?parent=68135"}],"wp:term":[{"taxonomy":"recipe","embeddable":true,"href":"https:\/\/lebouquet.brstdev.com\/fr\/wp-json\/wp\/v2\/recipe?post=68135"},{"taxonomy":"product_brand","embeddable":true,"href":"https:\/\/lebouquet.brstdev.com\/fr\/wp-json\/wp\/v2\/product_brand?post=68135"},{"taxonomy":"product_cat","embeddable":true,"href":"https:\/\/lebouquet.brstdev.com\/fr\/wp-json\/wp\/v2\/product_cat?post=68135"},{"taxonomy":"product_tag","embeddable":true,"href":"https:\/\/lebouquet.brstdev.com\/fr\/wp-json\/wp\/v2\/product_tag?post=68135"}],"curies":[{"name":"wp","href":"https:\/\/api.w.org\/{rel}","templated":true}]}}