{"id":68087,"date":"2024-01-19T10:21:53","date_gmt":"2024-01-19T15:21:53","guid":{"rendered":"https:\/\/lebouquetnew.brstdev.com\/craft-box-mini-snake-plant\/"},"modified":"2025-08-13T06:20:17","modified_gmt":"2025-08-13T10:20:17","slug":"boite-artisanale-mini-serpent","status":"publish","type":"product","link":"https:\/\/lebouquet.brstdev.com\/fr\/boite-artisanale-mini-serpent\/","title":{"rendered":"Bo\u00eete Artisanale Mini-Serpent"},"content":{"rendered":"<p>Vous \u00eates \u00e0 la recherche d&rsquo;une plante charmante et facile d&rsquo;entretien, livr\u00e9e avec un choix de bo\u00eetes \u00e9l\u00e9gantes fabriqu\u00e9es \u00e0 la main ?<\/p>\n<p>Notre mini-plante serpent est faite pour vous !<\/p>\n<p>Vous avez le choix entre deux options : notre mod\u00e8le standard pr\u00e9sente une superbe teinte naturelle, tandis que notre mod\u00e8le de luxe arbore un motif unique grav\u00e9 au laser qui ne manquera pas d&rsquo;attirer l&rsquo;attention.<\/p>\n<p>Pr\u00e9parez-vous \u00e0 d\u00e9corer votre espace avec une touche de verdure \u00e0 la fois attrayante et facile \u00e0 entretenir !<\/p>\n","protected":false},"excerpt":{"rendered":"<p>Environ &#8211; 8 \u00ab\u00a0H x 3.5\u00a0\u00bb L<\/p>\n","protected":false},"featured_media":68064,"comment_status":"open","ping_status":"closed","template":"","meta":{"_acf_changed":false},"recipe":[],"product_brand":[],"product_cat":[7643,18053,7644,18052],"product_tag":[],"class_list":{"0":"post-68087","1":"product","2":"type-product","3":"status-publish","4":"has-post-thumbnail","6":"product_cat-air-plants-and-succulents","7":"product_cat-plantes","8":"product_cat-plantes-aeriennes-et-succulentes","9":"product_cat-plants","11":"first","12":"instock","13":"shipping-taxable","14":"purchasable","15":"product-type-simple"},"acf":[],"_links":{"self":[{"href":"https:\/\/lebouquet.brstdev.com\/fr\/wp-json\/wp\/v2\/product\/68087","targetHints":{"allow":["GET"]}}],"collection":[{"href":"https:\/\/lebouquet.brstdev.com\/fr\/wp-json\/wp\/v2\/product"}],"about":[{"href":"https:\/\/lebouquet.brstdev.com\/fr\/wp-json\/wp\/v2\/types\/product"}],"replies":[{"embeddable":true,"href":"https:\/\/lebouquet.brstdev.com\/fr\/wp-json\/wp\/v2\/comments?post=68087"}],"wp:featuredmedia":[{"embeddable":true,"href":"https:\/\/lebouquet.brstdev.com\/fr\/wp-json\/wp\/v2\/media\/68064"}],"wp:attachment":[{"href":"https:\/\/lebouquet.brstdev.com\/fr\/wp-json\/wp\/v2\/media?parent=68087"}],"wp:term":[{"taxonomy":"recipe","embeddable":true,"href":"https:\/\/lebouquet.brstdev.com\/fr\/wp-json\/wp\/v2\/recipe?post=68087"},{"taxonomy":"product_brand","embeddable":true,"href":"https:\/\/lebouquet.brstdev.com\/fr\/wp-json\/wp\/v2\/product_brand?post=68087"},{"taxonomy":"product_cat","embeddable":true,"href":"https:\/\/lebouquet.brstdev.com\/fr\/wp-json\/wp\/v2\/product_cat?post=68087"},{"taxonomy":"product_tag","embeddable":true,"href":"https:\/\/lebouquet.brstdev.com\/fr\/wp-json\/wp\/v2\/product_tag?post=68087"}],"curies":[{"name":"wp","href":"https:\/\/api.w.org\/{rel}","templated":true}]}}