{"id":67928,"date":"2024-01-19T10:20:40","date_gmt":"2024-01-19T15:20:40","guid":{"rendered":"https:\/\/lebouquetnew.brstdev.com\/dragon-fingers\/"},"modified":"2026-01-23T05:58:09","modified_gmt":"2026-01-23T10:58:09","slug":"doigts-de-dragon","status":"publish","type":"product","link":"https:\/\/lebouquet.brstdev.com\/fr\/doigts-de-dragon\/","title":{"rendered":"Doigts de dragon"},"content":{"rendered":"<p>Rencontrez les \u00e9tonnants doigts de dragon, une plante Sansevieria qui adore se tordre et se retourner, vous permettant m\u00eame de les tresser et de les attacher lorsqu&rsquo;ils grandissent!<\/p>\n<p>Et devinez quoi? Ils sont plant\u00e9s dans un fantastique pot Lechuza, un v\u00e9ritable magicien de l&rsquo;arrosage automatique qui garantit que votre nouveau compagnon vert prosp\u00e8re tous les jours.<\/p>\n","protected":false},"excerpt":{"rendered":"<p>Environ &#8211; 12&Prime; H x 6&Prime; L<\/p>\n","protected":false},"featured_media":67914,"comment_status":"open","ping_status":"closed","template":"","meta":{"_acf_changed":false},"recipe":[],"product_brand":[],"product_cat":[18053,7644],"product_tag":[],"class_list":{"0":"post-67928","1":"product","2":"type-product","3":"status-publish","4":"has-post-thumbnail","6":"product_cat-plantes","7":"product_cat-plantes-aeriennes-et-succulentes","9":"first","10":"instock","11":"shipping-taxable","12":"purchasable","13":"product-type-simple"},"acf":[],"_links":{"self":[{"href":"https:\/\/lebouquet.brstdev.com\/fr\/wp-json\/wp\/v2\/product\/67928","targetHints":{"allow":["GET"]}}],"collection":[{"href":"https:\/\/lebouquet.brstdev.com\/fr\/wp-json\/wp\/v2\/product"}],"about":[{"href":"https:\/\/lebouquet.brstdev.com\/fr\/wp-json\/wp\/v2\/types\/product"}],"replies":[{"embeddable":true,"href":"https:\/\/lebouquet.brstdev.com\/fr\/wp-json\/wp\/v2\/comments?post=67928"}],"wp:featuredmedia":[{"embeddable":true,"href":"https:\/\/lebouquet.brstdev.com\/fr\/wp-json\/wp\/v2\/media\/67914"}],"wp:attachment":[{"href":"https:\/\/lebouquet.brstdev.com\/fr\/wp-json\/wp\/v2\/media?parent=67928"}],"wp:term":[{"taxonomy":"recipe","embeddable":true,"href":"https:\/\/lebouquet.brstdev.com\/fr\/wp-json\/wp\/v2\/recipe?post=67928"},{"taxonomy":"product_brand","embeddable":true,"href":"https:\/\/lebouquet.brstdev.com\/fr\/wp-json\/wp\/v2\/product_brand?post=67928"},{"taxonomy":"product_cat","embeddable":true,"href":"https:\/\/lebouquet.brstdev.com\/fr\/wp-json\/wp\/v2\/product_cat?post=67928"},{"taxonomy":"product_tag","embeddable":true,"href":"https:\/\/lebouquet.brstdev.com\/fr\/wp-json\/wp\/v2\/product_tag?post=67928"}],"curies":[{"name":"wp","href":"https:\/\/api.w.org\/{rel}","templated":true}]}}