{"id":67778,"date":"2024-01-19T10:17:19","date_gmt":"2024-01-19T15:17:19","guid":{"rendered":"https:\/\/lebouquetnew.brstdev.com\/chocolate-easter-basket-sampler\/"},"modified":"2025-08-13T06:04:30","modified_gmt":"2025-08-13T10:04:30","slug":"panier-de-chocolat-de-paques","status":"publish","type":"product","link":"https:\/\/lebouquet.brstdev.com\/fr\/panier-de-chocolat-de-paques\/","title":{"rendered":"Panier de chocolat de P\u00e2ques"},"content":{"rendered":"<p>MOD\u00c8LE STANDARD: Nous avons cr\u00e9\u00e9 ce panier de d\u00e9gustation pour vous ouvrir les papilles gustatives avec ce d\u00e9licieux chocolat Leonidas si populaire. Et au prix sugg\u00e9r\u00e9, c&rsquo;est parfait comme ajout \u00e0 votre ajout au panier. Comprend 3 barres de 50 grammes.&nbsp;<\/p>\n<p>MOD\u00c8LE DE LUXE: Ce format vous offre une plus grande vari\u00e9t\u00e9 \u00e0 go\u00fbter dont, 200gr d&rsquo;amandes enrob\u00e9es de chocolats, 125gr de chocolat en bo\u00eete et 50gr de chocolat en barre. Le tout accompagn\u00e9 d&rsquo;oeufs d\u00e9coratifs et d&rsquo;un canard en peluche qui cancane.<\/p>\n<p>Notez que la s\u00e9lection de chocolat et les couleurs des articles varieront en fonction de la disponibilit\u00e9 en magasin.<\/p>\n","protected":false},"excerpt":{"rendered":"<p>MOD\u00c8LE STANDARD: Nous avons cr\u00e9\u00e9 ce panier de d\u00e9gustation pour vous ouvrir les papilles gustatives avec ce d\u00e9licieux chocolat Leonidas si populaire. Et au prix sugg\u00e9r\u00e9, c&rsquo;est parfait comme ajout \u00e0 votre ajout au panier. Comprend 3 barres de 50 grammes.&nbsp; MOD\u00c8LE DE LUXE: Ce format vous offre une plus grande vari\u00e9t\u00e9 \u00e0 go\u00fbter dont, [&hellip;]<\/p>\n","protected":false},"featured_media":67766,"comment_status":"open","ping_status":"closed","template":"","meta":{"_acf_changed":false,"inline_featured_image":false},"recipe":[],"product_brand":[],"product_cat":[7648,7649,17155,7647],"product_tag":[],"class_list":{"0":"post-67778","1":"product","2":"type-product","3":"status-publish","4":"has-post-thumbnail","6":"product_cat-cadeaux","7":"product_cat-chocolates","8":"product_cat-chocolates-fr","9":"product_cat-gift-shop","11":"first","12":"instock","13":"shipping-taxable","14":"purchasable","15":"product-type-simple"},"acf":[],"_links":{"self":[{"href":"https:\/\/lebouquet.brstdev.com\/fr\/wp-json\/wp\/v2\/product\/67778","targetHints":{"allow":["GET"]}}],"collection":[{"href":"https:\/\/lebouquet.brstdev.com\/fr\/wp-json\/wp\/v2\/product"}],"about":[{"href":"https:\/\/lebouquet.brstdev.com\/fr\/wp-json\/wp\/v2\/types\/product"}],"replies":[{"embeddable":true,"href":"https:\/\/lebouquet.brstdev.com\/fr\/wp-json\/wp\/v2\/comments?post=67778"}],"wp:featuredmedia":[{"embeddable":true,"href":"https:\/\/lebouquet.brstdev.com\/fr\/wp-json\/wp\/v2\/media\/67766"}],"wp:attachment":[{"href":"https:\/\/lebouquet.brstdev.com\/fr\/wp-json\/wp\/v2\/media?parent=67778"}],"wp:term":[{"taxonomy":"recipe","embeddable":true,"href":"https:\/\/lebouquet.brstdev.com\/fr\/wp-json\/wp\/v2\/recipe?post=67778"},{"taxonomy":"product_brand","embeddable":true,"href":"https:\/\/lebouquet.brstdev.com\/fr\/wp-json\/wp\/v2\/product_brand?post=67778"},{"taxonomy":"product_cat","embeddable":true,"href":"https:\/\/lebouquet.brstdev.com\/fr\/wp-json\/wp\/v2\/product_cat?post=67778"},{"taxonomy":"product_tag","embeddable":true,"href":"https:\/\/lebouquet.brstdev.com\/fr\/wp-json\/wp\/v2\/product_tag?post=67778"}],"curies":[{"name":"wp","href":"https:\/\/api.w.org\/{rel}","templated":true}]}}