{"id":67686,"date":"2024-01-19T10:16:08","date_gmt":"2024-01-19T15:16:08","guid":{"rendered":"https:\/\/lebouquetnew.brstdev.com\/jump-into-spring\/"},"modified":"2025-08-13T06:04:33","modified_gmt":"2025-08-13T10:04:33","slug":"jump-into-spring","status":"publish","type":"product","link":"https:\/\/lebouquet.brstdev.com\/fr\/jump-into-spring\/","title":{"rendered":"Sauter dans le printemps"},"content":{"rendered":"<p>Pr\u00e9parez-vous \u00e0 un printemps comme jamais auparavant !<\/p>\n<p>Nous avons un arrangement qui ne manquera pas de vous faire sourire&#8230; avec toutes vos fleurs pr\u00e9f\u00e9r\u00e9es plac\u00e9es dans l&rsquo;endroit le plus inattendu : des bottes de pluie.<\/p>\n<p>Laissez-vous inspirer par la beaut\u00e9 de la nature et ajoutez de la gaiet\u00e9 \u00e0 votre espace d\u00e8s aujourd&rsquo;hui !<\/p>\n","protected":false},"excerpt":{"rendered":"<p>Environ &#8211; 21&Prime; H x 12&Prime; L<\/p>\n","protected":false},"featured_media":67662,"comment_status":"open","ping_status":"closed","template":"","meta":{"_acf_changed":false,"inline_featured_image":false},"recipe":[],"product_brand":[],"product_cat":[7565,7566,7597,7560,7559,7569,7594,7593,17153,7598],"product_tag":[],"class_list":{"0":"post-67686","1":"product","2":"type-product","3":"status-publish","4":"has-post-thumbnail","6":"product_cat-arrangements","7":"product_cat-arrangements-2","8":"product_cat-easter","9":"product_cat-fleurs-2-2","10":"product_cat-flowers","11":"product_cat-occasions","12":"product_cat-naissances-evenements","13":"product_cat-newborn","14":"product_cat-occasions-fr","15":"product_cat-paques","17":"first","18":"instock","19":"shipping-taxable","20":"purchasable","21":"product-type-simple"},"acf":[],"_links":{"self":[{"href":"https:\/\/lebouquet.brstdev.com\/fr\/wp-json\/wp\/v2\/product\/67686","targetHints":{"allow":["GET"]}}],"collection":[{"href":"https:\/\/lebouquet.brstdev.com\/fr\/wp-json\/wp\/v2\/product"}],"about":[{"href":"https:\/\/lebouquet.brstdev.com\/fr\/wp-json\/wp\/v2\/types\/product"}],"replies":[{"embeddable":true,"href":"https:\/\/lebouquet.brstdev.com\/fr\/wp-json\/wp\/v2\/comments?post=67686"}],"wp:featuredmedia":[{"embeddable":true,"href":"https:\/\/lebouquet.brstdev.com\/fr\/wp-json\/wp\/v2\/media\/67662"}],"wp:attachment":[{"href":"https:\/\/lebouquet.brstdev.com\/fr\/wp-json\/wp\/v2\/media?parent=67686"}],"wp:term":[{"taxonomy":"recipe","embeddable":true,"href":"https:\/\/lebouquet.brstdev.com\/fr\/wp-json\/wp\/v2\/recipe?post=67686"},{"taxonomy":"product_brand","embeddable":true,"href":"https:\/\/lebouquet.brstdev.com\/fr\/wp-json\/wp\/v2\/product_brand?post=67686"},{"taxonomy":"product_cat","embeddable":true,"href":"https:\/\/lebouquet.brstdev.com\/fr\/wp-json\/wp\/v2\/product_cat?post=67686"},{"taxonomy":"product_tag","embeddable":true,"href":"https:\/\/lebouquet.brstdev.com\/fr\/wp-json\/wp\/v2\/product_tag?post=67686"}],"curies":[{"name":"wp","href":"https:\/\/api.w.org\/{rel}","templated":true}]}}