{"id":67658,"date":"2024-01-19T10:15:58","date_gmt":"2024-01-19T15:15:58","guid":{"rendered":"https:\/\/lebouquetnew.brstdev.com\/ruby-red\/"},"modified":"2026-03-28T05:38:21","modified_gmt":"2026-03-28T09:38:21","slug":"couronne-funeraire-rouge-rubis","status":"publish","type":"product","link":"https:\/\/lebouquet.brstdev.com\/fr\/couronne-funeraire-rouge-rubis\/","title":{"rendered":"Couronne rouge rubis"},"content":{"rendered":"<p>La couronne fun\u00e9raire \u00ab\u00a0Rouge Rubis\u00a0\u00bb de Le Bouquet Montr\u00e9al est un hommage intemporel \u00e0 un \u00eatre cher, \u00e9l\u00e9gamment compos\u00e9e de \u0153illets rouges, de roses rouges et de mini-germinis rouges. Cette couronne de 20 pouces de diam\u00e8tre exprime chaleur et respect, chaque fleur symbolisant l&rsquo;amour, l&rsquo;admiration et le souvenir. Id\u00e9ale pour les fun\u00e9railles, elle offre un moyen sinc\u00e8re d&rsquo;exprimer vos condol\u00e9ances et d&rsquo;honorer des souvenirs pr\u00e9cieux. Veuillez noter qu&rsquo;un support sera n\u00e9cessaire pour la livraison dans une \u00e9glise afin de pr\u00e9senter la couronne de mani\u00e8re appropri\u00e9e.<\/p>\n","protected":false},"excerpt":{"rendered":"<p>La couronne fun\u00e9raire \u00ab\u00a0Rouge Rubis\u00a0\u00bb de Le Bouquet Montr\u00e9al est un hommage intemporel \u00e0 un \u00eatre cher, \u00e9l\u00e9gamment compos\u00e9e de \u0153illets rouges, de roses rouges et de mini-germinis rouges. Cette couronne de 20 pouces de diam\u00e8tre exprime chaleur et respect, chaque fleur symbolisant l&rsquo;amour, l&rsquo;admiration et le souvenir. Id\u00e9ale pour les fun\u00e9railles, elle offre un [&hellip;]<\/p>\n","protected":false},"featured_media":99060,"comment_status":"open","ping_status":"closed","template":"","meta":{"_acf_changed":false},"recipe":[],"product_brand":[],"product_cat":[7630,7620],"product_tag":[],"class_list":{"0":"post-67658","1":"product","2":"type-product","3":"status-publish","4":"has-post-thumbnail","6":"product_cat-couronnes-funeraire","7":"product_cat-fleurs-funeraires-montreal","9":"first","10":"instock","11":"shipping-taxable","12":"purchasable","13":"product-type-simple"},"acf":[],"_links":{"self":[{"href":"https:\/\/lebouquet.brstdev.com\/fr\/wp-json\/wp\/v2\/product\/67658","targetHints":{"allow":["GET"]}}],"collection":[{"href":"https:\/\/lebouquet.brstdev.com\/fr\/wp-json\/wp\/v2\/product"}],"about":[{"href":"https:\/\/lebouquet.brstdev.com\/fr\/wp-json\/wp\/v2\/types\/product"}],"replies":[{"embeddable":true,"href":"https:\/\/lebouquet.brstdev.com\/fr\/wp-json\/wp\/v2\/comments?post=67658"}],"wp:featuredmedia":[{"embeddable":true,"href":"https:\/\/lebouquet.brstdev.com\/fr\/wp-json\/wp\/v2\/media\/99060"}],"wp:attachment":[{"href":"https:\/\/lebouquet.brstdev.com\/fr\/wp-json\/wp\/v2\/media?parent=67658"}],"wp:term":[{"taxonomy":"recipe","embeddable":true,"href":"https:\/\/lebouquet.brstdev.com\/fr\/wp-json\/wp\/v2\/recipe?post=67658"},{"taxonomy":"product_brand","embeddable":true,"href":"https:\/\/lebouquet.brstdev.com\/fr\/wp-json\/wp\/v2\/product_brand?post=67658"},{"taxonomy":"product_cat","embeddable":true,"href":"https:\/\/lebouquet.brstdev.com\/fr\/wp-json\/wp\/v2\/product_cat?post=67658"},{"taxonomy":"product_tag","embeddable":true,"href":"https:\/\/lebouquet.brstdev.com\/fr\/wp-json\/wp\/v2\/product_tag?post=67658"}],"curies":[{"name":"wp","href":"https:\/\/api.w.org\/{rel}","templated":true}]}}