{"id":67638,"date":"2024-01-19T10:15:49","date_gmt":"2024-01-19T15:15:49","guid":{"rendered":"https:\/\/lebouquetnew.brstdev.com\/om-wreath\/"},"modified":"2026-03-28T05:38:40","modified_gmt":"2026-03-28T09:38:40","slug":"couronne-om","status":"publish","type":"product","link":"https:\/\/lebouquet.brstdev.com\/fr\/couronne-om\/","title":{"rendered":"Couronne Om"},"content":{"rendered":"<p>Cette magnifique couronne fun\u00e9raire rouge constitue un hommage \u00e9mouvant pour c\u00e9l\u00e9brer la vie d&rsquo;un membre de la communaut\u00e9 hindoue. Un \u00e9l\u00e9gant om mandala dor\u00e9 orne son centre.<\/p>\n","protected":false},"excerpt":{"rendered":"<p>Environ &#8211; 18&Prime; de diam\u00e8tre<\/p>\n","protected":false},"featured_media":67618,"comment_status":"open","ping_status":"closed","template":"","meta":{"_acf_changed":false},"recipe":[],"product_brand":[],"product_cat":[7630,7620,7624],"product_tag":[],"class_list":{"0":"post-67638","1":"product","2":"type-product","3":"status-publish","4":"has-post-thumbnail","6":"product_cat-couronnes-funeraire","7":"product_cat-fleurs-funeraires-montreal","8":"product_cat-pieces-personnalisees-funeraire","10":"first","11":"instock","12":"shipping-taxable","13":"purchasable","14":"product-type-simple"},"acf":[],"_links":{"self":[{"href":"https:\/\/lebouquet.brstdev.com\/fr\/wp-json\/wp\/v2\/product\/67638","targetHints":{"allow":["GET"]}}],"collection":[{"href":"https:\/\/lebouquet.brstdev.com\/fr\/wp-json\/wp\/v2\/product"}],"about":[{"href":"https:\/\/lebouquet.brstdev.com\/fr\/wp-json\/wp\/v2\/types\/product"}],"replies":[{"embeddable":true,"href":"https:\/\/lebouquet.brstdev.com\/fr\/wp-json\/wp\/v2\/comments?post=67638"}],"wp:featuredmedia":[{"embeddable":true,"href":"https:\/\/lebouquet.brstdev.com\/fr\/wp-json\/wp\/v2\/media\/67618"}],"wp:attachment":[{"href":"https:\/\/lebouquet.brstdev.com\/fr\/wp-json\/wp\/v2\/media?parent=67638"}],"wp:term":[{"taxonomy":"recipe","embeddable":true,"href":"https:\/\/lebouquet.brstdev.com\/fr\/wp-json\/wp\/v2\/recipe?post=67638"},{"taxonomy":"product_brand","embeddable":true,"href":"https:\/\/lebouquet.brstdev.com\/fr\/wp-json\/wp\/v2\/product_brand?post=67638"},{"taxonomy":"product_cat","embeddable":true,"href":"https:\/\/lebouquet.brstdev.com\/fr\/wp-json\/wp\/v2\/product_cat?post=67638"},{"taxonomy":"product_tag","embeddable":true,"href":"https:\/\/lebouquet.brstdev.com\/fr\/wp-json\/wp\/v2\/product_tag?post=67638"}],"curies":[{"name":"wp","href":"https:\/\/api.w.org\/{rel}","templated":true}]}}