{"id":67582,"date":"2024-01-19T10:15:23","date_gmt":"2024-01-19T15:15:23","guid":{"rendered":"https:\/\/lebouquetnew.brstdev.com\/sunny-bunny\/"},"modified":"2025-08-13T06:04:35","modified_gmt":"2025-08-13T10:04:35","slug":"chasse-aux-oeufs","status":"publish","type":"product","link":"https:\/\/lebouquet.brstdev.com\/fr\/chasse-aux-oeufs\/","title":{"rendered":"Chasse aux \u0153ufs"},"content":{"rendered":"<p>Rendez P\u00e2ques encore plus sp\u00e9ciale pour vos proches avec cette composition printani\u00e8re unique!<\/p>\n<p>Un panier rempli d&rsquo;\u0153ufs brillants, de belles fleurs de saison et d&rsquo;un papillon perch\u00e9 sur le dessus, voil\u00e0 de quoi faire sourire tout le monde. R\u00e9unissez toute la famille pour une f\u00eate inoubliable !<\/p>\n","protected":false},"excerpt":{"rendered":"<p>Environ &#8211; 9&Prime; H x 11&Prime; L<\/p>\n","protected":false},"featured_media":67563,"comment_status":"open","ping_status":"closed","template":"","meta":{"_acf_changed":false,"inline_featured_image":false},"recipe":[],"product_brand":[],"product_cat":[7565,7566,7597,7560,7559,7569,17153,7598],"product_tag":[],"class_list":{"0":"post-67582","1":"product","2":"type-product","3":"status-publish","4":"has-post-thumbnail","6":"product_cat-arrangements","7":"product_cat-arrangements-2","8":"product_cat-easter","9":"product_cat-fleurs-2-2","10":"product_cat-flowers","11":"product_cat-occasions","12":"product_cat-occasions-fr","13":"product_cat-paques","15":"first","16":"instock","17":"shipping-taxable","18":"purchasable","19":"product-type-simple"},"acf":[],"_links":{"self":[{"href":"https:\/\/lebouquet.brstdev.com\/fr\/wp-json\/wp\/v2\/product\/67582","targetHints":{"allow":["GET"]}}],"collection":[{"href":"https:\/\/lebouquet.brstdev.com\/fr\/wp-json\/wp\/v2\/product"}],"about":[{"href":"https:\/\/lebouquet.brstdev.com\/fr\/wp-json\/wp\/v2\/types\/product"}],"replies":[{"embeddable":true,"href":"https:\/\/lebouquet.brstdev.com\/fr\/wp-json\/wp\/v2\/comments?post=67582"}],"wp:featuredmedia":[{"embeddable":true,"href":"https:\/\/lebouquet.brstdev.com\/fr\/wp-json\/wp\/v2\/media\/67563"}],"wp:attachment":[{"href":"https:\/\/lebouquet.brstdev.com\/fr\/wp-json\/wp\/v2\/media?parent=67582"}],"wp:term":[{"taxonomy":"recipe","embeddable":true,"href":"https:\/\/lebouquet.brstdev.com\/fr\/wp-json\/wp\/v2\/recipe?post=67582"},{"taxonomy":"product_brand","embeddable":true,"href":"https:\/\/lebouquet.brstdev.com\/fr\/wp-json\/wp\/v2\/product_brand?post=67582"},{"taxonomy":"product_cat","embeddable":true,"href":"https:\/\/lebouquet.brstdev.com\/fr\/wp-json\/wp\/v2\/product_cat?post=67582"},{"taxonomy":"product_tag","embeddable":true,"href":"https:\/\/lebouquet.brstdev.com\/fr\/wp-json\/wp\/v2\/product_tag?post=67582"}],"curies":[{"name":"wp","href":"https:\/\/api.w.org\/{rel}","templated":true}]}}