{"id":67577,"date":"2024-01-19T10:15:14","date_gmt":"2024-01-19T15:15:14","guid":{"rendered":"https:\/\/lebouquetnew.brstdev.com\/red-rose-rush\/"},"modified":"2025-08-13T06:04:36","modified_gmt":"2025-08-13T10:04:36","slug":"roses-exuberantes-rouges","status":"publish","type":"product","link":"https:\/\/lebouquet.brstdev.com\/fr\/roses-exuberantes-rouges\/","title":{"rendered":"Roses exub\u00e9rantes rouges"},"content":{"rendered":"<p>Exprimez votre amour profond et votre passion avec ce chef-d&rsquo;\u0153uvre intemporel. Notre arrangement \u00ab\u00a0Ru\u00e9e de Roses Rouges\u00a0\u00bb est un favori parmi les amoureux pour des occasions sp\u00e9ciales comme la Saint-Valentin, les mariages et les anniversaires. Cette \u00e9l\u00e9gante composition met en valeur une vari\u00e9t\u00e9 de roses rouges contre un feuillage luxuriant.&nbsp;<\/p>\n<p>Disponible en arrangements de 12, 18 ou 24 roses, vous pouvez choisir la taille parfaite selon vos besoins.<\/p>\n<p>D\u00e9licatement dispos\u00e9 dans un \u00e9l\u00e9gant design en cascade et agr\u00e9ment\u00e9 d&rsquo;un n\u0153ud en toile de jute, ce bouquet incarne la gr\u00e2ce et le charme.&nbsp;<\/p>\n<p>Chaque bouquet peut \u00eatre personnalis\u00e9 avec ou sans verdure et accents floraux, offrant une touche sur mesure \u00e0 votre cadeau floral.<\/p>\n<p>Si vous souhaitez voir cet arrangement avec des roses de diff\u00e9rentes couleurs,<a href=\"https:\/\/www.lebouquet.com\/fr\/rose-rush\/\"> cliquez ici.<\/a><\/p>\n","protected":false},"excerpt":{"rendered":"<p>Exprimez votre amour profond et votre passion avec ce chef-d&rsquo;\u0153uvre intemporel. Notre arrangement \u00ab\u00a0Ru\u00e9e de Roses Rouges\u00a0\u00bb est un favori parmi les amoureux pour des occasions sp\u00e9ciales comme la Saint-Valentin, les mariages et les anniversaires. Cette \u00e9l\u00e9gante composition met en valeur une vari\u00e9t\u00e9 de roses rouges contre un feuillage luxuriant.&nbsp; Disponible en arrangements de 12, [&hellip;]<\/p>\n","protected":false},"featured_media":90399,"comment_status":"open","ping_status":"closed","template":"","meta":{"_acf_changed":false,"inline_featured_image":false},"recipe":[],"product_brand":[],"product_cat":[7565,7566,7560,7559,7569,17153,7554,7553,7561,7562,7572,7571],"product_tag":[],"class_list":{"0":"post-67577","1":"product","2":"type-product","3":"status-publish","4":"has-post-thumbnail","6":"product_cat-arrangements","7":"product_cat-arrangements-2","8":"product_cat-fleurs-2-2","9":"product_cat-flowers","10":"product_cat-occasions","11":"product_cat-occasions-fr","12":"product_cat-populaires","13":"product_cat-popular","14":"product_cat-roses","15":"product_cat-roses-fr","16":"product_cat-saint-valentin","17":"product_cat-valentines","19":"first","20":"instock","21":"shipping-taxable","22":"purchasable","23":"product-type-simple"},"acf":[],"_links":{"self":[{"href":"https:\/\/lebouquet.brstdev.com\/fr\/wp-json\/wp\/v2\/product\/67577","targetHints":{"allow":["GET"]}}],"collection":[{"href":"https:\/\/lebouquet.brstdev.com\/fr\/wp-json\/wp\/v2\/product"}],"about":[{"href":"https:\/\/lebouquet.brstdev.com\/fr\/wp-json\/wp\/v2\/types\/product"}],"replies":[{"embeddable":true,"href":"https:\/\/lebouquet.brstdev.com\/fr\/wp-json\/wp\/v2\/comments?post=67577"}],"wp:featuredmedia":[{"embeddable":true,"href":"https:\/\/lebouquet.brstdev.com\/fr\/wp-json\/wp\/v2\/media\/90399"}],"wp:attachment":[{"href":"https:\/\/lebouquet.brstdev.com\/fr\/wp-json\/wp\/v2\/media?parent=67577"}],"wp:term":[{"taxonomy":"recipe","embeddable":true,"href":"https:\/\/lebouquet.brstdev.com\/fr\/wp-json\/wp\/v2\/recipe?post=67577"},{"taxonomy":"product_brand","embeddable":true,"href":"https:\/\/lebouquet.brstdev.com\/fr\/wp-json\/wp\/v2\/product_brand?post=67577"},{"taxonomy":"product_cat","embeddable":true,"href":"https:\/\/lebouquet.brstdev.com\/fr\/wp-json\/wp\/v2\/product_cat?post=67577"},{"taxonomy":"product_tag","embeddable":true,"href":"https:\/\/lebouquet.brstdev.com\/fr\/wp-json\/wp\/v2\/product_tag?post=67577"}],"curies":[{"name":"wp","href":"https:\/\/api.w.org\/{rel}","templated":true}]}}