{"id":67537,"date":"2024-01-19T10:14:57","date_gmt":"2024-01-19T15:14:57","guid":{"rendered":"https:\/\/lebouquetnew.brstdev.com\/gold-dove\/"},"modified":"2025-08-13T06:04:37","modified_gmt":"2025-08-13T10:04:37","slug":"colombe-doree","status":"publish","type":"product","link":"https:\/\/lebouquet.brstdev.com\/fr\/colombe-doree\/","title":{"rendered":"Colombe dor\u00e9e"},"content":{"rendered":"<p>Honorez la m\u00e9moire de votre proche en ajoutant une \u00e9l\u00e9gante colombe dor\u00e9e \u00e0 leur arrangement fun\u00e9raire. Ce petit t\u00e9moignage significatif vous permet m\u00eame de partager un message touchant &#8211; le rendant aussi unique qu&rsquo;il l&rsquo;\u00e9tait.<\/p>\n","protected":false},"excerpt":{"rendered":"<p>Environ &#8211; 8&Prime; L x 7&Prime; H<\/p>\n","protected":false},"featured_media":67516,"comment_status":"open","ping_status":"closed","template":"","meta":{"_acf_changed":false,"inline_featured_image":false},"recipe":[],"product_brand":[],"product_cat":[7648,7620,7619,7647],"product_tag":[],"class_list":{"0":"post-67537","1":"product","2":"type-product","3":"status-publish","4":"has-post-thumbnail","6":"product_cat-cadeaux","7":"product_cat-funeraire","8":"product_cat-funeral","9":"product_cat-gift-shop","11":"first","12":"instock","13":"shipping-taxable","14":"purchasable","15":"product-type-simple"},"acf":[],"_links":{"self":[{"href":"https:\/\/lebouquet.brstdev.com\/fr\/wp-json\/wp\/v2\/product\/67537","targetHints":{"allow":["GET"]}}],"collection":[{"href":"https:\/\/lebouquet.brstdev.com\/fr\/wp-json\/wp\/v2\/product"}],"about":[{"href":"https:\/\/lebouquet.brstdev.com\/fr\/wp-json\/wp\/v2\/types\/product"}],"replies":[{"embeddable":true,"href":"https:\/\/lebouquet.brstdev.com\/fr\/wp-json\/wp\/v2\/comments?post=67537"}],"wp:featuredmedia":[{"embeddable":true,"href":"https:\/\/lebouquet.brstdev.com\/fr\/wp-json\/wp\/v2\/media\/67516"}],"wp:attachment":[{"href":"https:\/\/lebouquet.brstdev.com\/fr\/wp-json\/wp\/v2\/media?parent=67537"}],"wp:term":[{"taxonomy":"recipe","embeddable":true,"href":"https:\/\/lebouquet.brstdev.com\/fr\/wp-json\/wp\/v2\/recipe?post=67537"},{"taxonomy":"product_brand","embeddable":true,"href":"https:\/\/lebouquet.brstdev.com\/fr\/wp-json\/wp\/v2\/product_brand?post=67537"},{"taxonomy":"product_cat","embeddable":true,"href":"https:\/\/lebouquet.brstdev.com\/fr\/wp-json\/wp\/v2\/product_cat?post=67537"},{"taxonomy":"product_tag","embeddable":true,"href":"https:\/\/lebouquet.brstdev.com\/fr\/wp-json\/wp\/v2\/product_tag?post=67537"}],"curies":[{"name":"wp","href":"https:\/\/api.w.org\/{rel}","templated":true}]}}