{"id":67511,"date":"2024-01-19T10:14:50","date_gmt":"2024-01-19T15:14:50","guid":{"rendered":"https:\/\/lebouquetnew.brstdev.com\/lady-bug\/"},"modified":"2025-08-13T06:20:32","modified_gmt":"2025-08-13T10:20:32","slug":"coccinelle","status":"publish","type":"product","link":"https:\/\/lebouquet.brstdev.com\/fr\/coccinelle\/","title":{"rendered":"Lucy la Coccinelle"},"content":{"rendered":"<p>Voici <i>Lucy la Coccinelle<\/i> \u2013 une peluche douce, duveteuse et absolument craquante. Avec ses ailes rouges \u00e0 pois noirs, sa t\u00eate grise toute pelucheuse et son corps noir moelleux, Lucy est parfaite pour les c\u00e2lins et les jeux. Que ce soit pour un enfant ou pour quelqu\u2019un qui aime la nature, les insectes ou les animaux sauvages, Lucy est un cadeau plein de charme.<\/p>\n<p>Id\u00e9ale pour les petits curieux et les amoureux du monde naturel.<\/p>\n","protected":false},"excerpt":{"rendered":"<p>Voici Lucy la Coccinelle \u2013 une peluche douce, duveteuse et absolument craquante. Avec ses ailes rouges \u00e0 pois noirs, sa t\u00eate grise toute pelucheuse et son corps noir moelleux, Lucy est parfaite pour les c\u00e2lins et les jeux. Que ce soit pour un enfant ou pour quelqu\u2019un qui aime la nature, les insectes ou les [&hellip;]<\/p>\n","protected":false},"featured_media":117114,"comment_status":"open","ping_status":"closed","template":"","meta":{"_acf_changed":false},"recipe":[],"product_brand":[],"product_cat":[7648,17153,7569,7647,7652,7651],"product_tag":[],"class_list":{"0":"post-67511","1":"product","2":"type-product","3":"status-publish","4":"has-post-thumbnail","6":"product_cat-cadeaux","7":"product_cat-fleurs-occasions-montreal","8":"product_cat-flower-occasions-montreal","9":"product_cat-gift-shop","10":"product_cat-jouets-en-peluche","11":"product_cat-plush-toys","13":"first","14":"instock","15":"shipping-taxable","16":"purchasable","17":"product-type-simple"},"acf":[],"_links":{"self":[{"href":"https:\/\/lebouquet.brstdev.com\/fr\/wp-json\/wp\/v2\/product\/67511","targetHints":{"allow":["GET"]}}],"collection":[{"href":"https:\/\/lebouquet.brstdev.com\/fr\/wp-json\/wp\/v2\/product"}],"about":[{"href":"https:\/\/lebouquet.brstdev.com\/fr\/wp-json\/wp\/v2\/types\/product"}],"replies":[{"embeddable":true,"href":"https:\/\/lebouquet.brstdev.com\/fr\/wp-json\/wp\/v2\/comments?post=67511"}],"wp:featuredmedia":[{"embeddable":true,"href":"https:\/\/lebouquet.brstdev.com\/fr\/wp-json\/wp\/v2\/media\/117114"}],"wp:attachment":[{"href":"https:\/\/lebouquet.brstdev.com\/fr\/wp-json\/wp\/v2\/media?parent=67511"}],"wp:term":[{"taxonomy":"recipe","embeddable":true,"href":"https:\/\/lebouquet.brstdev.com\/fr\/wp-json\/wp\/v2\/recipe?post=67511"},{"taxonomy":"product_brand","embeddable":true,"href":"https:\/\/lebouquet.brstdev.com\/fr\/wp-json\/wp\/v2\/product_brand?post=67511"},{"taxonomy":"product_cat","embeddable":true,"href":"https:\/\/lebouquet.brstdev.com\/fr\/wp-json\/wp\/v2\/product_cat?post=67511"},{"taxonomy":"product_tag","embeddable":true,"href":"https:\/\/lebouquet.brstdev.com\/fr\/wp-json\/wp\/v2\/product_tag?post=67511"}],"curies":[{"name":"wp","href":"https:\/\/api.w.org\/{rel}","templated":true}]}}