{"id":67434,"date":"2024-01-19T10:14:12","date_gmt":"2024-01-19T15:14:12","guid":{"rendered":"https:\/\/lebouquetnew.brstdev.com\/dove\/"},"modified":"2025-08-13T06:20:34","modified_gmt":"2025-08-13T10:20:34","slug":"colombe","status":"publish","type":"product","link":"https:\/\/lebouquet.brstdev.com\/fr\/colombe\/","title":{"rendered":"Colombe"},"content":{"rendered":"<p>Cette pi\u00e8ce fun\u00e9raire unique est un magnifique hommage \u00e0 ceux qui sont pass\u00e9s &#8211; chaque d\u00e9tail est fait avec amour et attention.<\/p>\n<p>La silhouette de la colombe en bois, peinte dans des teintes dor\u00e9es, est remplie de fleurs blanches qui apporteront du r\u00e9confort \u00e0 tous les c\u0153urs qu&rsquo;elle touchera.<\/p>\n","protected":false},"excerpt":{"rendered":"<p>Environ &#8211; 23 \u00ab\u00a0H x 28 L\u00a0\u00bb<\/p>\n","protected":false},"featured_media":67418,"comment_status":"open","ping_status":"closed","template":"","meta":{"_acf_changed":false},"recipe":[],"product_brand":[],"product_cat":[7623,7620,7619,7624],"product_tag":[],"class_list":{"0":"post-67434","1":"product","2":"type-product","3":"status-publish","4":"has-post-thumbnail","6":"product_cat-customized-specialties","7":"product_cat-fleurs-funeraires-montreal","8":"product_cat-funeral-flowers-montreal","9":"product_cat-pieces-personnalisees-funeraire","11":"first","12":"instock","13":"shipping-taxable","14":"purchasable","15":"product-type-simple"},"acf":[],"_links":{"self":[{"href":"https:\/\/lebouquet.brstdev.com\/fr\/wp-json\/wp\/v2\/product\/67434","targetHints":{"allow":["GET"]}}],"collection":[{"href":"https:\/\/lebouquet.brstdev.com\/fr\/wp-json\/wp\/v2\/product"}],"about":[{"href":"https:\/\/lebouquet.brstdev.com\/fr\/wp-json\/wp\/v2\/types\/product"}],"replies":[{"embeddable":true,"href":"https:\/\/lebouquet.brstdev.com\/fr\/wp-json\/wp\/v2\/comments?post=67434"}],"wp:featuredmedia":[{"embeddable":true,"href":"https:\/\/lebouquet.brstdev.com\/fr\/wp-json\/wp\/v2\/media\/67418"}],"wp:attachment":[{"href":"https:\/\/lebouquet.brstdev.com\/fr\/wp-json\/wp\/v2\/media?parent=67434"}],"wp:term":[{"taxonomy":"recipe","embeddable":true,"href":"https:\/\/lebouquet.brstdev.com\/fr\/wp-json\/wp\/v2\/recipe?post=67434"},{"taxonomy":"product_brand","embeddable":true,"href":"https:\/\/lebouquet.brstdev.com\/fr\/wp-json\/wp\/v2\/product_brand?post=67434"},{"taxonomy":"product_cat","embeddable":true,"href":"https:\/\/lebouquet.brstdev.com\/fr\/wp-json\/wp\/v2\/product_cat?post=67434"},{"taxonomy":"product_tag","embeddable":true,"href":"https:\/\/lebouquet.brstdev.com\/fr\/wp-json\/wp\/v2\/product_tag?post=67434"}],"curies":[{"name":"wp","href":"https:\/\/api.w.org\/{rel}","templated":true}]}}