{"id":67414,"date":"2024-01-19T10:13:59","date_gmt":"2024-01-19T15:13:59","guid":{"rendered":"https:\/\/lebouquetnew.brstdev.com\/om\/"},"modified":"2026-03-16T04:20:22","modified_gmt":"2026-03-16T08:20:22","slug":"om","status":"publish","type":"product","link":"https:\/\/lebouquet.brstdev.com\/fr\/om\/","title":{"rendered":"Om"},"content":{"rendered":"<p>Cette magnifique cr\u00e9ation Om est un hommage incroyable \u00e0 une personne sp\u00e9ciale, cr\u00e9\u00e9e avec des couleurs vives et des motifs captivants.<\/p>\n<p>De puissantes teintes rouges relient le mandala de fleurs blanches et jaunes en un symbole remarquable qui c\u00e9l\u00e8bre l&rsquo;hindouisme dans chaque d\u00e9tail.<\/p>\n<p>Choisissez entre le mod\u00e8le sandard, dont le centre est rempli d&rsquo;\u0153illets rouges, et le mod\u00e8le deluxe, compos\u00e9 de roses rouges.<\/p>\n<p><i>Mod\u00e8le deluxe photographi\u00e9.<\/i><\/p>\n","protected":false},"excerpt":{"rendered":"<p>Cette magnifique cr\u00e9ation Om est un hommage incroyable \u00e0 une personne sp\u00e9ciale, cr\u00e9\u00e9e avec des couleurs vives et des motifs captivants. De puissantes teintes rouges relient le mandala de fleurs blanches et jaunes en un symbole remarquable qui c\u00e9l\u00e8bre l&rsquo;hindouisme dans chaque d\u00e9tail. Choisissez entre le mod\u00e8le sandard, dont le centre est rempli d&rsquo;\u0153illets rouges, [&hellip;]<\/p>\n","protected":false},"featured_media":67385,"comment_status":"open","ping_status":"closed","template":"","meta":{"_acf_changed":false},"recipe":[],"product_brand":[],"product_cat":[7620,7624],"product_tag":[],"class_list":{"0":"post-67414","1":"product","2":"type-product","3":"status-publish","4":"has-post-thumbnail","6":"product_cat-fleurs-funeraires-montreal","7":"product_cat-pieces-personnalisees-funeraire","9":"first","10":"instock","11":"shipping-taxable","12":"purchasable","13":"product-type-simple"},"acf":[],"_links":{"self":[{"href":"https:\/\/lebouquet.brstdev.com\/fr\/wp-json\/wp\/v2\/product\/67414","targetHints":{"allow":["GET"]}}],"collection":[{"href":"https:\/\/lebouquet.brstdev.com\/fr\/wp-json\/wp\/v2\/product"}],"about":[{"href":"https:\/\/lebouquet.brstdev.com\/fr\/wp-json\/wp\/v2\/types\/product"}],"replies":[{"embeddable":true,"href":"https:\/\/lebouquet.brstdev.com\/fr\/wp-json\/wp\/v2\/comments?post=67414"}],"wp:featuredmedia":[{"embeddable":true,"href":"https:\/\/lebouquet.brstdev.com\/fr\/wp-json\/wp\/v2\/media\/67385"}],"wp:attachment":[{"href":"https:\/\/lebouquet.brstdev.com\/fr\/wp-json\/wp\/v2\/media?parent=67414"}],"wp:term":[{"taxonomy":"recipe","embeddable":true,"href":"https:\/\/lebouquet.brstdev.com\/fr\/wp-json\/wp\/v2\/recipe?post=67414"},{"taxonomy":"product_brand","embeddable":true,"href":"https:\/\/lebouquet.brstdev.com\/fr\/wp-json\/wp\/v2\/product_brand?post=67414"},{"taxonomy":"product_cat","embeddable":true,"href":"https:\/\/lebouquet.brstdev.com\/fr\/wp-json\/wp\/v2\/product_cat?post=67414"},{"taxonomy":"product_tag","embeddable":true,"href":"https:\/\/lebouquet.brstdev.com\/fr\/wp-json\/wp\/v2\/product_tag?post=67414"}],"curies":[{"name":"wp","href":"https:\/\/api.w.org\/{rel}","templated":true}]}}