{"id":67380,"date":"2024-01-19T10:13:47","date_gmt":"2024-01-19T15:13:47","guid":{"rendered":"https:\/\/lebouquetnew.brstdev.com\/hedgehog\/"},"modified":"2025-08-13T06:04:41","modified_gmt":"2025-08-13T10:04:41","slug":"herisson","status":"publish","type":"product","link":"https:\/\/lebouquet.brstdev.com\/fr\/herisson\/","title":{"rendered":"H\u00e9risson Champignon"},"content":{"rendered":"<p>Faites sourire quelqu\u2019un avec cet adorable h\u00e9risson en peluche de 5 pouces tenant un champignon rouge vif. Doux, c\u00e2lin et plein de charme forestier, ce h\u00e9risson est un cadeau attentionn\u00e9 pour les amoureux de la nature, ou toute personne qui appr\u00e9cie les souvenirs mignons. Parfait pour toutes les occasions, il apportera une touche unique et r\u00e9confortante \u00e0 la journ\u00e9e de quelqu\u2019un.<\/p>\n","protected":false},"excerpt":{"rendered":"<p>Faites sourire quelqu\u2019un avec cet adorable h\u00e9risson en peluche de 5 pouces tenant un champignon rouge vif. Doux, c\u00e2lin et plein de charme forestier, ce h\u00e9risson est un cadeau attentionn\u00e9 pour les amoureux de la nature, ou toute personne qui appr\u00e9cie les souvenirs mignons. Parfait pour toutes les occasions, il apportera une touche unique et [&hellip;]<\/p>\n","protected":false},"featured_media":102205,"comment_status":"open","ping_status":"closed","template":"","meta":{"_acf_changed":false,"inline_featured_image":false},"recipe":[],"product_brand":[],"product_cat":[7648,7569,7647,7652,17153,7651,7572,7571],"product_tag":[],"class_list":{"0":"post-67380","1":"product","2":"type-product","3":"status-publish","4":"has-post-thumbnail","6":"product_cat-cadeaux","7":"product_cat-occasions","8":"product_cat-gift-shop","9":"product_cat-jouets-en-peluche","10":"product_cat-occasions-fr","11":"product_cat-plush-toys","12":"product_cat-saint-valentin","13":"product_cat-valentines","15":"first","16":"instock","17":"shipping-taxable","18":"purchasable","19":"product-type-simple"},"acf":[],"_links":{"self":[{"href":"https:\/\/lebouquet.brstdev.com\/fr\/wp-json\/wp\/v2\/product\/67380","targetHints":{"allow":["GET"]}}],"collection":[{"href":"https:\/\/lebouquet.brstdev.com\/fr\/wp-json\/wp\/v2\/product"}],"about":[{"href":"https:\/\/lebouquet.brstdev.com\/fr\/wp-json\/wp\/v2\/types\/product"}],"replies":[{"embeddable":true,"href":"https:\/\/lebouquet.brstdev.com\/fr\/wp-json\/wp\/v2\/comments?post=67380"}],"wp:featuredmedia":[{"embeddable":true,"href":"https:\/\/lebouquet.brstdev.com\/fr\/wp-json\/wp\/v2\/media\/102205"}],"wp:attachment":[{"href":"https:\/\/lebouquet.brstdev.com\/fr\/wp-json\/wp\/v2\/media?parent=67380"}],"wp:term":[{"taxonomy":"recipe","embeddable":true,"href":"https:\/\/lebouquet.brstdev.com\/fr\/wp-json\/wp\/v2\/recipe?post=67380"},{"taxonomy":"product_brand","embeddable":true,"href":"https:\/\/lebouquet.brstdev.com\/fr\/wp-json\/wp\/v2\/product_brand?post=67380"},{"taxonomy":"product_cat","embeddable":true,"href":"https:\/\/lebouquet.brstdev.com\/fr\/wp-json\/wp\/v2\/product_cat?post=67380"},{"taxonomy":"product_tag","embeddable":true,"href":"https:\/\/lebouquet.brstdev.com\/fr\/wp-json\/wp\/v2\/product_tag?post=67380"}],"curies":[{"name":"wp","href":"https:\/\/api.w.org\/{rel}","templated":true}]}}