{"id":67328,"date":"2024-01-19T10:13:16","date_gmt":"2024-01-19T15:13:16","guid":{"rendered":"https:\/\/lebouquetnew.brstdev.com\/mini-immortal-rose\/"},"modified":"2025-08-13T06:04:43","modified_gmt":"2025-08-13T10:04:43","slug":"mini-rose-immortelle","status":"publish","type":"product","link":"https:\/\/lebouquet.brstdev.com\/fr\/mini-rose-immortelle\/","title":{"rendered":"Mini Rose \u00c9ternelle"},"content":{"rendered":"<p>C\u00e9l\u00e9brez la beaut\u00e9 \u00e9ternelle avec notre Mini Rose \u00c9ternelle. La rose immortelle est une vraie rose qui est trait\u00e9e pour durer \u00e9ternellement! Enferm\u00e9e dans un charmant d\u00f4me en verre mesurant environ 2 pouces de haut, cette rose pr\u00e9serv\u00e9e symbolise l&rsquo;amour intemporel et l&rsquo;\u00e9l\u00e9gance. Sa petite taille en fait le cadeau parfait pour vos proches, un \u00e9l\u00e9ment de d\u00e9coration raffin\u00e9 ou un souvenir enchanteur \u00e0 conserver pour toujours. Apportez une touche de magie et de sophistication \u00e0 tout espace avec ce pr\u00e9cieux objet.<\/p>\n","protected":false},"excerpt":{"rendered":"<p>Environ &#8211; 2&Prime; H<\/p>\n","protected":false},"featured_media":102296,"comment_status":"open","ping_status":"closed","template":"","meta":{"_acf_changed":false,"inline_featured_image":false},"recipe":[],"product_brand":[],"product_cat":[7560,7559,7569,17153,7561,7562,7572,7571],"product_tag":[],"class_list":{"0":"post-67328","1":"product","2":"type-product","3":"status-publish","4":"has-post-thumbnail","6":"product_cat-fleurs-2-2","7":"product_cat-flowers","8":"product_cat-occasions","9":"product_cat-occasions-fr","10":"product_cat-roses","11":"product_cat-roses-fr","12":"product_cat-saint-valentin","13":"product_cat-valentines","15":"first","16":"instock","17":"shipping-taxable","18":"purchasable","19":"product-type-simple"},"acf":[],"_links":{"self":[{"href":"https:\/\/lebouquet.brstdev.com\/fr\/wp-json\/wp\/v2\/product\/67328","targetHints":{"allow":["GET"]}}],"collection":[{"href":"https:\/\/lebouquet.brstdev.com\/fr\/wp-json\/wp\/v2\/product"}],"about":[{"href":"https:\/\/lebouquet.brstdev.com\/fr\/wp-json\/wp\/v2\/types\/product"}],"replies":[{"embeddable":true,"href":"https:\/\/lebouquet.brstdev.com\/fr\/wp-json\/wp\/v2\/comments?post=67328"}],"wp:featuredmedia":[{"embeddable":true,"href":"https:\/\/lebouquet.brstdev.com\/fr\/wp-json\/wp\/v2\/media\/102296"}],"wp:attachment":[{"href":"https:\/\/lebouquet.brstdev.com\/fr\/wp-json\/wp\/v2\/media?parent=67328"}],"wp:term":[{"taxonomy":"recipe","embeddable":true,"href":"https:\/\/lebouquet.brstdev.com\/fr\/wp-json\/wp\/v2\/recipe?post=67328"},{"taxonomy":"product_brand","embeddable":true,"href":"https:\/\/lebouquet.brstdev.com\/fr\/wp-json\/wp\/v2\/product_brand?post=67328"},{"taxonomy":"product_cat","embeddable":true,"href":"https:\/\/lebouquet.brstdev.com\/fr\/wp-json\/wp\/v2\/product_cat?post=67328"},{"taxonomy":"product_tag","embeddable":true,"href":"https:\/\/lebouquet.brstdev.com\/fr\/wp-json\/wp\/v2\/product_tag?post=67328"}],"curies":[{"name":"wp","href":"https:\/\/api.w.org\/{rel}","templated":true}]}}