{"id":67295,"date":"2024-01-19T10:12:45","date_gmt":"2024-01-19T15:12:45","guid":{"rendered":"https:\/\/lebouquetnew.brstdev.com\/custom-birthday-pick\/"},"modified":"2026-03-28T03:31:05","modified_gmt":"2026-03-28T07:31:05","slug":"pic-danniversaire-customise","status":"publish","type":"product","link":"https:\/\/lebouquet.brstdev.com\/fr\/pic-danniversaire-customise\/","title":{"rendered":"Pic d&rsquo;anniversaire customis\u00e9"},"content":{"rendered":"<p>3 NOUVEAUX mod\u00e8les de pics d&rsquo;anniversaire personnalis\u00e9s !<\/p>\n<p>Ce pic sera ajout\u00e9 \u00e0 votre bouquet et pourra \u00eatre gard\u00e9 comme souvenir pour la personne.<\/p>\n<p>Les signes sont fabriqu\u00e9s en acrylique, et il y a 3 choix de couleurs : noir, or rose et p\u00eache.<\/p>\n<p>Personnalisez votre bouquet d&rsquo;anniversaire maintenant !<\/p>\n<p>Lors du paiement, indiquez l&rsquo;\u00e2ge sur la premi\u00e8re ligne et le nom sur la deuxi\u00e8me ligne.<\/p>\n","protected":false},"excerpt":{"rendered":"<p>3 NOUVEAUX mod\u00e8les de pics d&rsquo;anniversaire personnalis\u00e9s ! Ce pic sera ajout\u00e9 \u00e0 votre bouquet et pourra \u00eatre gard\u00e9 comme souvenir pour la personne. Les signes sont fabriqu\u00e9s en acrylique, et il y a 3 choix de couleurs : noir, or rose et p\u00eache. Personnalisez votre bouquet d&rsquo;anniversaire maintenant ! Lors du paiement, indiquez l&rsquo;\u00e2ge [&hellip;]<\/p>\n","protected":false},"featured_media":67224,"comment_status":"open","ping_status":"closed","template":"","meta":{"_acf_changed":false},"recipe":[],"product_brand":[],"product_cat":[7592,7591,7648,17153,7569,7647,7661,7662],"product_tag":[],"class_list":{"0":"post-67295","1":"product","2":"type-product","3":"status-publish","4":"has-post-thumbnail","6":"product_cat-anniversaire-de-naissance","7":"product_cat-birthdays","8":"product_cat-cadeaux","9":"product_cat-fleurs-occasions-montreal","10":"product_cat-flower-occasions-montreal","11":"product_cat-gift-shop","12":"product_cat-personalize-it","13":"product_cat-personnalise-cadeaux","15":"first","16":"instock","17":"shipping-taxable","18":"purchasable","19":"product-type-simple"},"acf":[],"_links":{"self":[{"href":"https:\/\/lebouquet.brstdev.com\/fr\/wp-json\/wp\/v2\/product\/67295","targetHints":{"allow":["GET"]}}],"collection":[{"href":"https:\/\/lebouquet.brstdev.com\/fr\/wp-json\/wp\/v2\/product"}],"about":[{"href":"https:\/\/lebouquet.brstdev.com\/fr\/wp-json\/wp\/v2\/types\/product"}],"replies":[{"embeddable":true,"href":"https:\/\/lebouquet.brstdev.com\/fr\/wp-json\/wp\/v2\/comments?post=67295"}],"wp:featuredmedia":[{"embeddable":true,"href":"https:\/\/lebouquet.brstdev.com\/fr\/wp-json\/wp\/v2\/media\/67224"}],"wp:attachment":[{"href":"https:\/\/lebouquet.brstdev.com\/fr\/wp-json\/wp\/v2\/media?parent=67295"}],"wp:term":[{"taxonomy":"recipe","embeddable":true,"href":"https:\/\/lebouquet.brstdev.com\/fr\/wp-json\/wp\/v2\/recipe?post=67295"},{"taxonomy":"product_brand","embeddable":true,"href":"https:\/\/lebouquet.brstdev.com\/fr\/wp-json\/wp\/v2\/product_brand?post=67295"},{"taxonomy":"product_cat","embeddable":true,"href":"https:\/\/lebouquet.brstdev.com\/fr\/wp-json\/wp\/v2\/product_cat?post=67295"},{"taxonomy":"product_tag","embeddable":true,"href":"https:\/\/lebouquet.brstdev.com\/fr\/wp-json\/wp\/v2\/product_tag?post=67295"}],"curies":[{"name":"wp","href":"https:\/\/api.w.org\/{rel}","templated":true}]}}