{"id":66942,"date":"2024-01-19T10:10:21","date_gmt":"2024-01-19T15:10:21","guid":{"rendered":"https:\/\/lebouquetnew.brstdev.com\/douglas-cats\/"},"modified":"2026-01-23T07:30:01","modified_gmt":"2026-01-23T12:30:01","slug":"douglas-les-chatons","status":"publish","type":"product","link":"https:\/\/lebouquet.brstdev.com\/fr\/douglas-les-chatons\/","title":{"rendered":"Douglas les chatons"},"content":{"rendered":"<p>Tellement doux et d&rsquo;allure r\u00e9elle, ce petit chaton en peluche est le toutou parfait comme ami de compagnie. Les petits chatons Douglas pr\u00e9f\u00e8rent rester ensemble en duo car ils sont des amis ins\u00e9parables, mais\u00a0ils seraient tout aussi heureux de se retrouver cajol\u00e9s par leur nouveau maitre aussi.<\/p>\n<p>Mesure environ: 11&Prime; de haut<\/p>\n","protected":false},"excerpt":{"rendered":"<p>Tellement doux et d&rsquo;allure r\u00e9elle, ce petit chaton en peluche est le toutou parfait comme ami de compagnie. Les petits chatons Douglas pr\u00e9f\u00e8rent rester ensemble en duo car ils sont des amis ins\u00e9parables, mais\u00a0ils seraient tout aussi heureux de se retrouver cajol\u00e9s par leur nouveau maitre aussi. Mesure environ: 11&Prime; de haut<\/p>\n","protected":false},"featured_media":66903,"comment_status":"open","ping_status":"closed","template":"","meta":{"_acf_changed":false},"recipe":[],"product_brand":[],"product_cat":[7648,7652],"product_tag":[],"class_list":{"0":"post-66942","1":"product","2":"type-product","3":"status-publish","4":"has-post-thumbnail","6":"product_cat-cadeaux","7":"product_cat-jouets-en-peluche","9":"first","10":"instock","11":"shipping-taxable","12":"purchasable","13":"product-type-simple"},"acf":[],"_links":{"self":[{"href":"https:\/\/lebouquet.brstdev.com\/fr\/wp-json\/wp\/v2\/product\/66942","targetHints":{"allow":["GET"]}}],"collection":[{"href":"https:\/\/lebouquet.brstdev.com\/fr\/wp-json\/wp\/v2\/product"}],"about":[{"href":"https:\/\/lebouquet.brstdev.com\/fr\/wp-json\/wp\/v2\/types\/product"}],"replies":[{"embeddable":true,"href":"https:\/\/lebouquet.brstdev.com\/fr\/wp-json\/wp\/v2\/comments?post=66942"}],"wp:featuredmedia":[{"embeddable":true,"href":"https:\/\/lebouquet.brstdev.com\/fr\/wp-json\/wp\/v2\/media\/66903"}],"wp:attachment":[{"href":"https:\/\/lebouquet.brstdev.com\/fr\/wp-json\/wp\/v2\/media?parent=66942"}],"wp:term":[{"taxonomy":"recipe","embeddable":true,"href":"https:\/\/lebouquet.brstdev.com\/fr\/wp-json\/wp\/v2\/recipe?post=66942"},{"taxonomy":"product_brand","embeddable":true,"href":"https:\/\/lebouquet.brstdev.com\/fr\/wp-json\/wp\/v2\/product_brand?post=66942"},{"taxonomy":"product_cat","embeddable":true,"href":"https:\/\/lebouquet.brstdev.com\/fr\/wp-json\/wp\/v2\/product_cat?post=66942"},{"taxonomy":"product_tag","embeddable":true,"href":"https:\/\/lebouquet.brstdev.com\/fr\/wp-json\/wp\/v2\/product_tag?post=66942"}],"curies":[{"name":"wp","href":"https:\/\/api.w.org\/{rel}","templated":true}]}}