{"id":66836,"date":"2024-01-19T10:06:35","date_gmt":"2024-01-19T15:06:35","guid":{"rendered":"https:\/\/lebouquetnew.brstdev.com\/custom-word-sign\/"},"modified":"2025-08-13T06:20:51","modified_gmt":"2025-08-13T10:20:51","slug":"plaque-de-mots-personnalisee","status":"publish","type":"product","link":"https:\/\/lebouquet.brstdev.com\/fr\/plaque-de-mots-personnalisee\/","title":{"rendered":"Plaque de mots personnalis\u00e9e"},"content":{"rendered":"<p>Le mot-signe acrylique personnalis\u00e9 est une alternative moderne \u00e0 la banni\u00e8re.&nbsp;<\/p>\n<p>Placez-le en travers de votre composition florale et vous aurez vraiment quelque chose de personnel et de sp\u00e9cial pour honorer l&rsquo;\u00eatre aim\u00e9.<\/p>\n<p>Choisissez parmi nos signes verbaux pr\u00e9d\u00e9finis (maman, papa, maman, papa, Nonna et Nonno) ou personnalisez votre propre message.<\/p>\n<p><i>Veuillez noter que tout article personnalis\u00e9 a un d\u00e9lai de production d&rsquo;un minimum de 3 jours.<\/i><\/p>\n","protected":false},"excerpt":{"rendered":"<p><i>Fleurs non incluses.<\/i><\/p>\n","protected":false},"featured_media":66807,"comment_status":"open","ping_status":"closed","template":"","meta":{"_acf_changed":false},"recipe":[],"product_brand":[],"product_cat":[7648,7623,7620,7619,7647,7661,7662,7624],"product_tag":[],"class_list":{"0":"post-66836","1":"product","2":"type-product","3":"status-publish","4":"has-post-thumbnail","6":"product_cat-cadeaux","7":"product_cat-customized-specialties","8":"product_cat-fleurs-funeraires-montreal","9":"product_cat-funeral-flowers-montreal","10":"product_cat-gift-shop","11":"product_cat-personalize-it","12":"product_cat-personnalise-cadeaux","13":"product_cat-pieces-personnalisees-funeraire","15":"first","16":"instock","17":"shipping-taxable","18":"purchasable","19":"product-type-simple"},"acf":[],"_links":{"self":[{"href":"https:\/\/lebouquet.brstdev.com\/fr\/wp-json\/wp\/v2\/product\/66836","targetHints":{"allow":["GET"]}}],"collection":[{"href":"https:\/\/lebouquet.brstdev.com\/fr\/wp-json\/wp\/v2\/product"}],"about":[{"href":"https:\/\/lebouquet.brstdev.com\/fr\/wp-json\/wp\/v2\/types\/product"}],"replies":[{"embeddable":true,"href":"https:\/\/lebouquet.brstdev.com\/fr\/wp-json\/wp\/v2\/comments?post=66836"}],"wp:featuredmedia":[{"embeddable":true,"href":"https:\/\/lebouquet.brstdev.com\/fr\/wp-json\/wp\/v2\/media\/66807"}],"wp:attachment":[{"href":"https:\/\/lebouquet.brstdev.com\/fr\/wp-json\/wp\/v2\/media?parent=66836"}],"wp:term":[{"taxonomy":"recipe","embeddable":true,"href":"https:\/\/lebouquet.brstdev.com\/fr\/wp-json\/wp\/v2\/recipe?post=66836"},{"taxonomy":"product_brand","embeddable":true,"href":"https:\/\/lebouquet.brstdev.com\/fr\/wp-json\/wp\/v2\/product_brand?post=66836"},{"taxonomy":"product_cat","embeddable":true,"href":"https:\/\/lebouquet.brstdev.com\/fr\/wp-json\/wp\/v2\/product_cat?post=66836"},{"taxonomy":"product_tag","embeddable":true,"href":"https:\/\/lebouquet.brstdev.com\/fr\/wp-json\/wp\/v2\/product_tag?post=66836"}],"curies":[{"name":"wp","href":"https:\/\/api.w.org\/{rel}","templated":true}]}}