{"id":66761,"date":"2024-01-19T10:05:36","date_gmt":"2024-01-19T15:05:36","guid":{"rendered":"https:\/\/lebouquetnew.brstdev.com\/cal-the-brown-bear\/"},"modified":"2025-12-16T01:19:41","modified_gmt":"2025-12-16T06:19:41","slug":"cal-lours-brun","status":"publish","type":"product","link":"https:\/\/lebouquet.brstdev.com\/fr\/cal-lours-brun\/","title":{"rendered":"Cal l&rsquo;ours brun"},"content":{"rendered":"<p>L&rsquo;ours brun du Canada a maintenant son toutou enbl\u00e9matique chez Le Bouquet. Il est doux et cherche un ami pour le cajoler. Il aime son environnement en boutique, mais il pr\u00e9f\u00e9rerait \u00eatre dans les bras d&rsquo;un enfant \ud83d\ude42<\/p>\n<p>Mesure environ 10&Prime; assis<\/p>\n","protected":false},"excerpt":{"rendered":"<p>L&rsquo;ours brun du Canada a maintenant son toutou enbl\u00e9matique chez Le Bouquet. Il est doux et cherche un ami pour le cajoler. Il aime son environnement en boutique, mais il pr\u00e9f\u00e9rerait \u00eatre dans les bras d&rsquo;un enfant \ud83d\ude42 Mesure environ 10&Prime; assis<\/p>\n","protected":false},"featured_media":66750,"comment_status":"open","ping_status":"closed","template":"","meta":{"_acf_changed":false},"recipe":[],"product_brand":[],"product_cat":[7648,7652],"product_tag":[],"class_list":{"0":"post-66761","1":"product","2":"type-product","3":"status-publish","4":"has-post-thumbnail","6":"product_cat-cadeaux","7":"product_cat-jouets-en-peluche","9":"first","10":"instock","11":"shipping-taxable","12":"purchasable","13":"product-type-simple"},"acf":[],"_links":{"self":[{"href":"https:\/\/lebouquet.brstdev.com\/fr\/wp-json\/wp\/v2\/product\/66761","targetHints":{"allow":["GET"]}}],"collection":[{"href":"https:\/\/lebouquet.brstdev.com\/fr\/wp-json\/wp\/v2\/product"}],"about":[{"href":"https:\/\/lebouquet.brstdev.com\/fr\/wp-json\/wp\/v2\/types\/product"}],"replies":[{"embeddable":true,"href":"https:\/\/lebouquet.brstdev.com\/fr\/wp-json\/wp\/v2\/comments?post=66761"}],"wp:featuredmedia":[{"embeddable":true,"href":"https:\/\/lebouquet.brstdev.com\/fr\/wp-json\/wp\/v2\/media\/66750"}],"wp:attachment":[{"href":"https:\/\/lebouquet.brstdev.com\/fr\/wp-json\/wp\/v2\/media?parent=66761"}],"wp:term":[{"taxonomy":"recipe","embeddable":true,"href":"https:\/\/lebouquet.brstdev.com\/fr\/wp-json\/wp\/v2\/recipe?post=66761"},{"taxonomy":"product_brand","embeddable":true,"href":"https:\/\/lebouquet.brstdev.com\/fr\/wp-json\/wp\/v2\/product_brand?post=66761"},{"taxonomy":"product_cat","embeddable":true,"href":"https:\/\/lebouquet.brstdev.com\/fr\/wp-json\/wp\/v2\/product_cat?post=66761"},{"taxonomy":"product_tag","embeddable":true,"href":"https:\/\/lebouquet.brstdev.com\/fr\/wp-json\/wp\/v2\/product_tag?post=66761"}],"curies":[{"name":"wp","href":"https:\/\/api.w.org\/{rel}","templated":true}]}}